{"id":2243,"date":"2022-01-18T10:31:21","date_gmt":"2022-01-18T09:31:21","guid":{"rendered":"https:\/\/www.parthages.be\/eboutique\/?post_type=product&#038;p=2243"},"modified":"2022-03-23T17:26:13","modified_gmt":"2022-03-23T16:26:13","slug":"lautonomie-pas-a-pas-enseigner-les-competences-quotidiennes-aux-enfants-qui-ont-des-difficultes-dapprentissage","status":"publish","type":"product","link":"https:\/\/www.parthages.be\/eboutique\/produit\/lautonomie-pas-a-pas-enseigner-les-competences-quotidiennes-aux-enfants-qui-ont-des-difficultes-dapprentissage\/","title":{"rendered":"L&rsquo;autonomie pas \u00e0 pas : Enseigner les comp\u00e9tences quotidiennes aux enfants qui ont des difficult\u00e9s d&rsquo;apprentissage"},"content":{"rendered":"<p>Cet ouvrage est destin\u00e9 aux parents d&rsquo;enfants qui ont un quelconque degr\u00e9 de retard de d\u00e9veloppement : retard mental, autisme, d\u00e9ficit de l&rsquo;apprentissage, trouble du d\u00e9veloppement. Il est fond\u00e9 sur un a priori simple : les parents sont les premiers et les plus influents \u00e9ducateurs de leurs enfants. L&rsquo;objectif de ce livre est d&rsquo;aider ces parents \u00e0 enseigner \u00e0 leur enfant tout ce qui lui permettra d&rsquo;acqu\u00e9rir la plus grande autonomie possible dans tous les domaines de la vie quotidienne : hygi\u00e8ne, propret\u00e9, vie de la maison, jeu etc. Mais aussi les comp\u00e9tences de base de l&rsquo;autonomie dans la cit\u00e9 : l&rsquo;argent, l&rsquo;heure, la compr\u00e9hension des mots essentiels. Et parce que c&rsquo;est essentiel \u00e0 l&rsquo;autonomie et \u00e0 la vie sociale, nous abordons aussi la gestion des probl\u00e8mes de comportement. Bas\u00e9 sur plus de trente ans de travail avec les parents, illustr\u00e9 et plein d&rsquo;humour, l&rsquo;Autonomie Pas \u00e0 Pas est un alli\u00e9 fid\u00e8le. (Pr\u00e9sentation de l&rsquo;\u00e9diteur)<\/p>\n<p>&nbsp;<\/p>\n<p>BAKER B L., BRIGHTMAN A J., BLACHER J B.,<\/p>\n<p>HINSHAW S P., HEIFETZ L J., MURPHY D M.<\/p>\n<p>Editions AFD<\/p>\n<p>2013 -412p.-700g -29,90\u20ac<\/p>\n<p>ISBN: 978-2-9171-5006-1<\/p>\n<p>Cote doc: 11-BAK-A<\/p>\n<span class=\"et_bloom_bottom_trigger\"><\/span>","protected":false},"excerpt":{"rendered":"<p>Cet ouvrage est destin\u00e9 aux parents d&rsquo;enfants qui ont un quelconque degr\u00e9 de retard de d\u00e9veloppement<\/p>\n","protected":false},"featured_media":2244,"comment_status":"closed","ping_status":"closed","template":"","meta":{"_et_pb_use_builder":"","_et_pb_old_content":"","_et_gb_content_width":"","spay_email":""},"class_list":["post-2243","product","type-product","status-publish","has-post-thumbnail","hentry","product_cat-livres","product_tag-autisme","product_tag-autonomie","product_tag-education","product_tag-enfant","product_tag-gestion","product_tag-trouble-du-comportement","product_tag-trouble-du-developpement","product_tag-vie-quotidienne"],"jetpack_sharing_enabled":true,"jetpack_likes_enabled":true,"_links":{"self":[{"href":"https:\/\/www.parthages.be\/eboutique\/wp-json\/wp\/v2\/product\/2243","targetHints":{"allow":["GET"]}}],"collection":[{"href":"https:\/\/www.parthages.be\/eboutique\/wp-json\/wp\/v2\/product"}],"about":[{"href":"https:\/\/www.parthages.be\/eboutique\/wp-json\/wp\/v2\/types\/product"}],"replies":[{"embeddable":true,"href":"https:\/\/www.parthages.be\/eboutique\/wp-json\/wp\/v2\/comments?post=2243"}],"wp:featuredmedia":[{"embeddable":true,"href":"https:\/\/www.parthages.be\/eboutique\/wp-json\/wp\/v2\/media\/2244"}],"wp:attachment":[{"href":"https:\/\/www.parthages.be\/eboutique\/wp-json\/wp\/v2\/media?parent=2243"}],"curies":[{"name":"wp","href":"https:\/\/api.w.org\/{rel}","templated":true}]}}