{"id":2246,"date":"2022-01-18T10:33:53","date_gmt":"2022-01-18T09:33:53","guid":{"rendered":"https:\/\/www.parthages.be\/eboutique\/?post_type=product&#038;p=2246"},"modified":"2022-01-18T10:33:53","modified_gmt":"2022-01-18T09:33:53","slug":"acces-des-etudiants-handicapes-a-lenseignement-superieur-possibilites-daccompagnement-et-facilitations","status":"publish","type":"product","link":"https:\/\/www.parthages.be\/eboutique\/produit\/acces-des-etudiants-handicapes-a-lenseignement-superieur-possibilites-daccompagnement-et-facilitations\/","title":{"rendered":"Acc\u00e8s des \u00e9tudiants handicap\u00e9s \u00e0 l&rsquo;enseignement sup\u00e9rieur: possibilit\u00e9s d&rsquo;accompagnement et facilitations"},"content":{"rendered":"<p>Ce dossier propose un large regard au-del\u00e0 des fronti\u00e8res suisses sur les r\u00e9ponses et les r\u00e9alisations de divers pays en mati\u00e8re d&rsquo;acc\u00e8s des \u00e9tudiants handicap\u00e9s \u00e0 l&rsquo;enseignement sup\u00e9rieur. Des adresses de contact, des adresses de sites Internet ainsi qu&rsquo;une liste bibliographique compl\u00e8tent ce dossier.<\/p>\n<p><strong><em>\u00a0<\/em><\/strong><\/p>\n<p>Dossier<\/p>\n<p>Edition SZH\/SPC<\/p>\n<p>2000 -98p.<\/p>\n<p>Cote doc: 4-50-BES-A<\/p>\n<p>&nbsp;<\/p>\n<p><strong><em>Uniquement \u00e0 la location<\/em><\/strong><\/p>\n<span class=\"et_bloom_bottom_trigger\"><\/span>","protected":false},"excerpt":{"rendered":"<p>Ce dossier propose un large regard au-del\u00e0 des fronti\u00e8res suisses sur les r\u00e9ponses et les r\u00e9alisations de divers pays en mati\u00e8re d&rsquo;acc\u00e8s des \u00e9tudiants handicap\u00e9s \u00e0 l&rsquo;enseignement sup\u00e9rieur.<\/p>\n","protected":false},"featured_media":2247,"comment_status":"closed","ping_status":"closed","template":"","meta":{"_et_pb_use_builder":"","_et_pb_old_content":"","_et_gb_content_width":"","spay_email":""},"class_list":["post-2246","product","type-product","status-publish","has-post-thumbnail","hentry","product_cat-livres","product_tag-acces","product_tag-action","product_tag-aide","product_tag-enseignement-superieur","product_tag-etudiant","product_tag-integration-scolaire","product_tag-internet","product_tag-personne-handicapee","product_tag-suisse","product_tag-universite"],"jetpack_sharing_enabled":true,"jetpack_likes_enabled":true,"_links":{"self":[{"href":"https:\/\/www.parthages.be\/eboutique\/wp-json\/wp\/v2\/product\/2246","targetHints":{"allow":["GET"]}}],"collection":[{"href":"https:\/\/www.parthages.be\/eboutique\/wp-json\/wp\/v2\/product"}],"about":[{"href":"https:\/\/www.parthages.be\/eboutique\/wp-json\/wp\/v2\/types\/product"}],"replies":[{"embeddable":true,"href":"https:\/\/www.parthages.be\/eboutique\/wp-json\/wp\/v2\/comments?post=2246"}],"wp:featuredmedia":[{"embeddable":true,"href":"https:\/\/www.parthages.be\/eboutique\/wp-json\/wp\/v2\/media\/2247"}],"wp:attachment":[{"href":"https:\/\/www.parthages.be\/eboutique\/wp-json\/wp\/v2\/media?parent=2246"}],"curies":[{"name":"wp","href":"https:\/\/api.w.org\/{rel}","templated":true}]}}