{"id":2252,"date":"2022-01-18T10:50:14","date_gmt":"2022-01-18T09:50:14","guid":{"rendered":"https:\/\/www.parthages.be\/eboutique\/?post_type=product&#038;p=2252"},"modified":"2022-01-18T10:50:14","modified_gmt":"2022-01-18T09:50:14","slug":"les-sourds-dans-la-ville-surdites-et-accessibilite","status":"publish","type":"product","link":"https:\/\/www.parthages.be\/eboutique\/produit\/les-sourds-dans-la-ville-surdites-et-accessibilite\/","title":{"rendered":"Les sourds dans la ville &#8211; Surdit\u00e9s et accessibilit\u00e9"},"content":{"rendered":"<p>Ce guide pratique explique tous les aspects de la surdit\u00e9 et d\u00e9crit toutes les aides techniques (avec conseils de choix et d&rsquo;installation) et humaines pouvant \u00eatre mises en place pour une bonne accessibilit\u00e9 des lieux pour les personnes d\u00e9ficientes auditives. Enti\u00e8rement r\u00e9\u00e9crite et compl\u00e9t\u00e9e par son auteur Marc Renard, cette nouvelle version int\u00e8gre notamment les textes d&rsquo;application de la loi du 11 f\u00e9vrier 2005 pour l&rsquo;\u00e9galit\u00e9 des droits et des chances, la participation et la citoyennet\u00e9 des personnes handicap\u00e9es et des chapitres g\u00e9n\u00e9raux. On trouve au c\u0153ur de l&rsquo;ouvrage des solutions pour r\u00e9pondre aux besoins sp\u00e9cifiques des personnes sourdes et malentendantes.<\/p>\n<p>&nbsp;<\/p>\n<p>RENARD M.<\/p>\n<p>Edition du FOX<\/p>\n<p>2008 -574p.<\/p>\n<p>Cote doc: 4-40-REN-S<\/p>\n<p>&nbsp;<\/p>\n<p><strong><em>Uniquement \u00e0 la location<\/em><\/strong><\/p>\n<span class=\"et_bloom_bottom_trigger\"><\/span>","protected":false},"excerpt":{"rendered":"<p>Ce guide pratique explique tous les aspects de la surdit\u00e9 et d\u00e9crit toutes les aides techniques (avec conseils de choix et d&rsquo;installation) et humaines pouvant \u00eatre mises en place pour une bonne accessibilit\u00e9 des lieux pour les personnes d\u00e9ficientes auditives.<\/p>\n","protected":false},"featured_media":2253,"comment_status":"closed","ping_status":"closed","template":"","meta":{"_et_pb_use_builder":"","_et_pb_old_content":"","_et_gb_content_width":"","spay_email":""},"class_list":["post-2252","product","type-product","status-publish","has-post-thumbnail","hentry","product_cat-livres","product_tag-acces-aux-soins","product_tag-accessibilite","product_tag-adolescent","product_tag-adulte","product_tag-aide-technique","product_tag-classification","product_tag-enfant","product_tag-france","product_tag-legislation","product_tag-statistique","product_tag-surdite","product_tag-vie-quotidienne","product_tag-vie-sociale","product_tag-ville"],"jetpack_sharing_enabled":true,"jetpack_likes_enabled":true,"_links":{"self":[{"href":"https:\/\/www.parthages.be\/eboutique\/wp-json\/wp\/v2\/product\/2252","targetHints":{"allow":["GET"]}}],"collection":[{"href":"https:\/\/www.parthages.be\/eboutique\/wp-json\/wp\/v2\/product"}],"about":[{"href":"https:\/\/www.parthages.be\/eboutique\/wp-json\/wp\/v2\/types\/product"}],"replies":[{"embeddable":true,"href":"https:\/\/www.parthages.be\/eboutique\/wp-json\/wp\/v2\/comments?post=2252"}],"wp:featuredmedia":[{"embeddable":true,"href":"https:\/\/www.parthages.be\/eboutique\/wp-json\/wp\/v2\/media\/2253"}],"wp:attachment":[{"href":"https:\/\/www.parthages.be\/eboutique\/wp-json\/wp\/v2\/media?parent=2252"}],"curies":[{"name":"wp","href":"https:\/\/api.w.org\/{rel}","templated":true}]}}