{"id":2254,"date":"2022-01-18T10:51:11","date_gmt":"2022-01-18T09:51:11","guid":{"rendered":"https:\/\/www.parthages.be\/eboutique\/?post_type=product&#038;p=2254"},"modified":"2022-01-18T10:51:12","modified_gmt":"2022-01-18T09:51:12","slug":"discheck-besoins-attendus-par-les-consommateurs-a-mobilite-reduite-et-reponses-des-lieux-ouverts-au-public","status":"publish","type":"product","link":"https:\/\/www.parthages.be\/eboutique\/produit\/discheck-besoins-attendus-par-les-consommateurs-a-mobilite-reduite-et-reponses-des-lieux-ouverts-au-public\/","title":{"rendered":"Discheck : besoins attendus par les consommateurs \u00e0 mobilit\u00e9 r\u00e9duite et r\u00e9ponses des lieux ouverts au public"},"content":{"rendered":"<p>L&rsquo;objectif de cette \u00e9tude est d&rsquo;\u00e9valuer l&rsquo;accessibilit\u00e9 des lieux ouverts au public pour le consommateur \u00e0 mobilit\u00e9 r\u00e9duite (PMR, malvoyants, aveugles, malentendants, sourds,&#8230;). Men\u00e9e en Wallonie, cette \u00e9tude a \u00e9t\u00e9 l&rsquo;occasion de visiter 722 lieux ouverts au public: implantations commerciales (grandes surfaces, centres commerciaux, d\u00e9taillants, agences bancaires), \u00e9tablissements de l&rsquo;Horeca, lieux publics. Chacun d&rsquo;eux a \u00e9t\u00e9 analys\u00e9 selon les crit\u00e8res suivants: entr\u00e9es, escaliers, parkings, interdiction des chiens, passages libres, qualit\u00e9 du sol, toilettes, comptoirs d&rsquo;accueil&#8230; Les r\u00e9sultats de l&rsquo;enqu\u00eate sont clairement pr\u00e9sent\u00e9s.<\/p>\n<p>&nbsp;<\/p>\n<p>\u00c9tude<\/p>\n<p>CRIOC<\/p>\n<p>CENTRE DE RECHERCHE ET D&rsquo;INFORMATION DES ORGANISATIONS DE CONSOMMATEURS<\/p>\n<p>2004<\/p>\n<p>Cote doc: 4-40-CRI-D<\/p>\n<p>&nbsp;<\/p>\n<p><strong><em>Uniquement \u00e0 la location<\/em><\/strong><\/p>\n<span class=\"et_bloom_bottom_trigger\"><\/span>","protected":false},"excerpt":{"rendered":"<p>L&rsquo;objectif de cette \u00e9tude est d&rsquo;\u00e9valuer l&rsquo;accessibilit\u00e9 des lieux ouverts au public pour le consommateur \u00e0 mobilit\u00e9 r\u00e9duite (PMR, malvoyants, aveugles, malentendants, sourds,&#8230;).<\/p>\n","protected":false},"featured_media":2255,"comment_status":"closed","ping_status":"closed","template":"","meta":{"_et_pb_use_builder":"","_et_pb_old_content":"","_et_gb_content_width":"","spay_email":""},"class_list":["post-2254","product","type-product","status-publish","has-post-thumbnail","hentry","product_cat-livres","product_tag-acces","product_tag-acces-au-batiment","product_tag-accessibilite","product_tag-belgique","product_tag-deficience-physique","product_tag-personne-a-mobilite-reduite","product_tag-personne-handicapee","product_tag-statistique"],"jetpack_sharing_enabled":true,"jetpack_likes_enabled":true,"_links":{"self":[{"href":"https:\/\/www.parthages.be\/eboutique\/wp-json\/wp\/v2\/product\/2254","targetHints":{"allow":["GET"]}}],"collection":[{"href":"https:\/\/www.parthages.be\/eboutique\/wp-json\/wp\/v2\/product"}],"about":[{"href":"https:\/\/www.parthages.be\/eboutique\/wp-json\/wp\/v2\/types\/product"}],"replies":[{"embeddable":true,"href":"https:\/\/www.parthages.be\/eboutique\/wp-json\/wp\/v2\/comments?post=2254"}],"wp:featuredmedia":[{"embeddable":true,"href":"https:\/\/www.parthages.be\/eboutique\/wp-json\/wp\/v2\/media\/2255"}],"wp:attachment":[{"href":"https:\/\/www.parthages.be\/eboutique\/wp-json\/wp\/v2\/media?parent=2254"}],"curies":[{"name":"wp","href":"https:\/\/api.w.org\/{rel}","templated":true}]}}