{"id":226,"date":"2012-10-01T13:27:46","date_gmt":"2012-10-01T11:27:46","guid":{"rendered":"https:\/\/www.parthages.be\/wordpress\/produit\/l-enigme-du-handicap-traces-trames-trajectoires\/"},"modified":"2021-09-01T12:32:07","modified_gmt":"2021-09-01T10:32:07","slug":"l-enigme-du-handicap-traces-trames-trajectoires","status":"publish","type":"product","link":"https:\/\/www.parthages.be\/eboutique\/produit\/l-enigme-du-handicap-traces-trames-trajectoires\/","title":{"rendered":"L&rsquo;\u00e9nigme du handicap : traces trames trajectoires"},"content":{"rendered":"<p>Histoire de chocs ou chocs d&rsquo;histoires, l&rsquo;\u00e9nigme du handicap reste enti\u00e8re tant sur le plan individuel que social. Elle concerne de mani\u00e8re diff\u00e9rente les enfants, parents et professionnels. \u00c0 partir des mouvements de fond \u2012 conscients et inconscients \u2012, tant\u00f4t de refus, tant\u00f4t d&rsquo;acceptation, l&rsquo;\u00e9prouv\u00e9 psychique fait \u00e9cho \u00e0 ce qui, en chacun, r\u00e9sonne d&rsquo;identique autour du malform\u00e9, du d\u00e9form\u00e9. Le handicap, ce qui \u00ab handicapte \u00bb, est moins une question de dissemblance et de diff\u00e9rence que de ressemblance et de m\u00eamet\u00e9.<\/p>\n<p>Ce qui se donne \u00e0 voir, la fixit\u00e9 et la perte (handicap physique), le vide et l&rsquo;institution (d\u00e9ficience intellectuelle), l&rsquo;errance et l&rsquo;\u00e9tranget\u00e9 (m\u00e9sadaptation socio-affective), suscite mouvements de penser et de panser, tant sont profonds les effets identificatoires, de r\u00e9verb\u00e9ration, d&rsquo;\u00e9branlement, de remobilisation, charg\u00e9s d&rsquo;ambivalence, \u00e0 la fois de traces et trames de protection mais aussi trajectoires de d\u00e9gagement. Un travail psychique s&rsquo;av\u00e8re alors n\u00e9cessaire pour d\u00e9passer &#8211; d\u00e9placer- ce qui du moi bless\u00e9 vient entraver l&rsquo;accession en tant que sujet dans son individualit\u00e9 et dans son alt\u00e9rit\u00e9.<\/p>\n<p>Avec le souci de d\u00e9boucher concr\u00e8tement sur l&rsquo;intervention \u00e9ducative et les questions de formation, l&rsquo;auteur propose ici une analyse psychodynamique de la complexit\u00e9 des situations o\u00f9 le sujet handicap\u00e9 et\/ou inadapt\u00e9 est consid\u00e9r\u00e9 comme membre \u00e0 part enti\u00e8re de la condition humaine dans sa finitude et dans ses possibles ouvertures. (Pr\u00e9sentation de l\u2019\u00e9diteur)<\/p>\n<p>MORVAN J.S.<\/p>\n<p>Editions Er\u00e8s<\/p>\n<p>2010- 256p-25.50\u20ac<\/p>\n<p>420gr<\/p>\n<p>ISBN\u00a0: 978-2-7492-1286-9<\/p>\n<p>Cote doc\u00a0: 7-10-MOR-E<\/p>\n<span class=\"et_bloom_bottom_trigger\"><\/span>","protected":false},"excerpt":{"rendered":"<p>Histoire de chocs ou chocs d&rsquo;histoires, l&rsquo;\u00e9nigme du handicap reste enti\u00e8re tant sur le plan individuel que social. Elle concerne de mani\u00e8re diff\u00e9rente les enfants, parents et professionnels.<\/p>\n","protected":false},"featured_media":1665,"comment_status":"open","ping_status":"closed","template":"","meta":{"_et_pb_use_builder":"","_et_pb_old_content":"","_et_gb_content_width":"","spay_email":""},"class_list":["post-226","product","type-product","status-publish","has-post-thumbnail","hentry","product_cat-livres","product_tag-aide-technique","product_tag-deficience-intellectuelle","product_tag-enfant-handicape","product_tag-image-de-soi","product_tag-integration-sociale","product_tag-paraplegie","product_tag-personne-handicapee","product_tag-psychanalyse","product_tag-psychologie","product_tag-psychopedagogie","product_tag-relation-parent-enfant","product_tag-representation-du-handicap"],"jetpack_sharing_enabled":true,"jetpack_likes_enabled":true,"_links":{"self":[{"href":"https:\/\/www.parthages.be\/eboutique\/wp-json\/wp\/v2\/product\/226","targetHints":{"allow":["GET"]}}],"collection":[{"href":"https:\/\/www.parthages.be\/eboutique\/wp-json\/wp\/v2\/product"}],"about":[{"href":"https:\/\/www.parthages.be\/eboutique\/wp-json\/wp\/v2\/types\/product"}],"replies":[{"embeddable":true,"href":"https:\/\/www.parthages.be\/eboutique\/wp-json\/wp\/v2\/comments?post=226"}],"wp:featuredmedia":[{"embeddable":true,"href":"https:\/\/www.parthages.be\/eboutique\/wp-json\/wp\/v2\/media\/1665"}],"wp:attachment":[{"href":"https:\/\/www.parthages.be\/eboutique\/wp-json\/wp\/v2\/media?parent=226"}],"curies":[{"name":"wp","href":"https:\/\/api.w.org\/{rel}","templated":true}]}}