{"id":2287,"date":"2022-01-18T11:44:55","date_gmt":"2022-01-18T10:44:55","guid":{"rendered":"https:\/\/www.parthages.be\/eboutique\/?post_type=product&#038;p=2287"},"modified":"2022-01-18T11:44:56","modified_gmt":"2022-01-18T10:44:56","slug":"leur-sexualite-nest-pas-un-handicap","status":"publish","type":"product","link":"https:\/\/www.parthages.be\/eboutique\/produit\/leur-sexualite-nest-pas-un-handicap\/","title":{"rendered":"Leur sexualit\u00e9 n&rsquo;est pas un handicap"},"content":{"rendered":"<p>\u00ab Il n\u2019existe pas une sexualit\u00e9 sp\u00e9cifique aux personnes en situation de handicap ou de vuln\u00e9rabilit\u00e9 \u00bb, s\u2019indigne Jean-Luc Letellier. Leur vie affective et sexuelle pose, dans notre pays, un probl\u00e8me de maltraitance g\u00e9n\u00e9ralis\u00e9. Une maltraitance active ou \u00ab en creux \u00bb surtout quand ces personnes doivent vivre en institutions.<\/p>\n<p>Partant d\u2019un travail de terrain, d\u2019une longue recherche th\u00e9orique et de plus de dix ann\u00e9es de collaboration avec des \u00e9ducateurs, psychologues, sexologues et chercheurs en sciences sociales, l\u2019auteur pr\u00e9sente les freins qui entravent une reconnaissance de la r\u00e9alit\u00e9 sexuelle des personnes avec handicap vivant en institutions. Sans un examen honn\u00eate de notre propre handicap face \u00e0 la chose sexuelle, mais \u00e9galement sans le courage de remettre en cause certains dogmes m\u00eame lab\u00e9lis\u00e9s, aucune recommandation ou m\u00e9thodologie la plus professionnelle soit-elle ne fera \u00e9voluer une situation de double peine, o\u00f9 la privation de l\u2019acc\u00e8s au plaisir \u2013 que rien en soi n\u2019entrave potentiellement \u2013 vient s\u2019ajouter aux nombreuses difficult\u00e9s d\u2019acc\u00e8s \u00e0 une v\u00e9ritable vie citoyenne pour les personnes vuln\u00e9rables.<\/p>\n<p>Cet ouvrage ouvre des pistes, hors de tout dogmatisme, pour un accompagnement qui prend v\u00e9ritablement en compte cette dimension des personnes. S\u2019inscrivant dans les r\u00e9alit\u00e9s institutionnelles et sociales actuelles, il propose un soutien pratique, m\u00e9thodologique et \u00e9thique \u00e0 tous ceux qui ont le d\u00e9sir et la volont\u00e9 de ne pas en rester l\u00e0. (Pr\u00e9sentation de l&rsquo;\u00e9diteur)<\/p>\n<p>LETELLIER J-L.<\/p>\n<p>Editions Er\u00e8s<\/p>\n<p>2014-204p.-21\u20ac<\/p>\n<p>255gr<\/p>\n<p>ISBN: 978-2-7492-4016-9<\/p>\n<p>Cote doc:\u00a04-20-LET-L<\/p>\n<span class=\"et_bloom_bottom_trigger\"><\/span>","protected":false},"excerpt":{"rendered":"<p>\u00ab Il n\u2019existe pas une sexualit\u00e9 sp\u00e9cifique aux personnes en situation de handicap ou de vuln\u00e9rabilit\u00e9 \u00bb, s\u2019indigne Jean-Luc Letellier.<\/p>\n","protected":false},"featured_media":2288,"comment_status":"closed","ping_status":"closed","template":"","meta":{"_et_pb_use_builder":"","_et_pb_old_content":"","_et_gb_content_width":"","spay_email":""},"class_list":["post-2287","product","type-product","status-publish","has-post-thumbnail","hentry","product_cat-livres","product_tag-accompagnement","product_tag-ethique","product_tag-institution","product_tag-outil","product_tag-personne-handicapee","product_tag-sexualite","product_tag-vie-affective"],"jetpack_sharing_enabled":true,"jetpack_likes_enabled":true,"_links":{"self":[{"href":"https:\/\/www.parthages.be\/eboutique\/wp-json\/wp\/v2\/product\/2287","targetHints":{"allow":["GET"]}}],"collection":[{"href":"https:\/\/www.parthages.be\/eboutique\/wp-json\/wp\/v2\/product"}],"about":[{"href":"https:\/\/www.parthages.be\/eboutique\/wp-json\/wp\/v2\/types\/product"}],"replies":[{"embeddable":true,"href":"https:\/\/www.parthages.be\/eboutique\/wp-json\/wp\/v2\/comments?post=2287"}],"wp:featuredmedia":[{"embeddable":true,"href":"https:\/\/www.parthages.be\/eboutique\/wp-json\/wp\/v2\/media\/2288"}],"wp:attachment":[{"href":"https:\/\/www.parthages.be\/eboutique\/wp-json\/wp\/v2\/media?parent=2287"}],"curies":[{"name":"wp","href":"https:\/\/api.w.org\/{rel}","templated":true}]}}