{"id":2291,"date":"2022-01-18T14:57:13","date_gmt":"2022-01-18T13:57:13","guid":{"rendered":"https:\/\/www.parthages.be\/eboutique\/?post_type=product&#038;p=2291"},"modified":"2022-01-18T14:57:14","modified_gmt":"2022-01-18T13:57:14","slug":"sexe-a-piles%e2%80%89-sexe-happy","status":"publish","type":"product","link":"https:\/\/www.parthages.be\/eboutique\/produit\/sexe-a-piles%e2%80%89-sexe-happy\/","title":{"rendered":"Sexe \u00e0 piles\u2009\u2026 sexe happy"},"content":{"rendered":"<p>Le sexe s\u2019affiche, se filme, se raconte et surtout, se vend tr\u00e8s bien. Il faut \u00eatre sexy, assurer, \u00eatre une bonne affaire ou faire comme si. Pourtant, il faut parfois oser dire non, retrouver le plaisir de l\u2019attente, rester soi-m\u00eame, respecter ses envies et ne pas regretter. La sexualit\u00e9 est une belle aventure et il serait dommage de se priver de ses deux \u00e9l\u00e9ments essentiels, que sont l\u2019amour et le respect \u2013 de soi et de l\u2019autre. Ce petit livre s\u2019adresse principalement aux ados, mais les parents et les enseignants le liront sans doute avec int\u00e9r\u00eat. (Pr\u00e9sentation de l&rsquo;\u00e9diteur)<\/p>\n<p>LADURON M.<\/p>\n<p>Editions Namuroises<\/p>\n<p>2009 -76p. &#8211; 8\u20ac<\/p>\n<p>80gr<\/p>\n<p>ISBN: 978- 2-930378-80-0<\/p>\n<p>Cote doc: 4-20-LAD-S<\/p>\n<span class=\"et_bloom_bottom_trigger\"><\/span>","protected":false},"excerpt":{"rendered":"<p>Le sexe s\u2019affiche, se filme, se raconte et surtout, se vend tr\u00e8s bien. Il faut \u00eatre sexy, assurer, \u00eatre une bonne affaire ou faire comme si.<\/p>\n","protected":false},"featured_media":2292,"comment_status":"closed","ping_status":"closed","template":"","meta":{"_et_pb_use_builder":"","_et_pb_old_content":"","_et_gb_content_width":"","spay_email":""},"class_list":["post-2291","product","type-product","status-publish","has-post-thumbnail","hentry","product_cat-livres","product_tag-adolescent","product_tag-amour","product_tag-enseignant","product_tag-parent","product_tag-plaisir","product_tag-respect","product_tag-sexe","product_tag-sexualite"],"jetpack_sharing_enabled":true,"jetpack_likes_enabled":true,"_links":{"self":[{"href":"https:\/\/www.parthages.be\/eboutique\/wp-json\/wp\/v2\/product\/2291","targetHints":{"allow":["GET"]}}],"collection":[{"href":"https:\/\/www.parthages.be\/eboutique\/wp-json\/wp\/v2\/product"}],"about":[{"href":"https:\/\/www.parthages.be\/eboutique\/wp-json\/wp\/v2\/types\/product"}],"replies":[{"embeddable":true,"href":"https:\/\/www.parthages.be\/eboutique\/wp-json\/wp\/v2\/comments?post=2291"}],"wp:featuredmedia":[{"embeddable":true,"href":"https:\/\/www.parthages.be\/eboutique\/wp-json\/wp\/v2\/media\/2292"}],"wp:attachment":[{"href":"https:\/\/www.parthages.be\/eboutique\/wp-json\/wp\/v2\/media?parent=2291"}],"curies":[{"name":"wp","href":"https:\/\/api.w.org\/{rel}","templated":true}]}}