{"id":2295,"date":"2022-01-18T15:10:25","date_gmt":"2022-01-18T14:10:25","guid":{"rendered":"https:\/\/www.parthages.be\/eboutique\/?post_type=product&#038;p=2295"},"modified":"2022-01-18T15:10:25","modified_gmt":"2022-01-18T14:10:25","slug":"envie-damour-vie-affective-relationnelle-et-sexuelle-les-personnes-blessees-medullaires","status":"publish","type":"product","link":"https:\/\/www.parthages.be\/eboutique\/produit\/envie-damour-vie-affective-relationnelle-et-sexuelle-les-personnes-blessees-medullaires\/","title":{"rendered":"EnVie d&rsquo;amour : vie affective relationnelle et sexuelle: les personnes bless\u00e9es m\u00e9dullaires"},"content":{"rendered":"<p><strong>Coffret P\u00e9dagogique avec DVD <\/strong><\/p>\n<p>Cet outil multim\u00e9dia a \u00e9t\u00e9 possible gr\u00e2ce \u00e0 la collaboration de plusieurs organismes.\u00a0 Cet outil multim\u00e9dia est compos\u00e9 de trois DVD ainsi que d&rsquo;un livret d&rsquo;accompagnement qui permet \u00e0 l&rsquo;utilisateur de mieux comprendre et utiliser les DVD.<\/p>\n<p>-\u00ab\u00a0S&rsquo;ouvrir aux autres et \u00e0 soi-m\u00eame\u00a0\u00bb : ce DVD aborde entre autres les repr\u00e9sentations sociales, le v\u00e9cu apr\u00e8s l&rsquo;accident, la confiance en soi, la vie affective et relationnelle, la rencontre amoureuse, la vie en couple et les lieux d&rsquo;ouverture aux autres et \u00e0 soi-m\u00eame.<\/p>\n<p>&#8211; \u00ab\u00a0Vivre sa sexualit\u00e9\u00a0\u00bb : ce DVD aborde entre autres les fonctions sexuelles, les r\u00e9percussions d&rsquo;une l\u00e9sion m\u00e9dullaire sur la sexualit\u00e9, les pratiques sexuelles, les aides sexuelles, la contraception, les difficult\u00e9s li\u00e9es \u00e0 l&rsquo;hygi\u00e8ne intime, l&rsquo;orientation sexuelle et la sexualit\u00e9 en institution.<\/p>\n<p>&#8211; \u00ab\u00a0Fonder une famille\u00a0\u00bb : ce DVD aborde entre autres le d\u00e9sir d&rsquo;enfant, les sp\u00e9cificit\u00e9s li\u00e9es \u00e0 la procr\u00e9ation, la grossesse et l&rsquo;accouchement, la vie au quotidien avec b\u00e9b\u00e9, l&rsquo;adoption et la vie de famille.<\/p>\n<p>Cet outil est destin\u00e9 aux personnes handicap\u00e9es, aux professionnels de la sant\u00e9 ainsi qu&rsquo;\u00e0 toute personne concern\u00e9e de pr\u00e8s ou de loin par ce handicap. (Pr\u00e9sentation de l&rsquo;\u00e9diteur)<\/p>\n<p>MERCIER M.<\/p>\n<p>Presses universitaires de Namur<\/p>\n<p>2008<\/p>\n<p>ISBN\u00a0: 978-2-87037-561-4<\/p>\n<p>Cote doc\u00a0: 4-20-MER-E<\/p>\n<p><strong><em>Uniquement \u00e0 la location<\/em><\/strong><\/p>\n<span class=\"et_bloom_bottom_trigger\"><\/span>","protected":false},"excerpt":{"rendered":"<p>Coffret P\u00e9dagogique avec DVD Cet outil multim\u00e9dia a \u00e9t\u00e9 possible gr\u00e2ce \u00e0 la collaboration de plusieurs organismes.\u00a0 Cet outil multim\u00e9dia est compos\u00e9 de trois DVD ainsi que d&rsquo;un livret d&rsquo;accompagnement qui permet \u00e0 l&rsquo;utilisateur de mieux comprendre et utiliser les DVD. -\u00ab\u00a0S&rsquo;ouvrir aux autres et \u00e0 soi-m\u00eame\u00a0\u00bb : ce DVD aborde entre autres les repr\u00e9sentations [&hellip;]<\/p>\n","protected":false},"featured_media":2296,"comment_status":"closed","ping_status":"closed","template":"","meta":{"_et_pb_use_builder":"","_et_pb_old_content":"","_et_gb_content_width":"","spay_email":""},"class_list":["post-2295","product","type-product","status-publish","has-post-thumbnail","hentry","product_cat-livres","product_tag-confiance-en-soi","product_tag-deficience-physique","product_tag-desir-denfant","product_tag-hygiene-corporelle","product_tag-outil-pedagogique","product_tag-parentalite","product_tag-personne-handicapee","product_tag-representation-sociale","product_tag-sexualite","product_tag-tetraplegie","product_tag-vie-quotidienne"],"jetpack_sharing_enabled":true,"jetpack_likes_enabled":true,"_links":{"self":[{"href":"https:\/\/www.parthages.be\/eboutique\/wp-json\/wp\/v2\/product\/2295","targetHints":{"allow":["GET"]}}],"collection":[{"href":"https:\/\/www.parthages.be\/eboutique\/wp-json\/wp\/v2\/product"}],"about":[{"href":"https:\/\/www.parthages.be\/eboutique\/wp-json\/wp\/v2\/types\/product"}],"replies":[{"embeddable":true,"href":"https:\/\/www.parthages.be\/eboutique\/wp-json\/wp\/v2\/comments?post=2295"}],"wp:featuredmedia":[{"embeddable":true,"href":"https:\/\/www.parthages.be\/eboutique\/wp-json\/wp\/v2\/media\/2296"}],"wp:attachment":[{"href":"https:\/\/www.parthages.be\/eboutique\/wp-json\/wp\/v2\/media?parent=2295"}],"curies":[{"name":"wp","href":"https:\/\/api.w.org\/{rel}","templated":true}]}}