{"id":2299,"date":"2022-01-18T15:12:55","date_gmt":"2022-01-18T14:12:55","guid":{"rendered":"https:\/\/www.parthages.be\/eboutique\/?post_type=product&#038;p=2299"},"modified":"2022-01-18T15:12:56","modified_gmt":"2022-01-18T14:12:56","slug":"les-jeunes-handicapes-autistes-vie-affective-et-sexuelle","status":"publish","type":"product","link":"https:\/\/www.parthages.be\/eboutique\/produit\/les-jeunes-handicapes-autistes-vie-affective-et-sexuelle\/","title":{"rendered":"Les jeunes handicap\u00e9s autistes : vie affective et sexuelle"},"content":{"rendered":"<p>La capacit\u00e9 \u00e0 vivre les sentiments et la sexualit\u00e9 donne sa coloration \u00e0 l&rsquo;existence, participe au plaisir, au d\u00e9sir de vivre, et contribue \u00e0 la socialisation et \u00e0 la richesse du langage. Cela est aussi vrai pour les jeunes handicap\u00e9s qui pr\u00e9sentent des troubles importants de la communication, tels que les jeunes autistes. Cet ouvrage propose de faire la lumi\u00e8re sur cette r\u00e9alit\u00e9 rest\u00e9e longtemps cach\u00e9e. Il aborde l&rsquo;importance de la vie affective et sexuelle de ces jeunes, le r\u00f4le des parents ainsi que des professionnels et les moyens d&rsquo;information. (Pr\u00e9sentation de l&rsquo;\u00e9diteur)<\/p>\n<p>GAYDA M.- ROSSIGNOL J.<\/p>\n<p>Editions L&rsquo;Harmattan<\/p>\n<p>2005-260p.-25\u20ac<\/p>\n<p>375gr<\/p>\n<p>ISBN\u00a0: 2-7475-8081-4<\/p>\n<p>Cote doc\u00a0: 4-20-GAY-J<\/p>\n<span class=\"et_bloom_bottom_trigger\"><\/span>","protected":false},"excerpt":{"rendered":"<p>La capacit\u00e9 \u00e0 vivre les sentiments et la sexualit\u00e9 donne sa coloration \u00e0 l&rsquo;existence, participe au plaisir, au d\u00e9sir de vivre, et contribue \u00e0 la socialisation et \u00e0 la richesse du langage.<\/p>\n","protected":false},"featured_media":2300,"comment_status":"closed","ping_status":"closed","template":"","meta":{"_et_pb_use_builder":"","_et_pb_old_content":"","_et_gb_content_width":"","spay_email":""},"class_list":["post-2299","product","type-product","status-publish","has-post-thumbnail","hentry","product_cat-livres","product_tag-affectivite","product_tag-autisme","product_tag-desir","product_tag-enfant","product_tag-ethique","product_tag-institution","product_tag-jeune-adulte","product_tag-parent","product_tag-polyhandicap","product_tag-regard","product_tag-role","product_tag-sexualite"],"jetpack_sharing_enabled":true,"jetpack_likes_enabled":true,"_links":{"self":[{"href":"https:\/\/www.parthages.be\/eboutique\/wp-json\/wp\/v2\/product\/2299","targetHints":{"allow":["GET"]}}],"collection":[{"href":"https:\/\/www.parthages.be\/eboutique\/wp-json\/wp\/v2\/product"}],"about":[{"href":"https:\/\/www.parthages.be\/eboutique\/wp-json\/wp\/v2\/types\/product"}],"replies":[{"embeddable":true,"href":"https:\/\/www.parthages.be\/eboutique\/wp-json\/wp\/v2\/comments?post=2299"}],"wp:featuredmedia":[{"embeddable":true,"href":"https:\/\/www.parthages.be\/eboutique\/wp-json\/wp\/v2\/media\/2300"}],"wp:attachment":[{"href":"https:\/\/www.parthages.be\/eboutique\/wp-json\/wp\/v2\/media?parent=2299"}],"curies":[{"name":"wp","href":"https:\/\/api.w.org\/{rel}","templated":true}]}}