{"id":230,"date":"2012-10-01T13:39:05","date_gmt":"2012-10-01T11:39:05","guid":{"rendered":"https:\/\/www.parthages.be\/wordpress\/produit\/l-identite-de-la-personne-handicapee\/"},"modified":"2022-01-18T11:31:54","modified_gmt":"2022-01-18T10:31:54","slug":"l-identite-de-la-personne-handicapee","status":"publish","type":"product","link":"https:\/\/www.parthages.be\/eboutique\/produit\/l-identite-de-la-personne-handicapee\/","title":{"rendered":"L&rsquo;identit\u00e9 de la personne handicap\u00e9e"},"content":{"rendered":"<p>Avoir un handicap, qu&rsquo;est-ce que cela signifie et implique aujourd&rsquo;hui ? Pour la personne qui en est atteinte, ses proches, la soci\u00e9t\u00e9 ? Comment (se) vivre avec un handicap, qui plus est lorsqu&rsquo;il est cong\u00e9nital et qu&rsquo;il n\u00e9cessite un accompagnement constant ? Quel rapport peut-on avoir \u00e0 son corps, \u00e0 un corps stigmatis\u00e9 et stigmatisant ? \u00c0 son intimit\u00e9 ? Et \u00e0 sa sexualit\u00e9 ? Quel regard peut-on porter sur soi et comment peut-on \u00ab s&rsquo;arranger \u00bb avec le regard que les autres posent sur soi lorsqu&rsquo;on a un handicap ? Si les politiques ont permis par la loi (et notamment celle du 11 f\u00e9vrier 2005) une vraie \u00e9volution textuelle, il faut cependant reconna\u00eetre qu\u2019ils n\u2019ont toujours pas r\u00e9ussi la r\u00e9volution culturelle qui devrait permettre de respecter l\u2019autre dans sa nature humaine et non pas seulement de le tol\u00e9rer. (Pr\u00e9sentation de l\u2019\u00e9diteur)<\/p>\n<p>NUSS M.<\/p>\n<p>Dunod<\/p>\n<p>2011-224p.-22\u20ac<\/p>\n<p>ISBN: 978-2-10-055634-2<\/p>\n<p>Cote doc: 4-20-NUS-I<\/p>\n<span class=\"et_bloom_bottom_trigger\"><\/span>","protected":false},"excerpt":{"rendered":"<p>Avoir un handicap, qu&rsquo;est-ce que cela signifie et implique aujourd&rsquo;hui ?<\/p>\n","protected":false},"featured_media":229,"comment_status":"open","ping_status":"closed","template":"","meta":{"_et_pb_use_builder":"","_et_pb_old_content":"","_et_gb_content_width":"","spay_email":""},"class_list":["post-230","product","type-product","status-publish","has-post-thumbnail","hentry","product_cat-livres","product_tag-accompagnement-du-patient","product_tag-corps","product_tag-couple","product_tag-france","product_tag-identite-sexuelle","product_tag-perception","product_tag-relation-daide"],"jetpack_sharing_enabled":true,"jetpack_likes_enabled":true,"_links":{"self":[{"href":"https:\/\/www.parthages.be\/eboutique\/wp-json\/wp\/v2\/product\/230","targetHints":{"allow":["GET"]}}],"collection":[{"href":"https:\/\/www.parthages.be\/eboutique\/wp-json\/wp\/v2\/product"}],"about":[{"href":"https:\/\/www.parthages.be\/eboutique\/wp-json\/wp\/v2\/types\/product"}],"replies":[{"embeddable":true,"href":"https:\/\/www.parthages.be\/eboutique\/wp-json\/wp\/v2\/comments?post=230"}],"wp:featuredmedia":[{"embeddable":true,"href":"https:\/\/www.parthages.be\/eboutique\/wp-json\/wp\/v2\/media\/229"}],"wp:attachment":[{"href":"https:\/\/www.parthages.be\/eboutique\/wp-json\/wp\/v2\/media?parent=230"}],"curies":[{"name":"wp","href":"https:\/\/api.w.org\/{rel}","templated":true}]}}