{"id":2323,"date":"2022-02-22T07:52:18","date_gmt":"2022-02-22T06:52:18","guid":{"rendered":"https:\/\/www.parthages.be\/eboutique\/?post_type=product&#038;p=2323"},"modified":"2022-02-22T07:52:19","modified_gmt":"2022-02-22T06:52:19","slug":"maladies-sexuellement-transmissibles-sida-hepatite-b-sexualite-et-institution","status":"publish","type":"product","link":"https:\/\/www.parthages.be\/eboutique\/produit\/maladies-sexuellement-transmissibles-sida-hepatite-b-sexualite-et-institution\/","title":{"rendered":"Maladies sexuellement transmissibles (sida, h\u00e9patite B, \u2026)  sexualit\u00e9 et institution"},"content":{"rendered":"<p><strong>Actes de Congr\u00e8s<\/strong><\/p>\n<p>Ce congr\u00e8s\u00a0 parle de la prise de conscience par les organismes d&rsquo;aide, les instituts, de l&rsquo;importance de la question du sida (plus largement des maladies sexuellement transmissibles) dans les soins de sant\u00e9 mentale et du d\u00e9sarroi des \u00e9quipes confront\u00e9es \u00e0 cette r\u00e9alit\u00e9 clinique. Ce congr\u00e8s se divise en quatre parties : la premi\u00e8re est m\u00e9dicale. La deuxi\u00e8me partie est consacr\u00e9e aux aspects juridiques et d\u00e9ontologiques de la prise en charge des maladies sexuellement transmissibles en milieu sp\u00e9cialis\u00e9. La troisi\u00e8me partie\u00a0 du Congr\u00e8s consiste en une analyse institutionnelle. La quatri\u00e8me partie est consacr\u00e9e \u00e0 l&rsquo;\u00e9thique<\/p>\n<p>CASPAR P.<\/p>\n<p>Congr\u00e8s international, Gand19-20 septembre 2001<\/p>\n<p>2001-368p.<\/p>\n<p>Cote doc: 4-20-CAS-M<\/p>\n<p>Uniquement \u00e0 la location<\/p>\n<span class=\"et_bloom_bottom_trigger\"><\/span>","protected":false},"excerpt":{"rendered":"<p>Ce congr\u00e8s\u00a0 parle de la prise de conscience par les organismes d&rsquo;aide, les instituts, de l&rsquo;importance de la question du sida (plus largement des maladies sexuellement transmissibles) dans les soins de sant\u00e9 mentale et du d\u00e9sarroi des \u00e9quipes confront\u00e9es \u00e0 cette r\u00e9alit\u00e9 clinique.<\/p>\n","protected":false},"featured_media":2324,"comment_status":"closed","ping_status":"closed","template":"","meta":{"_et_pb_use_builder":"","_et_pb_old_content":"","_et_gb_content_width":"","spay_email":""},"class_list":["post-2323","product","type-product","status-publish","has-post-thumbnail","hentry","product_cat-livres","product_tag-aspect-juridique","product_tag-deontologie","product_tag-droit","product_tag-epidemiologie","product_tag-ethique","product_tag-europe-centrale","product_tag-europe-de-lest","product_tag-hepatite","product_tag-milieu-institutionnel","product_tag-mst","product_tag-pays-en-developpement","product_tag-personne-handicapee","product_tag-prise-en-charge","product_tag-sante-mentale","product_tag-sida","product_tag-statistique","product_tag-temoignage","product_tag-vih"],"jetpack_sharing_enabled":true,"jetpack_likes_enabled":true,"_links":{"self":[{"href":"https:\/\/www.parthages.be\/eboutique\/wp-json\/wp\/v2\/product\/2323","targetHints":{"allow":["GET"]}}],"collection":[{"href":"https:\/\/www.parthages.be\/eboutique\/wp-json\/wp\/v2\/product"}],"about":[{"href":"https:\/\/www.parthages.be\/eboutique\/wp-json\/wp\/v2\/types\/product"}],"replies":[{"embeddable":true,"href":"https:\/\/www.parthages.be\/eboutique\/wp-json\/wp\/v2\/comments?post=2323"}],"wp:featuredmedia":[{"embeddable":true,"href":"https:\/\/www.parthages.be\/eboutique\/wp-json\/wp\/v2\/media\/2324"}],"wp:attachment":[{"href":"https:\/\/www.parthages.be\/eboutique\/wp-json\/wp\/v2\/media?parent=2323"}],"curies":[{"name":"wp","href":"https:\/\/api.w.org\/{rel}","templated":true}]}}