{"id":2326,"date":"2022-02-22T07:53:47","date_gmt":"2022-02-22T06:53:47","guid":{"rendered":"https:\/\/www.parthages.be\/eboutique\/?post_type=product&#038;p=2326"},"modified":"2022-02-22T07:53:48","modified_gmt":"2022-02-22T06:53:48","slug":"guide-sida-a-lattention-des-personnes-malades-et-de-celles-qui-les-soignent","status":"publish","type":"product","link":"https:\/\/www.parthages.be\/eboutique\/produit\/guide-sida-a-lattention-des-personnes-malades-et-de-celles-qui-les-soignent\/","title":{"rendered":"Guide-Sida : \u00e0 l&rsquo;attention des personnes malades et de celles qui les soignent"},"content":{"rendered":"<p>Ce guide a pour objectif de rassembler un maximum d\u2019informations afin de permettre aux personnes s\u00e9ropositives de prendre au mieux soin d\u2019elles-m\u00eames et de rester le plus longtemps possible ma\u00eetres de ce qui leur arrive.<\/p>\n<p>Il vise \u00e9galement \u00e0 offrir des conseils aux personnes amen\u00e9es \u00e0 les aider ou \u00e0 les soigner.<\/p>\n<p>Les th\u00e8mes suivants y sont notamment abord\u00e9s\u00a0:<\/p>\n<p>Le sida au quotidien \u2013Apprivoiser la maladie et le stress qu\u2019elle g\u00e9n\u00e8re \u2013En parler, mais le taire aussi \u2013 Demander de l\u2019aide- Les aspects philosophiques et religieux- \u2026<\/p>\n<p>(Pr\u00e9sentation de l\u2019\u00e9diteur)<\/p>\n<p>Agence de pr\u00e9vention du sida<\/p>\n<p>Fondation Roi Baudouin<\/p>\n<p>1995-323p<\/p>\n<p>ISBN: 2-9600096-0-9<\/p>\n<p>Cote doc: 4-20-APS-G<\/p>\n<p><strong><em>Uniquement \u00e0 la location<\/em><\/strong><\/p>\n<span class=\"et_bloom_bottom_trigger\"><\/span>","protected":false},"excerpt":{"rendered":"<p>Ce guide a pour objectif de rassembler un maximum d\u2019informations afin de permettre aux personnes s\u00e9ropositives de prendre au mieux soin d\u2019elles-m\u00eames et de rester le plus longtemps possible ma\u00eetres de ce qui leur arrive.<\/p>\n","protected":false},"featured_media":2327,"comment_status":"closed","ping_status":"closed","template":"","meta":{"_et_pb_use_builder":"","_et_pb_old_content":"","_et_gb_content_width":"","spay_email":""},"class_list":["post-2326","product","type-product","status-publish","has-post-thumbnail","hentry","product_cat-livres","product_tag-aide-medicale","product_tag-groupe-dentraide","product_tag-maladie","product_tag-seropositivite","product_tag-sida"],"jetpack_sharing_enabled":true,"jetpack_likes_enabled":true,"_links":{"self":[{"href":"https:\/\/www.parthages.be\/eboutique\/wp-json\/wp\/v2\/product\/2326","targetHints":{"allow":["GET"]}}],"collection":[{"href":"https:\/\/www.parthages.be\/eboutique\/wp-json\/wp\/v2\/product"}],"about":[{"href":"https:\/\/www.parthages.be\/eboutique\/wp-json\/wp\/v2\/types\/product"}],"replies":[{"embeddable":true,"href":"https:\/\/www.parthages.be\/eboutique\/wp-json\/wp\/v2\/comments?post=2326"}],"wp:featuredmedia":[{"embeddable":true,"href":"https:\/\/www.parthages.be\/eboutique\/wp-json\/wp\/v2\/media\/2327"}],"wp:attachment":[{"href":"https:\/\/www.parthages.be\/eboutique\/wp-json\/wp\/v2\/media?parent=2326"}],"curies":[{"name":"wp","href":"https:\/\/api.w.org\/{rel}","templated":true}]}}