{"id":2329,"date":"2022-02-22T07:55:03","date_gmt":"2022-02-22T06:55:03","guid":{"rendered":"https:\/\/www.parthages.be\/eboutique\/?post_type=product&#038;p=2329"},"modified":"2022-02-22T07:55:03","modified_gmt":"2022-02-22T06:55:03","slug":"la-sexualite-et-les-handicaps-i","status":"publish","type":"product","link":"https:\/\/www.parthages.be\/eboutique\/produit\/la-sexualite-et-les-handicaps-i\/","title":{"rendered":"La sexualit\u00e9 et les handicaps I"},"content":{"rendered":"<p><strong>Objectifs de formation communications lors de congr\u00e8s et journ\u00e9es d&rsquo;\u00e9tudes: \u00e9thique<\/strong><\/p>\n<p><strong><em>Dossier<\/em><\/strong><\/p>\n<p>Objectifs de formation pour des professionnels qui travaillent aupr\u00e8s des personnes vivant avec un handicap. A propos de : l&rsquo;affectivit\u00e9, l&rsquo;intimit\u00e9, la sexualit\u00e9<\/p>\n<p>AGTHE-DISERENS C. &#8211; VATRE F.<\/p>\n<p>Edition SZH\/SPC<\/p>\n<p>2000-103p.<\/p>\n<p>Cote doc: 4-20-AGT-S1<\/p>\n<p><strong><em>Uniquement \u00e0 la location<\/em><\/strong><\/p>\n<span class=\"et_bloom_bottom_trigger\"><\/span>","protected":false},"excerpt":{"rendered":"<p><strong>Objectifs de formation communications lors de congr\u00e8s et journ\u00e9es d&rsquo;\u00e9tudes: \u00e9thique<\/strong><\/p>\n","protected":false},"featured_media":2330,"comment_status":"closed","ping_status":"closed","template":"","meta":{"_et_pb_use_builder":"","_et_pb_old_content":"","_et_gb_content_width":"","spay_email":""},"class_list":["post-2329","product","type-product","status-publish","has-post-thumbnail","hentry","product_cat-livres","product_tag-education-affective-et-sexuelle","product_tag-ethique","product_tag-formation","product_tag-personne-handicapee","product_tag-personnel-de-sante","product_tag-sexualite","product_tag-vie-affective"],"jetpack_sharing_enabled":true,"jetpack_likes_enabled":true,"_links":{"self":[{"href":"https:\/\/www.parthages.be\/eboutique\/wp-json\/wp\/v2\/product\/2329","targetHints":{"allow":["GET"]}}],"collection":[{"href":"https:\/\/www.parthages.be\/eboutique\/wp-json\/wp\/v2\/product"}],"about":[{"href":"https:\/\/www.parthages.be\/eboutique\/wp-json\/wp\/v2\/types\/product"}],"replies":[{"embeddable":true,"href":"https:\/\/www.parthages.be\/eboutique\/wp-json\/wp\/v2\/comments?post=2329"}],"wp:featuredmedia":[{"embeddable":true,"href":"https:\/\/www.parthages.be\/eboutique\/wp-json\/wp\/v2\/media\/2330"}],"wp:attachment":[{"href":"https:\/\/www.parthages.be\/eboutique\/wp-json\/wp\/v2\/media?parent=2329"}],"curies":[{"name":"wp","href":"https:\/\/api.w.org\/{rel}","templated":true}]}}