{"id":2346,"date":"2022-02-22T08:33:01","date_gmt":"2022-02-22T07:33:01","guid":{"rendered":"https:\/\/www.parthages.be\/eboutique\/?post_type=product&#038;p=2346"},"modified":"2022-02-22T08:33:02","modified_gmt":"2022-02-22T07:33:02","slug":"toi-ma-soeur-2","status":"publish","type":"product","link":"https:\/\/www.parthages.be\/eboutique\/produit\/toi-ma-soeur-2\/","title":{"rendered":"Toi ma s\u0153ur"},"content":{"rendered":"<p>\u00ab\u00a0Elle est toujours rest\u00e9e ma grande s\u0153ur, car si elle \u00e9tait handicap\u00e9e, elle l\u2019\u00e9tait face \u00e0 la soci\u00e9t\u00e9, mais pas face \u00e0 la vie. Elle a toujours assum\u00e9 envers moi ce r\u00f4le de grande s\u0153ur dans son aptitude \u00e0 m\u2019\u00e9couter, me r\u00e9conforter, m\u2019apporter des solutions, me conduire vers des chemins de r\u00e9flexion ou parvenir \u00e0 me convaincre de la relativit\u00e9 des choses, des \u00e9v\u00e9nements, des paroles ou des attitudes des gens avec une incroyable tol\u00e9rance et une r\u00e9elle capacit\u00e9 de pardon.\u00a0\u00bb<\/p>\n<p>Avec une admiration incommensurable, Edwige Tournier livre un t\u00e9moignage poignant sur sa s\u0153ur Christine, d\u00e9c\u00e9d\u00e9e \u00e0 l\u2019\u00e2ge de trente ans et atteinte de trisomie 21. Ode \u00e0 l\u2019amour fraternel, Toi ma s\u0153ur ouvre, avec justesse et retenue, une r\u00e9flexion sur la normalit\u00e9, sur l\u2019int\u00e9gration et l\u2019acceptation des handicap\u00e9s dans la soci\u00e9t\u00e9. Comme la vie de Christine, rythm\u00e9e par la musique, le texte est illustr\u00e9 de paroles de chansons servant parfaitement le r\u00e9cit, et offrant une porte d\u2019entr\u00e9e vers l\u2019univers de la jeune femme. (Pr\u00e9sentation de l&rsquo;\u00e9diteur)<\/p>\n<p>TOURNIER E.<\/p>\n<p>Soci\u00e9t\u00e9 des \u00e9crivains<\/p>\n<p>2011-58p.<\/p>\n<p>ISBN\u00a0: 978-2-7483-6345-6<\/p>\n<p>Cote doc\u00a0: 4-10-TOU-T<\/p>\n<p><strong><em>Uniquement \u00e0 la location<\/em><\/strong><\/p>\n<span class=\"et_bloom_bottom_trigger\"><\/span>","protected":false},"excerpt":{"rendered":"<p>Avec une admiration incommensurable, Edwige Tournier livre un t\u00e9moignage poignant sur sa s\u0153ur Christine, d\u00e9c\u00e9d\u00e9e \u00e0 l\u2019\u00e2ge de trente ans et atteinte de trisomie 21.<\/p>\n","protected":false},"featured_media":2347,"comment_status":"closed","ping_status":"closed","template":"","meta":{"_et_pb_use_builder":"","_et_pb_old_content":"","_et_gb_content_width":"","spay_email":""},"class_list":["post-2346","product","type-product","status-publish","has-post-thumbnail","hentry","product_cat-livres","product_tag-fratrie","product_tag-personne-handicapee","product_tag-relation-fraternelle","product_tag-temoignage","product_tag-trisomie-21"],"jetpack_sharing_enabled":true,"jetpack_likes_enabled":true,"_links":{"self":[{"href":"https:\/\/www.parthages.be\/eboutique\/wp-json\/wp\/v2\/product\/2346","targetHints":{"allow":["GET"]}}],"collection":[{"href":"https:\/\/www.parthages.be\/eboutique\/wp-json\/wp\/v2\/product"}],"about":[{"href":"https:\/\/www.parthages.be\/eboutique\/wp-json\/wp\/v2\/types\/product"}],"replies":[{"embeddable":true,"href":"https:\/\/www.parthages.be\/eboutique\/wp-json\/wp\/v2\/comments?post=2346"}],"wp:featuredmedia":[{"embeddable":true,"href":"https:\/\/www.parthages.be\/eboutique\/wp-json\/wp\/v2\/media\/2347"}],"wp:attachment":[{"href":"https:\/\/www.parthages.be\/eboutique\/wp-json\/wp\/v2\/media?parent=2346"}],"curies":[{"name":"wp","href":"https:\/\/api.w.org\/{rel}","templated":true}]}}