{"id":2348,"date":"2022-02-22T08:36:07","date_gmt":"2022-02-22T07:36:07","guid":{"rendered":"https:\/\/www.parthages.be\/eboutique\/?post_type=product&#038;p=2348"},"modified":"2022-03-23T17:19:42","modified_gmt":"2022-03-23T16:19:42","slug":"guide-de-lattachement-en-familles-daccueil-et-adoptives","status":"publish","type":"product","link":"https:\/\/www.parthages.be\/eboutique\/produit\/guide-de-lattachement-en-familles-daccueil-et-adoptives\/","title":{"rendered":"Guide de l&rsquo;attachement en familles d&rsquo;accueil et adoptives"},"content":{"rendered":"<p>L&rsquo;attachement est au coeur de la vie familiale, et encore plus quand il s&rsquo;agit du placement et de l&rsquo;adoption.<\/p>\n<p>La th\u00e9orie de l&rsquo;attachement et la recherche portant sur le d\u00e9veloppement fournissent un cadre essentiel pour comprendre le comportement d&rsquo;enfants aux exp\u00e9riences pr\u00e9coces complexes, et saisir leurs points forts et leurs difficult\u00e9s. Cet ouvrage de r\u00e9f\u00e9rence se veut \u00e0 la fois th\u00e9orique et pratique. Il pr\u00e9sente les principes de la th\u00e9orie, et rend compte des modes s\u00e9cure, ins\u00e9cures et d\u00e9sorganis\u00e9 du d\u00e9veloppement de l&rsquo;attachement depuis la naissance jusqu&rsquo;\u00e0 l&rsquo;\u00e2ge adulte. Il \u00e9tudie les cons\u00e9quences des exp\u00e9riences d&rsquo;abus, de n\u00e9gligence et de la s\u00e9paration sur le comportement des enfants dans les familles d&rsquo;accueil et les familles adoptives.<\/p>\n<p>Il d\u00e9taille \u00e9galement les diff\u00e9rentes dimensions du r\u00f4le parental qui permettent d&rsquo;aider les enfants \u00e0 se sentir davantage en s\u00e9curit\u00e9 ainsi qu&rsquo;\u00e0 r\u00e9aliser leur potentiel dans la famille, \u00e0 l&rsquo;\u00e9cole ou ailleurs. Enfin, les auteurs pr\u00e9sentent le r\u00f4le essentiel que jouent les travailleurs sociaux. En prenant en compte la dimension de l&rsquo;attachement, ils peuvent agir dans les diff\u00e9rents domaines de la pratique du placement, notamment le contact des enfants avec leur famille biologique, et conseiller utilement les parents de familles d&rsquo;accueil et adoptives sur la fa\u00e7on de fournir une base de s\u00e9curit\u00e9 \u00e0 leur enfant. Le livre est parcouru de nombreux exemples de cas, qui permettent de communiquer de fa\u00e7on vivante les propos des familles d&rsquo;accueil et des familles adoptives. Ils illustrent aussi comment apporter le soutien requis aux parents de familles d&rsquo;accueil et adoptives.<\/p>\n<p>Cet ouvrage s&rsquo;adresse aux psychiatres, psychologues, p\u00e9diatres, infirmiers et \u00e0 leurs \u00e9tudiants, aux praticiens du travail social, assistants sociaux et \u00e9ducateurs, tout comme aux parents adoptifs et de familles d&rsquo;accueil. Il int\u00e9ressera \u00e9galement tous ceux qui souhaitent s&rsquo;assurer que les enfants devant \u00eatre plac\u00e9s ou adopt\u00e9s b\u00e9n\u00e9ficient de la meilleure exp\u00e9rience possible. (Pr\u00e9sentation de l&rsquo;\u00e9diteur)<\/p>\n<p>SCHOFIELD G. \u2013 BEEK M.<\/p>\n<p>Elsevier Masson<\/p>\n<p>2011-536p.<\/p>\n<p>ISBN: 978-2-294-70902-9<\/p>\n<p>Cote doc: 4-10-SCH-G<\/p>\n<p><strong><em>Uniquement \u00e0 la location<\/em><\/strong><\/p>\n<span class=\"et_bloom_bottom_trigger\"><\/span>","protected":false},"excerpt":{"rendered":"<p>L&rsquo;attachement est au coeur de la vie familiale, et encore plus quand il s&rsquo;agit du placement et de l&rsquo;adoption.<\/p>\n","protected":false},"featured_media":2349,"comment_status":"closed","ping_status":"closed","template":"","meta":{"_et_pb_use_builder":"","_et_pb_old_content":"","_et_gb_content_width":"","spay_email":""},"class_list":["post-2348","product","type-product","status-publish","has-post-thumbnail","hentry","product_cat-livres","product_tag-accompagnement","product_tag-adoption","product_tag-attachement","product_tag-complication","product_tag-developpement-de-lenfant","product_tag-famille-daccueil","product_tag-placement-familial","product_tag-role-des-parents","product_tag-securite","product_tag-sentiment","product_tag-theorie"],"jetpack_sharing_enabled":true,"jetpack_likes_enabled":true,"_links":{"self":[{"href":"https:\/\/www.parthages.be\/eboutique\/wp-json\/wp\/v2\/product\/2348","targetHints":{"allow":["GET"]}}],"collection":[{"href":"https:\/\/www.parthages.be\/eboutique\/wp-json\/wp\/v2\/product"}],"about":[{"href":"https:\/\/www.parthages.be\/eboutique\/wp-json\/wp\/v2\/types\/product"}],"replies":[{"embeddable":true,"href":"https:\/\/www.parthages.be\/eboutique\/wp-json\/wp\/v2\/comments?post=2348"}],"wp:featuredmedia":[{"embeddable":true,"href":"https:\/\/www.parthages.be\/eboutique\/wp-json\/wp\/v2\/media\/2349"}],"wp:attachment":[{"href":"https:\/\/www.parthages.be\/eboutique\/wp-json\/wp\/v2\/media?parent=2348"}],"curies":[{"name":"wp","href":"https:\/\/api.w.org\/{rel}","templated":true}]}}