{"id":2350,"date":"2022-02-22T08:37:23","date_gmt":"2022-02-22T07:37:23","guid":{"rendered":"https:\/\/www.parthages.be\/eboutique\/?post_type=product&#038;p=2350"},"modified":"2022-03-23T17:19:26","modified_gmt":"2022-03-23T16:19:26","slug":"fratrie-et-handicap-linfluence-du-handicap-dune-personne-sur-ses-freres-et-soeurs","status":"publish","type":"product","link":"https:\/\/www.parthages.be\/eboutique\/produit\/fratrie-et-handicap-linfluence-du-handicap-dune-personne-sur-ses-freres-et-soeurs\/","title":{"rendered":"Fratrie et handicap : l&rsquo;influence du handicap d&rsquo;une personne sur ses fr\u00e8res et s\u0153urs"},"content":{"rendered":"<p>L&rsquo;identit\u00e9, les relations sociales, la vie affective des adultes portant l&#8217;empreinte de leurs affections et haines fraternelles, que se passe-t-il quand un de ces enfants de la fratrie est porteur d&rsquo;un handicap ? R\u00e9gine Scelles expose comment le handicap qui touche une personne affecte aussi chacun de ses fr\u00e8res et s\u0153urs. Dans une perspective de pr\u00e9vention, elle montre la n\u00e9cessit\u00e9 d&rsquo;offrir aux fr\u00e8res et aux s\u0153urs, d\u00e8s leur plus jeune \u00e2ge, la possibilit\u00e9 de parler : de leur difficult\u00e9 \u00e0 g\u00e9rer cette situation sur la sc\u00e8ne sociale et familiale, de leur honte et de leur culpabilit\u00e9. (Pr\u00e9sentation de l&rsquo;\u00e9diteur)<\/p>\n<p>SCELLES R.<\/p>\n<p>Editions L&rsquo;Harmattan<\/p>\n<p>1997-240p.-24\u20ac<\/p>\n<p>340gr<\/p>\n<p>ISBN\u00a0: 2-7384-6265-0<\/p>\n<p>Cote doc\u00a0: 4-10-SCE-F<\/p>\n<span class=\"et_bloom_bottom_trigger\"><\/span>","protected":false},"excerpt":{"rendered":"<p>L&rsquo;identit\u00e9, les relations sociales, la vie affective des adultes portant l&#8217;empreinte de leurs affections et haines fraternelles&#8230;<\/p>\n","protected":false},"featured_media":2351,"comment_status":"closed","ping_status":"closed","template":"","meta":{"_et_pb_use_builder":"","_et_pb_old_content":"","_et_gb_content_width":"","spay_email":""},"class_list":["post-2350","product","type-product","status-publish","has-post-thumbnail","hentry","product_cat-livres","product_tag-famille","product_tag-fratrie","product_tag-handicap","product_tag-personne-handicapee","product_tag-psychanalyse","product_tag-relation-fraternelle","product_tag-vecu","product_tag-vieillissement"],"jetpack_sharing_enabled":true,"jetpack_likes_enabled":true,"_links":{"self":[{"href":"https:\/\/www.parthages.be\/eboutique\/wp-json\/wp\/v2\/product\/2350","targetHints":{"allow":["GET"]}}],"collection":[{"href":"https:\/\/www.parthages.be\/eboutique\/wp-json\/wp\/v2\/product"}],"about":[{"href":"https:\/\/www.parthages.be\/eboutique\/wp-json\/wp\/v2\/types\/product"}],"replies":[{"embeddable":true,"href":"https:\/\/www.parthages.be\/eboutique\/wp-json\/wp\/v2\/comments?post=2350"}],"wp:featuredmedia":[{"embeddable":true,"href":"https:\/\/www.parthages.be\/eboutique\/wp-json\/wp\/v2\/media\/2351"}],"wp:attachment":[{"href":"https:\/\/www.parthages.be\/eboutique\/wp-json\/wp\/v2\/media?parent=2350"}],"curies":[{"name":"wp","href":"https:\/\/api.w.org\/{rel}","templated":true}]}}