{"id":2364,"date":"2022-02-22T09:28:16","date_gmt":"2022-02-22T08:28:16","guid":{"rendered":"https:\/\/www.parthages.be\/eboutique\/?post_type=product&#038;p=2364"},"modified":"2022-02-22T09:28:17","modified_gmt":"2022-02-22T08:28:17","slug":"une-vie-a-vivre-avec-les-personnes-handicapees-mentales","status":"publish","type":"product","link":"https:\/\/www.parthages.be\/eboutique\/produit\/une-vie-a-vivre-avec-les-personnes-handicapees-mentales\/","title":{"rendered":"Une vie \u00e0 vivre avec les personnes handicap\u00e9es mentales"},"content":{"rendered":"<p>Ce livre analyse la collaboration entre les parents et les professionnels sociaux face \u00e0 l&rsquo;\u00e9ducation des personnes handicap\u00e9es mentales. Il fait aborde la scolarit\u00e9, l&rsquo;\u00e9ventualit\u00e9 de la mise en internat, les difficult\u00e9s de l&rsquo;int\u00e9gration sociale, le d\u00e9veloppement de la sexualit\u00e9 et de l&rsquo;affectivit\u00e9 ainsi que de la vie chr\u00e9tienne et des valeurs morales et \u00e9thiques. Les auteurs sont un pr\u00eatre charg\u00e9 des personnes handicap\u00e9es, une p\u00e9dopsychiatre sp\u00e9cialis\u00e9e, une maman d&rsquo;un enfant atteint d&rsquo;un handicap mental grave. (Pr\u00e9sentation de l&rsquo;\u00e9diteur)<\/p>\n<p>DAVIN J.- DELVIN E.- LE POLAIN DE WAROUX V.<\/p>\n<p>Centurion<\/p>\n<p>1989-219p.<\/p>\n<p>ISBN\u00a0: 2-227-20215-7<\/p>\n<p>Cote doc\u00a0: 4-10-DAV-V<\/p>\n<p><strong><em>Uniquement \u00e0 la location<\/em><\/strong><\/p>\n<span class=\"et_bloom_bottom_trigger\"><\/span>","protected":false},"excerpt":{"rendered":"<p>Ce livre analyse la collaboration entre les parents et les professionnels sociaux face \u00e0 l&rsquo;\u00e9ducation des personnes handicap\u00e9es mentales.<\/p>\n","protected":false},"featured_media":2365,"comment_status":"closed","ping_status":"closed","template":"","meta":{"_et_pb_use_builder":"","_et_pb_old_content":"","_et_gb_content_width":"","spay_email":""},"class_list":["post-2364","product","type-product","status-publish","has-post-thumbnail","hentry","product_cat-livres","product_tag-adulte","product_tag-centre-dhebergement","product_tag-deficience-intellectuelle","product_tag-entourage","product_tag-ethique","product_tag-famille","product_tag-france","product_tag-integration-sociale","product_tag-organisme","product_tag-parent","product_tag-personne-handicapee","product_tag-religion","product_tag-scolarite","product_tag-sexualite","product_tag-temoignage"],"jetpack_sharing_enabled":true,"jetpack_likes_enabled":true,"_links":{"self":[{"href":"https:\/\/www.parthages.be\/eboutique\/wp-json\/wp\/v2\/product\/2364","targetHints":{"allow":["GET"]}}],"collection":[{"href":"https:\/\/www.parthages.be\/eboutique\/wp-json\/wp\/v2\/product"}],"about":[{"href":"https:\/\/www.parthages.be\/eboutique\/wp-json\/wp\/v2\/types\/product"}],"replies":[{"embeddable":true,"href":"https:\/\/www.parthages.be\/eboutique\/wp-json\/wp\/v2\/comments?post=2364"}],"wp:featuredmedia":[{"embeddable":true,"href":"https:\/\/www.parthages.be\/eboutique\/wp-json\/wp\/v2\/media\/2365"}],"wp:attachment":[{"href":"https:\/\/www.parthages.be\/eboutique\/wp-json\/wp\/v2\/media?parent=2364"}],"curies":[{"name":"wp","href":"https:\/\/api.w.org\/{rel}","templated":true}]}}