{"id":2366,"date":"2022-02-22T09:29:20","date_gmt":"2022-02-22T08:29:20","guid":{"rendered":"https:\/\/www.parthages.be\/eboutique\/?post_type=product&#038;p=2366"},"modified":"2022-03-23T17:33:37","modified_gmt":"2022-03-23T16:33:37","slug":"sauve-toi-maman","status":"publish","type":"product","link":"https:\/\/www.parthages.be\/eboutique\/produit\/sauve-toi-maman\/","title":{"rendered":"Sauve-toi maman&#8230;"},"content":{"rendered":"<p>Cet ouvrage est destin\u00e9 aux parents de jeunes (et moins jeunes) adultes handicap\u00e9s, alors qu&rsquo;ils s&rsquo;appr\u00eatent \u00e0 s&rsquo;en s\u00e9parer c&rsquo;est-\u00e0-dire \u00e0 les mettre sur leur propre chemin&#8230;. Comment passer de la s\u00e9paration \u00e0 l&rsquo;autonomie et \u00e9tablir de nouveaux liens sans culpabilit\u00e9<\/p>\n<p>Pour qu&rsquo;enfin ce moment soit reconnu comme un tournant qu&rsquo;il convient de r\u00e9ussir,<\/p>\n<p>Pour que cesse l&rsquo;improvisation, qui peut \u00eatre pr\u00e9judiciable et conduire dans certains cas \u00e0 une r\u00e9gression de la personne handicap\u00e9e et \u00e0 une d\u00e9pression de l&rsquo;accompagnant, la m\u00e8re le plus souvent&#8230;<\/p>\n<p>Enfin, pour que cesse la solitude de l&rsquo;accompagnant, qu&rsquo;il soit tuteur et\/ou simple parent&#8230;<\/p>\n<p>Ce tournant, en fait une forme de \u00ab baby blues \u00bb v\u00e9cu vingt ans plus tard, se pr\u00e9pare&#8230;<\/p>\n<p>Tel est l&rsquo;objet de ce livre. (Pr\u00e9sentation de l&rsquo;\u00e9diteur)<\/p>\n<p>LARCHER M.<\/p>\n<p>Editions AFD<\/p>\n<p>2008-85p.<\/p>\n<p>ISBN\u00a0: 978-2-917150-05-4<\/p>\n<p>Cote doc\u00a0: 4-10-LAR-S<\/p>\n<p><strong><em>Uniquement \u00e0 la location<\/em><\/strong><\/p>\n<span class=\"et_bloom_bottom_trigger\"><\/span>","protected":false},"excerpt":{"rendered":"<p>Cet ouvrage est destin\u00e9 aux parents de jeunes (et moins jeunes) adultes handicap\u00e9s, alors qu&rsquo;ils s&rsquo;appr\u00eatent \u00e0 s&rsquo;en s\u00e9parer c&rsquo;est-\u00e0-dire \u00e0 les mettre sur leur propre chemin&#8230;. Comment passer de la s\u00e9paration \u00e0 l&rsquo;autonomie et \u00e9tablir de nouveaux liens sans culpabilit\u00e9<\/p>\n","protected":false},"featured_media":2367,"comment_status":"closed","ping_status":"closed","template":"","meta":{"_et_pb_use_builder":"","_et_pb_old_content":"","_et_gb_content_width":"","spay_email":""},"class_list":["post-2366","product","type-product","status-publish","has-post-thumbnail","hentry","product_cat-livres","product_tag-adulte","product_tag-autonomie","product_tag-enfant-handicape","product_tag-jeune-adulte","product_tag-mere","product_tag-parent","product_tag-personne-handicapee","product_tag-placement-en-institution","product_tag-separation","product_tag-temoignage"],"jetpack_sharing_enabled":true,"jetpack_likes_enabled":true,"_links":{"self":[{"href":"https:\/\/www.parthages.be\/eboutique\/wp-json\/wp\/v2\/product\/2366","targetHints":{"allow":["GET"]}}],"collection":[{"href":"https:\/\/www.parthages.be\/eboutique\/wp-json\/wp\/v2\/product"}],"about":[{"href":"https:\/\/www.parthages.be\/eboutique\/wp-json\/wp\/v2\/types\/product"}],"replies":[{"embeddable":true,"href":"https:\/\/www.parthages.be\/eboutique\/wp-json\/wp\/v2\/comments?post=2366"}],"wp:featuredmedia":[{"embeddable":true,"href":"https:\/\/www.parthages.be\/eboutique\/wp-json\/wp\/v2\/media\/2367"}],"wp:attachment":[{"href":"https:\/\/www.parthages.be\/eboutique\/wp-json\/wp\/v2\/media?parent=2366"}],"curies":[{"name":"wp","href":"https:\/\/api.w.org\/{rel}","templated":true}]}}