{"id":2368,"date":"2022-02-22T09:37:41","date_gmt":"2022-02-22T08:37:41","guid":{"rendered":"https:\/\/www.parthages.be\/eboutique\/?post_type=product&#038;p=2368"},"modified":"2022-03-15T11:48:10","modified_gmt":"2022-03-15T10:48:10","slug":"parents-denfant-handicape","status":"publish","type":"product","link":"https:\/\/www.parthages.be\/eboutique\/produit\/parents-denfant-handicape\/","title":{"rendered":"Parents d&rsquo;enfant handicap\u00e9"},"content":{"rendered":"<p>La responsabilit\u00e9 parentale constitue, sans nul doute, la t\u00e2che la plus engageante et difficile incombant \u00e0 des \u00eatres humains. Mais lorsque l&rsquo;enfant est handicap\u00e9, elle se r\u00e9v\u00e8le bien plus d\u00e9licate et complexe encore. Elle exige un courage souvent hors du commun pour affronter le quotidien et la force de se battre sur tous les fronts : avec les m\u00e9decins, les \u00e9ducateurs, les enseignants, les administrations&#8230; et les autres, qui ne viennent pas toujours \u00e0 la rescousse quand ils sont attendus.<\/p>\n<p>Ce livre con\u00e7u par Charles Gardou ne se contente pas d&rsquo;expliquerce qu&rsquo;il en est : il donne \u00e0 comprendre les bouleversements existentiels que connaissent des parents projet\u00e9s par le m\u00eame canon dans l&rsquo;univers du handicap. (Pr\u00e9sentation de l&rsquo;\u00e9diteur)<\/p>\n<p>GARDOU C.<\/p>\n<p>Editions Er\u00e8s<\/p>\n<p>2012-184p.-12\u20ac<\/p>\n<p>140gr<\/p>\n<p>ISBN\u00a0: 978-2-7492-1659-1<\/p>\n<p>Cote doc\u00a0: 4-10-GAR-P\/1<\/p>\n<span class=\"et_bloom_bottom_trigger\"><\/span>","protected":false},"excerpt":{"rendered":"<p>La responsabilit\u00e9 parentale constitue, sans nul doute, la t\u00e2che la plus engageante et difficile incombant \u00e0 des \u00eatres humains.<\/p>\n","protected":false},"featured_media":2369,"comment_status":"closed","ping_status":"closed","template":"","meta":{"_et_pb_use_builder":"","_et_pb_old_content":"","_et_gb_content_width":"","spay_email":""},"class_list":["post-2368","product","type-product","status-publish","has-post-thumbnail","hentry","product_cat-livres","product_tag-annonce-du-handicap","product_tag-enfant-handicape","product_tag-parent","product_tag-relation-famille-soignant","product_tag-relation-parent-enfant","product_tag-relation-parent-intervenant"],"jetpack_sharing_enabled":true,"jetpack_likes_enabled":true,"_links":{"self":[{"href":"https:\/\/www.parthages.be\/eboutique\/wp-json\/wp\/v2\/product\/2368","targetHints":{"allow":["GET"]}}],"collection":[{"href":"https:\/\/www.parthages.be\/eboutique\/wp-json\/wp\/v2\/product"}],"about":[{"href":"https:\/\/www.parthages.be\/eboutique\/wp-json\/wp\/v2\/types\/product"}],"replies":[{"embeddable":true,"href":"https:\/\/www.parthages.be\/eboutique\/wp-json\/wp\/v2\/comments?post=2368"}],"wp:featuredmedia":[{"embeddable":true,"href":"https:\/\/www.parthages.be\/eboutique\/wp-json\/wp\/v2\/media\/2369"}],"wp:attachment":[{"href":"https:\/\/www.parthages.be\/eboutique\/wp-json\/wp\/v2\/media?parent=2368"}],"curies":[{"name":"wp","href":"https:\/\/api.w.org\/{rel}","templated":true}]}}