{"id":2371,"date":"2022-03-01T11:38:34","date_gmt":"2022-03-01T10:38:34","guid":{"rendered":"https:\/\/www.parthages.be\/eboutique\/?post_type=product&#038;p=2371"},"modified":"2022-05-16T19:24:20","modified_gmt":"2022-05-16T17:24:20","slug":"dans-les-yeux-de-lya-1-en-quete-de-verite","status":"publish","type":"product","link":"https:\/\/www.parthages.be\/eboutique\/produit\/dans-les-yeux-de-lya-1-en-quete-de-verite\/","title":{"rendered":"Dans les yeux de Lya &#8211; 1. En qu\u00eate de v\u00e9rit\u00e9"},"content":{"rendered":"<p>\u00c0 la veille de ses 17 ans, Lya se fait renverser par un chauffard qui prend la fuite, la laissant pour morte. Elle survivra mais devra rester en fauteuil roulant toute sa vie. Quatre ann\u00e9es plus tard, elle termine son DUT Carri\u00e8res juridiques et d\u00e9croche un stage dans le cabinet d&rsquo;avocats le plus prestigieux de la ville, celui du c\u00e9l\u00e8bre et m\u00e9diatique ma\u00eetre Martin de Villegan. Son stage n&rsquo;a pas \u00e9t\u00e9 choisi par hasard, bien au contraire. C&rsquo;est ce m\u00eame cabinet qui a r\u00e9gl\u00e9 son cas des ann\u00e9es auparavant. Ses parents ne lui en ont rien dit mais elle a d\u00e9couvert qu&rsquo;ils avaient \u00e9t\u00e9 achet\u00e9s pour \u00e9viter des poursuites juridiques. Bien d\u00e9cid\u00e9e \u00e0 retrouver celui qui l&rsquo;a renvers\u00e9e et \u00e0 lui faire payer, elle va se mettre en qu\u00eate du dossier. Un jeu dangereux commence alors et sa soif de vengeance ne sera pas sans cons\u00e9quences&#8230; (Pr\u00e9sentation de l\u2019\u00e9diteur)<\/p>\n<p>CUNHA-CARBONE J.<\/p>\n<p>Editions Dupuis<\/p>\n<p>2019 \u2013 64p. -12,50 \u20ac<\/p>\n<p>490gr<\/p>\n<p>ISBN\u00a0: 979-1-0347-3263-0<\/p>\n<p>Cote doc\u00a0: 11-CUN-L\/1<\/p>\n<span class=\"et_bloom_bottom_trigger\"><\/span>","protected":false},"excerpt":{"rendered":"<p>\u00c0 la veille de ses 17 ans, Lya se fait renverser par un chauffard qui prend la fuite, la laissant pour morte.<\/p>\n","protected":false},"featured_media":2372,"comment_status":"closed","ping_status":"closed","template":"","meta":{"_et_pb_use_builder":"","_et_pb_old_content":"","_et_gb_content_width":"","spay_email":""},"class_list":["post-2371","product","type-product","status-publish","has-post-thumbnail","hentry","product_cat-livres","product_cat-livres-jeunesse","product_tag-accident-de-la-route","product_tag-adolescence","product_tag-bande-dessinee","product_tag-enquete","product_tag-jeunesse","product_tag-personne-handicapee","product_tag-tetraplegie"],"jetpack_sharing_enabled":true,"jetpack_likes_enabled":true,"_links":{"self":[{"href":"https:\/\/www.parthages.be\/eboutique\/wp-json\/wp\/v2\/product\/2371","targetHints":{"allow":["GET"]}}],"collection":[{"href":"https:\/\/www.parthages.be\/eboutique\/wp-json\/wp\/v2\/product"}],"about":[{"href":"https:\/\/www.parthages.be\/eboutique\/wp-json\/wp\/v2\/types\/product"}],"replies":[{"embeddable":true,"href":"https:\/\/www.parthages.be\/eboutique\/wp-json\/wp\/v2\/comments?post=2371"}],"wp:featuredmedia":[{"embeddable":true,"href":"https:\/\/www.parthages.be\/eboutique\/wp-json\/wp\/v2\/media\/2372"}],"wp:attachment":[{"href":"https:\/\/www.parthages.be\/eboutique\/wp-json\/wp\/v2\/media?parent=2371"}],"curies":[{"name":"wp","href":"https:\/\/api.w.org\/{rel}","templated":true}]}}