{"id":2373,"date":"2022-03-01T11:39:53","date_gmt":"2022-03-01T10:39:53","guid":{"rendered":"https:\/\/www.parthages.be\/eboutique\/?post_type=product&#038;p=2373"},"modified":"2022-05-16T19:24:19","modified_gmt":"2022-05-16T17:24:19","slug":"dans-les-yeux-de-lya-2-sur-les-traces-du-coupable","status":"publish","type":"product","link":"https:\/\/www.parthages.be\/eboutique\/produit\/dans-les-yeux-de-lya-2-sur-les-traces-du-coupable\/","title":{"rendered":"Dans les yeux de Lya &#8211; 2. Sur les traces du coupable"},"content":{"rendered":"<p>Lya va peut-\u00eatre enfin conna\u00eetre l&rsquo;identit\u00e9 du chauffard qui l&rsquo;a renvers\u00e9e la veille de ses 17 ans. Elle tient dans ses mains le dossier subtilis\u00e9 dans le bureau de ma\u00eetre Martin de Villegan. C&rsquo;est pour ce dossier qu&rsquo;elle s&rsquo;est fait embaucher comme stagiaire dans ce cabinet d&rsquo;avocats. Tout \u00e7a pour \u00e7a. Mais Lya peut compter sur ses deux alli\u00e9s fid\u00e8les, Ad\u00e8le sa coll\u00e8gue d\u00e9vou\u00e9e et Antoine son meilleur ami. Sur le terrain, l&rsquo;enqu\u00eate pour la v\u00e9rit\u00e9 vire \u00e0 la s\u00e9rie noire. (Pr\u00e9sentation de l\u2019\u00e9diteur)<\/p>\n<p>CUNHA-CARBONE J.<\/p>\n<p>Editions Dupuis<\/p>\n<p>2020 \u2013 64p. -12,50 \u20ac<\/p>\n<p>490gr<\/p>\n<p>ISBN\u00a0: 979-1-0347-36867<\/p>\n<p>Cote doc\u00a0: 11-CUN-L\/2<\/p>\n<span class=\"et_bloom_bottom_trigger\"><\/span>","protected":false},"excerpt":{"rendered":"<p>Lya va peut-\u00eatre enfin conna\u00eetre l&rsquo;identit\u00e9 du chauffard qui l&rsquo;a renvers\u00e9e la veille de ses 17 ans.<\/p>\n","protected":false},"featured_media":2374,"comment_status":"closed","ping_status":"closed","template":"","meta":{"_et_pb_use_builder":"","_et_pb_old_content":"","_et_gb_content_width":"","spay_email":""},"class_list":["post-2373","product","type-product","status-publish","has-post-thumbnail","hentry","product_cat-livres","product_cat-livres-jeunesse","product_tag-accident-de-la-route","product_tag-adolescence","product_tag-bande-dessinee","product_tag-enquete","product_tag-jeunesse","product_tag-personne-handicapee","product_tag-tetraplegie"],"jetpack_sharing_enabled":true,"jetpack_likes_enabled":true,"_links":{"self":[{"href":"https:\/\/www.parthages.be\/eboutique\/wp-json\/wp\/v2\/product\/2373","targetHints":{"allow":["GET"]}}],"collection":[{"href":"https:\/\/www.parthages.be\/eboutique\/wp-json\/wp\/v2\/product"}],"about":[{"href":"https:\/\/www.parthages.be\/eboutique\/wp-json\/wp\/v2\/types\/product"}],"replies":[{"embeddable":true,"href":"https:\/\/www.parthages.be\/eboutique\/wp-json\/wp\/v2\/comments?post=2373"}],"wp:featuredmedia":[{"embeddable":true,"href":"https:\/\/www.parthages.be\/eboutique\/wp-json\/wp\/v2\/media\/2374"}],"wp:attachment":[{"href":"https:\/\/www.parthages.be\/eboutique\/wp-json\/wp\/v2\/media?parent=2373"}],"curies":[{"name":"wp","href":"https:\/\/api.w.org\/{rel}","templated":true}]}}