{"id":2384,"date":"2022-03-01T12:03:00","date_gmt":"2022-03-01T11:03:00","guid":{"rendered":"https:\/\/www.parthages.be\/eboutique\/?post_type=product&#038;p=2384"},"modified":"2022-05-16T19:24:18","modified_gmt":"2022-05-16T17:24:18","slug":"dans-les-yeux-de-lya-3-un-coupable-intouchable","status":"publish","type":"product","link":"https:\/\/www.parthages.be\/eboutique\/produit\/dans-les-yeux-de-lya-3-un-coupable-intouchable\/","title":{"rendered":"Dans les yeux de Lya \u2013 3. Un coupable intouchable"},"content":{"rendered":"<p>Chez son meilleur ami Antoine, avec Ad\u00e8le sa coll\u00e8gue d\u00e9vou\u00e9e, Lya pr\u00e9pare sa vengeance contre la famille Von Diter, maintenant qu&rsquo;elle sait qu&rsquo;ils sont li\u00e9s d&rsquo;une mani\u00e8re ou d&rsquo;une autre \u00e0 son accident. La veille de ses 17 ans, fauch\u00e9e par une voiture qui a pris la fuite, laiss\u00e9e pour morte, elle perdait l&rsquo;usage de ses jambes pour la vie. Le fauteuil roulant n&#8217;emp\u00eache pas Lya d&rsquo;\u00eatre l&rsquo;h\u00e9ro\u00efne intelligente et jolie de ce thriller judiciaire \u00e9mouvant qui assimile son handicap en s&rsquo;affranchissant de toute forme de condescendance. Courageuse, la jeune femme n&rsquo;a pas h\u00e9sit\u00e9 \u00e0 se faire embaucher comme stagiaire au cabinet de l&rsquo;avocat de la famille Von Diter, qui a achet\u00e9 le silence de ses parents. \u00c9paul\u00e9e par ses amis, d\u00e9termin\u00e9s, Lya m\u00e8nera son enqu\u00eate jusqu&rsquo;au bout. Elle d\u00e9masquera bient\u00f4t le chauffard qui l&rsquo;a renvers\u00e9e. Reste \u00e0 savoir comment elle pourra obtenir justice face \u00e0 ce coupable intouchable qui pense que tout se r\u00e9pare avec de l&rsquo;argent. Le myst\u00e8re est r\u00e9solu dans ce troisi\u00e8me tome, laissant \u00e9clater la v\u00e9rit\u00e9 dans un d\u00e9nouement \u00e9mouvant qui prend aux tripes. (Pr\u00e9sentation de l\u2019\u00e9diteur)<\/p>\n<p>CUNHA-CARBONE J.<\/p>\n<p>Editions Dupuis<\/p>\n<p>2021 \u2013 64p. -12,50 \u20ac<\/p>\n<p>498gr<\/p>\n<p>ISBN: 979-1-0347-3896-0<\/p>\n<p>Cote doc\u00a0: 11-CUN-L\/3<\/p>\n<span class=\"et_bloom_bottom_trigger\"><\/span>","protected":false},"excerpt":{"rendered":"<p>Chez son meilleur ami Antoine, avec Ad\u00e8le sa coll\u00e8gue d\u00e9vou\u00e9e, Lya pr\u00e9pare sa vengeance contre la famille Von Diter, maintenant qu&rsquo;elle sait qu&rsquo;ils sont li\u00e9s d&rsquo;une mani\u00e8re ou d&rsquo;une autre \u00e0 son accident.<\/p>\n","protected":false},"featured_media":2385,"comment_status":"closed","ping_status":"closed","template":"","meta":{"_et_pb_use_builder":"","_et_pb_old_content":"","_et_gb_content_width":"","spay_email":""},"class_list":["post-2384","product","type-product","status-publish","has-post-thumbnail","hentry","product_cat-livres","product_cat-livres-jeunesse","product_tag-accident-de-la-route","product_tag-adolescence","product_tag-bande-dessinee","product_tag-enquete","product_tag-jeunesse","product_tag-personne-handicapee","product_tag-tetraplegie"],"jetpack_sharing_enabled":true,"jetpack_likes_enabled":true,"_links":{"self":[{"href":"https:\/\/www.parthages.be\/eboutique\/wp-json\/wp\/v2\/product\/2384","targetHints":{"allow":["GET"]}}],"collection":[{"href":"https:\/\/www.parthages.be\/eboutique\/wp-json\/wp\/v2\/product"}],"about":[{"href":"https:\/\/www.parthages.be\/eboutique\/wp-json\/wp\/v2\/types\/product"}],"replies":[{"embeddable":true,"href":"https:\/\/www.parthages.be\/eboutique\/wp-json\/wp\/v2\/comments?post=2384"}],"wp:featuredmedia":[{"embeddable":true,"href":"https:\/\/www.parthages.be\/eboutique\/wp-json\/wp\/v2\/media\/2385"}],"wp:attachment":[{"href":"https:\/\/www.parthages.be\/eboutique\/wp-json\/wp\/v2\/media?parent=2384"}],"curies":[{"name":"wp","href":"https:\/\/api.w.org\/{rel}","templated":true}]}}