{"id":2387,"date":"2022-03-01T13:22:18","date_gmt":"2022-03-01T12:22:18","guid":{"rendered":"https:\/\/www.parthages.be\/eboutique\/?post_type=product&#038;p=2387"},"modified":"2022-05-16T19:24:11","modified_gmt":"2022-05-16T17:24:11","slug":"a-la-belle-etoile","status":"publish","type":"product","link":"https:\/\/www.parthages.be\/eboutique\/produit\/a-la-belle-etoile\/","title":{"rendered":"A la belle \u00e9toile"},"content":{"rendered":"<p>Ya\u00eblle a un grand fr\u00e8re handicap\u00e9, Pierrot. Un matin, elle lui propose de l&rsquo;accompagner \u00e0 l&rsquo;\u00e9cole. Pierrot est ravi\u00a0: \u00e7a fait tellement longtemps qu&rsquo;il r\u00eave d&rsquo;aller \u00e0 l&rsquo;\u00e9cole des gens normaux. Mais quand on se moque de lui, il perd tous ses moyens. Alors, il fugue et s&rsquo;\u00e9gare dans la ville, o\u00f9 il rencontre la Dame, qui vit dans la rue et dans un ch\u00e2teau en carton. (Pr\u00e9sentation de l\u2019\u00e9diteur)<\/p>\n<p>SANVOISIN E.<\/p>\n<p>Editions le Muscadier<\/p>\n<p>2018-76p.-9.50\u20ac<\/p>\n<p>150gr<\/p>\n<p>ISBN: 979-10-96935-06-2<\/p>\n<p>Cote doc\u00a0: 11-SAN-B<\/p>\n<span class=\"et_bloom_bottom_trigger\"><\/span>","protected":false},"excerpt":{"rendered":"<p>Ya\u00eblle a un grand fr\u00e8re handicap\u00e9, Pierrot. Un matin, elle lui propose de l&rsquo;accompagner \u00e0 l&rsquo;\u00e9cole.<\/p>\n","protected":false},"featured_media":2388,"comment_status":"closed","ping_status":"closed","template":"","meta":{"_et_pb_use_builder":"","_et_pb_old_content":"","_et_gb_content_width":"","spay_email":""},"class_list":["post-2387","product","type-product","status-publish","has-post-thumbnail","hentry","product_cat-livres","product_cat-livres-jeunesse","product_tag-adolescent","product_tag-adulte","product_tag-difference","product_tag-enfant","product_tag-fratrie","product_tag-jeunesse","product_tag-personne-handicapee","product_tag-relation-intergenerationnelle"],"jetpack_sharing_enabled":true,"jetpack_likes_enabled":true,"_links":{"self":[{"href":"https:\/\/www.parthages.be\/eboutique\/wp-json\/wp\/v2\/product\/2387","targetHints":{"allow":["GET"]}}],"collection":[{"href":"https:\/\/www.parthages.be\/eboutique\/wp-json\/wp\/v2\/product"}],"about":[{"href":"https:\/\/www.parthages.be\/eboutique\/wp-json\/wp\/v2\/types\/product"}],"replies":[{"embeddable":true,"href":"https:\/\/www.parthages.be\/eboutique\/wp-json\/wp\/v2\/comments?post=2387"}],"wp:featuredmedia":[{"embeddable":true,"href":"https:\/\/www.parthages.be\/eboutique\/wp-json\/wp\/v2\/media\/2388"}],"wp:attachment":[{"href":"https:\/\/www.parthages.be\/eboutique\/wp-json\/wp\/v2\/media?parent=2387"}],"curies":[{"name":"wp","href":"https:\/\/api.w.org\/{rel}","templated":true}]}}