{"id":2391,"date":"2022-03-01T13:25:13","date_gmt":"2022-03-01T12:25:13","guid":{"rendered":"https:\/\/www.parthages.be\/eboutique\/?post_type=product&#038;p=2391"},"modified":"2022-05-16T19:24:02","modified_gmt":"2022-05-16T17:24:02","slug":"7-souris-dans-le-noir","status":"publish","type":"product","link":"https:\/\/www.parthages.be\/eboutique\/produit\/7-souris-dans-le-noir\/","title":{"rendered":"7 souris dans le noir"},"content":{"rendered":"<p>Sept souris aveugles tentent tour \u00e0 tour de formuler des hypoth\u00e8ses pour percer le myst\u00e8re d\u2019une chose bien \u00e9trange qui leur fait face. Chacun explore ainsi une partie donne une r\u00e9ponse, jusqu\u2019\u00e0 un petit souriceau qui aura l\u2019id\u00e9e d\u2019explorer cette \u00ab chose \u00bb enti\u00e8rement<\/p>\n<p>Un jour pr\u00e8s d&rsquo;une mare, sept souris aveugles d\u00e9couvrirent une chose \u00e9trange. \u00ab\u00a0Qu&rsquo;est-ce que c&rsquo;est ? \u00ab\u00a0S\u2019exclam\u00e8rent-elles. Chacune leur tour, elles vont essayer de d\u00e9couvrir ce que c&rsquo;est seulement \u00e0 partir du toucher. Un magnifique livre sur la c\u00e9cit\u00e9. (Pr\u00e9sentation de l\u2019\u00e9diteur)<\/p>\n<p>YOUNG E.<\/p>\n<p>Editions Milan<\/p>\n<p>1995- 44p.- 11.90\u20ac<\/p>\n<p>513gr<\/p>\n<p>ISBN: 978-2-84113-098-6<\/p>\n<p>Cote doc:11-YOU-S<\/p>\n<span class=\"et_bloom_bottom_trigger\"><\/span>","protected":false},"excerpt":{"rendered":"<p>Sept souris aveugles tentent tour \u00e0 tour de formuler des hypoth\u00e8ses pour percer le myst\u00e8re d\u2019une chose bien \u00e9trange qui leur fait face.<\/p>\n","protected":false},"featured_media":2392,"comment_status":"closed","ping_status":"closed","template":"","meta":{"_et_pb_use_builder":"","_et_pb_old_content":"","_et_gb_content_width":"","spay_email":""},"class_list":["post-2391","product","type-product","status-publish","has-post-thumbnail","hentry","product_cat-livres","product_cat-livres-jeunesse","product_tag-cecite","product_tag-education","product_tag-enfants","product_tag-experience","product_tag-handicap","product_tag-jeunesse","product_tag-perception","product_tag-toucher"],"jetpack_sharing_enabled":true,"jetpack_likes_enabled":true,"_links":{"self":[{"href":"https:\/\/www.parthages.be\/eboutique\/wp-json\/wp\/v2\/product\/2391","targetHints":{"allow":["GET"]}}],"collection":[{"href":"https:\/\/www.parthages.be\/eboutique\/wp-json\/wp\/v2\/product"}],"about":[{"href":"https:\/\/www.parthages.be\/eboutique\/wp-json\/wp\/v2\/types\/product"}],"replies":[{"embeddable":true,"href":"https:\/\/www.parthages.be\/eboutique\/wp-json\/wp\/v2\/comments?post=2391"}],"wp:featuredmedia":[{"embeddable":true,"href":"https:\/\/www.parthages.be\/eboutique\/wp-json\/wp\/v2\/media\/2392"}],"wp:attachment":[{"href":"https:\/\/www.parthages.be\/eboutique\/wp-json\/wp\/v2\/media?parent=2391"}],"curies":[{"name":"wp","href":"https:\/\/api.w.org\/{rel}","templated":true}]}}