{"id":2395,"date":"2022-03-01T13:27:32","date_gmt":"2022-03-01T12:27:32","guid":{"rendered":"https:\/\/www.parthages.be\/eboutique\/?post_type=product&#038;p=2395"},"modified":"2022-04-15T08:38:08","modified_gmt":"2022-04-15T06:38:08","slug":"si-lon-mapprenait-que-la-fin-du-monde-est-pour-demain-je-planterais-quand-meme-un-pommier","status":"publish","type":"product","link":"https:\/\/www.parthages.be\/eboutique\/produit\/si-lon-mapprenait-que-la-fin-du-monde-est-pour-demain-je-planterais-quand-meme-un-pommier\/","title":{"rendered":"Si l\u2019on m\u2019apprenait que la fin du monde est pour demain, je planterais quand m\u00eame un pommier"},"content":{"rendered":"<p>Pour son troisi\u00e8me ouvrage, Tony Moggio a choisi de revenir sur son parcours depuis ce jour de f\u00e9vrier 2010 o\u00f9 il s&rsquo;est retrouv\u00e9 t\u00e9trapl\u00e9gique suite \u00e0 un accident de rugby. \u00c9tape par \u00e9tape, avec ce franc-parler et cet humour qui le caract\u00e9risent, il nous retrace son cheminement vers le bonheur. De la confusion des premiers jours au retour de la combativit\u00e9 en passant par le choc du diagnostic, il se confie sans pudeur et retrace son \u00e9volution tant physique que psychologique. Plus qu&rsquo;une le\u00e7on de vie, il s&rsquo;agit d&rsquo;une immersion au c\u0153ur des pens\u00e9es d&rsquo;un homme qui, \u00e0 vingt-quatre ans \u00e0 peine, s&rsquo;est retrouv\u00e9 contraint de tirer un trait sur son existence pour en reconstruire une nouvelle. Un message d&rsquo;espoir pour toutes personnes malmen\u00e9es par la vie, mais pas seulement. (Pr\u00e9sentation de l\u2019\u00e9diteur)<\/p>\n<p>MOGGIO T. \u2013 SCUDIERO S.<\/p>\n<p>Editions Privat<\/p>\n<p>2021- 224 p.-18,90\u20ac<\/p>\n<p>290 gr<\/p>\n<p>ISBN: 978-2-7089-2859-6<\/p>\n<p>COTE DOC: 2-50-MOG-S<\/p>\n<span class=\"et_bloom_bottom_trigger\"><\/span>","protected":false},"excerpt":{"rendered":"<p>Pour son troisi\u00e8me ouvrage, Tony Moggio a choisi de revenir sur son parcours depuis ce jour de f\u00e9vrier 2010 o\u00f9 il s&rsquo;est retrouv\u00e9 t\u00e9trapl\u00e9gique suite \u00e0 un accident de rugby.<\/p>\n","protected":false},"featured_media":2396,"comment_status":"closed","ping_status":"closed","template":"","meta":{"_et_pb_use_builder":"","_et_pb_old_content":"","_et_gb_content_width":"","spay_email":""},"class_list":["post-2395","product","type-product","status-publish","has-post-thumbnail","hentry","product_cat-livres","product_tag-acceptation","product_tag-accident-de-sport","product_tag-defi","product_tag-developpement-personnel","product_tag-personne-handicapee","product_tag-recit-de-vie","product_tag-resilience","product_tag-temoignage","product_tag-tetraplegie"],"jetpack_sharing_enabled":true,"jetpack_likes_enabled":true,"_links":{"self":[{"href":"https:\/\/www.parthages.be\/eboutique\/wp-json\/wp\/v2\/product\/2395","targetHints":{"allow":["GET"]}}],"collection":[{"href":"https:\/\/www.parthages.be\/eboutique\/wp-json\/wp\/v2\/product"}],"about":[{"href":"https:\/\/www.parthages.be\/eboutique\/wp-json\/wp\/v2\/types\/product"}],"replies":[{"embeddable":true,"href":"https:\/\/www.parthages.be\/eboutique\/wp-json\/wp\/v2\/comments?post=2395"}],"wp:featuredmedia":[{"embeddable":true,"href":"https:\/\/www.parthages.be\/eboutique\/wp-json\/wp\/v2\/media\/2396"}],"wp:attachment":[{"href":"https:\/\/www.parthages.be\/eboutique\/wp-json\/wp\/v2\/media?parent=2395"}],"curies":[{"name":"wp","href":"https:\/\/api.w.org\/{rel}","templated":true}]}}