{"id":2399,"date":"2022-03-01T13:29:51","date_gmt":"2022-03-01T12:29:51","guid":{"rendered":"https:\/\/www.parthages.be\/eboutique\/?post_type=product&#038;p=2399"},"modified":"2022-04-15T08:36:59","modified_gmt":"2022-04-15T06:36:59","slug":"tda-h-la-boites-a-outils-strategies-et-techniques-pour-gerer-le-tda-h","status":"publish","type":"product","link":"https:\/\/www.parthages.be\/eboutique\/produit\/tda-h-la-boites-a-outils-strategies-et-techniques-pour-gerer-le-tda-h\/","title":{"rendered":"TDA\/H La boites \u00e0 outils : Strat\u00e9gies et techniques pour g\u00e9rer le TDA\/H"},"content":{"rendered":"<p><strong><em>Edition revue et augment\u00e9e<\/em><\/strong><\/p>\n<p>Quels sont les signes qui permettent de d\u00e9tecter le TDA\/H ? \u00c0 qui doit-on s\u2019adresser pour que notre enfant soit \u00e9valu\u00e9 et quelles sont les d\u00e9marches \u00e0 faire dans ce sens ? Une fois le diagnostic confirm\u00e9, comment prendre une d\u00e9cision \u00e9clair\u00e9e concernant la m\u00e9dication ? Pour ou contre ? Est-ce que mon enfant sera \u00e9tiquet\u00e9 ? Quel suivi sera effectu\u00e9 apr\u00e8s le diagnostic ? Quels sont les outils \u00e0 mettre en place ? Voil\u00e0 quelques-unes des questions les plus fr\u00e9quemment soulev\u00e9es par les parents. Le TDA\/H entra\u00eene son lot de d\u00e9fis au quotidien, m\u00eame dans les plus menus d\u00e9tails. Ariane H\u00e9bert nous propose ici des strat\u00e9gies et des trucs concrets \u00e0 mettre en pratique, afin d\u2019aider l\u2019adulte \u00e0 intervenir ad\u00e9quatement.<\/p>\n<p>Comment apprendre aux enfants avec un TDA\/H \u00e0 : -Ne rien perdre-Ne rien oublier- S\u2019organiser-\u00catre moins agit\u00e9-Rester concentr\u00e9 pendant les cours ou les devoirs-G\u00e9rer l\u2019impulsivit\u00e9-Diminuer sa col\u00e8re-Mieux vivre ses \u00e9motions-Vaincre l\u2019anxi\u00e9t\u00e9, etc.<\/p>\n<p>Ponctu\u00e9 de faits v\u00e9cus, cet ouvrage est sympathique, stimulant et les judicieux conseils de l\u2019auteure sont faciles \u00e0 mettre en application. La bo\u00eete \u00e0 outils sera \u00e0 coup s\u00fbr une aide pr\u00e9cieuse pour les parents\u2026 et les enfants ! (Pr\u00e9sentation de l\u2019\u00e9diteur)<\/p>\n<p>HEBERT A.<\/p>\n<p>Editions de Mortagne<\/p>\n<p>2021-186p.-20\u20ac<\/p>\n<p>275gr<\/p>\n<p>ISBN: 978-2-89792-115-6<\/p>\n<p>Cote doc: 10-10-HEB-B<\/p>\n<span class=\"et_bloom_bottom_trigger\"><\/span>","protected":false},"excerpt":{"rendered":"<p>Quels sont les signes qui permettent de d\u00e9tecter le TDA\/H ? \u00c0 qui doit-on s\u2019adresser pour que notre enfant soit \u00e9valu\u00e9 et quelles sont les d\u00e9marches \u00e0 faire dans ce sens ?<\/p>\n","protected":false},"featured_media":2400,"comment_status":"closed","ping_status":"closed","template":"","meta":{"_et_pb_use_builder":"","_et_pb_old_content":"","_et_gb_content_width":"","spay_email":""},"class_list":["post-2399","product","type-product","status-publish","has-post-thumbnail","hentry","product_cat-livres","product_tag-aide-psychopedagogique","product_tag-enfant","product_tag-handicap","product_tag-hyperactivite","product_tag-outil-pedagogique","product_tag-parent","product_tag-qualite-de-vie","product_tag-strategie","product_tag-trouble-de-lattention","product_tag-trouble-du-developpement"],"jetpack_sharing_enabled":true,"jetpack_likes_enabled":true,"_links":{"self":[{"href":"https:\/\/www.parthages.be\/eboutique\/wp-json\/wp\/v2\/product\/2399","targetHints":{"allow":["GET"]}}],"collection":[{"href":"https:\/\/www.parthages.be\/eboutique\/wp-json\/wp\/v2\/product"}],"about":[{"href":"https:\/\/www.parthages.be\/eboutique\/wp-json\/wp\/v2\/types\/product"}],"replies":[{"embeddable":true,"href":"https:\/\/www.parthages.be\/eboutique\/wp-json\/wp\/v2\/comments?post=2399"}],"wp:featuredmedia":[{"embeddable":true,"href":"https:\/\/www.parthages.be\/eboutique\/wp-json\/wp\/v2\/media\/2400"}],"wp:attachment":[{"href":"https:\/\/www.parthages.be\/eboutique\/wp-json\/wp\/v2\/media?parent=2399"}],"curies":[{"name":"wp","href":"https:\/\/api.w.org\/{rel}","templated":true}]}}