{"id":24,"date":"2012-09-24T11:37:53","date_gmt":"2012-09-24T09:37:53","guid":{"rendered":"https:\/\/www.parthages.be\/wordpress\/produit\/petit-cahier-d-exercices-pour-vivre-libre-et-cesser-de-culpabiliser\/"},"modified":"2021-08-18T09:50:29","modified_gmt":"2021-08-18T07:50:29","slug":"petit-cahier-d-exercices-pour-vivre-libre-et-cesser-de-culpabiliser","status":"publish","type":"product","link":"https:\/\/www.parthages.be\/eboutique\/produit\/petit-cahier-d-exercices-pour-vivre-libre-et-cesser-de-culpabiliser\/","title":{"rendered":"Petit Cahier d&rsquo;exercices pour vivre libre et cesser de culpabiliser"},"content":{"rendered":"<p>La culpabilit\u00e9 ! Qui n&rsquo;a jamais ressenti sa terrible morsure ?<\/p>\n<p>Un sentiment p\u00e9nible qui vient saboter les bons moments de la vie, une sourde impression d&rsquo;avoir mal fait, d&rsquo;avoir fait mal.<\/p>\n<p>\u00c0 tel point que les sentiments de culpabilit\u00e9 peuvent parfois envahir notre existence et g\u00e2cher notre bien-\u00eatre.<\/p>\n<p>Mais, bonne nouvelle, il est possible de s&rsquo;en d\u00e9faire.<\/p>\n<p>C&rsquo;est \u00e0 cette fin qu&rsquo;a \u00e9t\u00e9 r\u00e9dig\u00e9 ce Petit cahier d&rsquo;exercices.<\/p>\n<p>Activit\u00e9s pratiques, introspections et prises de conscience jalonnent ce parcours pour traverser la culpabilit\u00e9 et s&rsquo;en lib\u00e9rer.<\/p>\n<p>Pr\u00eat \u00e0 dire \u00ab Adieu \u00bb \u00e0 votre culpabilit\u00e9 ?<\/p>\n<p>Alors en route !(Pr\u00e9sentation de l&rsquo;\u00e9diteur)<\/p>\n<p>THALMANN Y.-A.- AUGAGNEUR J.<\/p>\n<p>Editions Jouvence<\/p>\n<p>2011 &#8211; 63 p.-147gr- 7.90\u20ac<\/p>\n<p>ISBN\u00a0: 978-2-88353-930-3<\/p>\n<p>Cote doc : 3-10-THA-P4<\/p>\n<span class=\"et_bloom_bottom_trigger\"><\/span>","protected":false},"excerpt":{"rendered":"<p>La culpabilit\u00e9 ! Qui n&rsquo;a jamais ressenti sa terrible morsure ?<\/p>\n","protected":false},"featured_media":1588,"comment_status":"open","ping_status":"closed","template":"","meta":{"_et_pb_use_builder":"","_et_pb_old_content":"","_et_gb_content_width":"","spay_email":""},"class_list":["post-24","product","type-product","status-publish","has-post-thumbnail","hentry","product_cat-livres","product_tag-bien-etre","product_tag-culpabilite","product_tag-epanouissement-personnel","product_tag-honte","product_tag-outil","product_tag-technique-de-developpement-perso"],"jetpack_sharing_enabled":true,"jetpack_likes_enabled":true,"_links":{"self":[{"href":"https:\/\/www.parthages.be\/eboutique\/wp-json\/wp\/v2\/product\/24","targetHints":{"allow":["GET"]}}],"collection":[{"href":"https:\/\/www.parthages.be\/eboutique\/wp-json\/wp\/v2\/product"}],"about":[{"href":"https:\/\/www.parthages.be\/eboutique\/wp-json\/wp\/v2\/types\/product"}],"replies":[{"embeddable":true,"href":"https:\/\/www.parthages.be\/eboutique\/wp-json\/wp\/v2\/comments?post=24"}],"wp:featuredmedia":[{"embeddable":true,"href":"https:\/\/www.parthages.be\/eboutique\/wp-json\/wp\/v2\/media\/1588"}],"wp:attachment":[{"href":"https:\/\/www.parthages.be\/eboutique\/wp-json\/wp\/v2\/media?parent=24"}],"curies":[{"name":"wp","href":"https:\/\/api.w.org\/{rel}","templated":true}]}}