{"id":2401,"date":"2022-03-01T13:30:56","date_gmt":"2022-03-01T12:30:56","guid":{"rendered":"https:\/\/www.parthages.be\/eboutique\/?post_type=product&#038;p=2401"},"modified":"2022-04-15T08:36:53","modified_gmt":"2022-04-15T06:36:53","slug":"lautisme-et-le-sport-enjeux-et-benefices-le-pari-de-la-confiance","status":"publish","type":"product","link":"https:\/\/www.parthages.be\/eboutique\/produit\/lautisme-et-le-sport-enjeux-et-benefices-le-pari-de-la-confiance\/","title":{"rendered":"L\u2019autisme et le sport. Enjeux et b\u00e9n\u00e9fices : le pari de la confiance"},"content":{"rendered":"<p>Une soci\u00e9t\u00e9 inclusive appelle des valeurs \u00e9ducatives de d\u00e9veloppement, de partage et de solidarit\u00e9. Pour l&rsquo;accompagnement de l&rsquo;autisme, les pratiques physiques, sportives artistiques (APSA) sont fortement recommand\u00e9es par les institutions publiques. Malgr\u00e9 les apparences, les enfants avec autisme poss\u00e8dent des ressources et des potentiels importants de r\u00e9ussite dans les pratiques physiques et motrices les plus ordinaires. Ce livre s&rsquo;adresse en priorit\u00e9 aux formateurs, aux enseignants, aux professeurs d&rsquo;EPS, aux \u00e9ducateurs et\/ou coach sportifs, aux psychomotriciens, et \u00e0 tous ceux qui accompagnent des enfants avec autisme dans une pratique physique et sportive ordinaire. Les chercheurs et les formateurs y trouveront une large synth\u00e8se de la litt\u00e9rature scientifique et des connaissances th\u00e9oriques et m\u00e9thodologiques av\u00e9r\u00e9es et les parents de solides donn\u00e9es concr\u00e8tes et accessibles. Treize activit\u00e9s physiques et sportives comme la randonn\u00e9e, l&rsquo;escalade, le karat\u00e9, l&rsquo;accrobranche, la danse, l&rsquo;aviron, la natation, le tennis, le v\u00e9lo, certains jeux traditionnels, les sports collectifs, l&rsquo;\u00e9quitation sont abord\u00e9es et class\u00e9es selon leur degr\u00e9 de compatibilit\u00e9 avec les potentialit\u00e9s sensori-motrices et sociales de l&rsquo;autisme. Tout accompagnant d&rsquo;un enfant avec autisme trouvera, dans cet ouvrage, des pistes lui permettant de choisir une activit\u00e9 physique adapt\u00e9e et s\u00e9curis\u00e9e pour l&rsquo;enfant qu&rsquo;il accompagne. (Pr\u00e9sentation de l\u2019\u00e9diteur) ALIN C. Editions Mardaga 2021-253p-34.90\u20ac 370gr ISBN : 978-2-80470927-3 Cote doc\u00a0: 4-70-ALI-A<\/p>\n<span class=\"et_bloom_bottom_trigger\"><\/span>","protected":false},"excerpt":{"rendered":"<p>Une soci\u00e9t\u00e9 inclusive appelle des valeurs \u00e9ducatives de d\u00e9veloppement, de partage et de solidarit\u00e9.<\/p>\n","protected":false},"featured_media":2455,"comment_status":"closed","ping_status":"closed","template":"","meta":{"_et_pb_use_builder":"off","_et_pb_old_content":"Une soci\u00e9t\u00e9 inclusive appelle des valeurs \u00e9ducatives de d\u00e9veloppement, de partage et de solidarit\u00e9. Pour l'accompagnement de l'autisme, les pratiques physiques, sportives artistiques (APSA) sont fortement recommand\u00e9es par les institutions publiques. Malgr\u00e9 les apparences, les enfants avec autisme poss\u00e8dent des ressources et des potentiels importants de r\u00e9ussite dans les pratiques physiques et motrices les plus ordinaires.\r\n\r\nCe livre s'adresse en priorit\u00e9 aux formateurs, aux enseignants, aux professeurs d'EPS, aux \u00e9ducateurs et\/ou coach sportifs, aux psychomotriciens, et \u00e0 tous ceux qui accompagnent des enfants avec autisme dans une pratique physique et sportive ordinaire. Les chercheurs et les formateurs y trouveront une large synth\u00e8se de la litt\u00e9rature scientifique et des connaissances th\u00e9oriques et m\u00e9thodologiques av\u00e9r\u00e9es et les parents de solides donn\u00e9es concr\u00e8tes et accessibles. Treize activit\u00e9s physiques et sportives comme la randonn\u00e9e, l'escalade, le karat\u00e9, l'accrobranche, la danse, l'aviron, la natation, le tennis, le v\u00e9lo, certains jeux traditionnels, les sports collectifs, l'\u00e9quitation sont abord\u00e9es et class\u00e9es selon leur degr\u00e9 de compatibilit\u00e9 avec les potentialit\u00e9s sensori-motrices et sociales de l'autisme. Tout accompagnant d'un enfant avec autisme trouvera, dans cet ouvrage, des pistes lui permettant de choisir une activit\u00e9 physique adapt\u00e9e et s\u00e9curis\u00e9e pour l'enfant qu'il accompagne. (Pr\u00e9sentation de l\u2019\u00e9diteur)\r\n\r\nALIN C.\r\n\r\nEditions Mardaga\r\n\r\n2021-253p-34.90\u20ac\r\n\r\n370gr\r\n\r\nISBN : 978-2-80470927-3\r\n\r\nCote doc\u00a0: 4-70-ALI-A","_et_gb_content_width":"","spay_email":""},"class_list":["post-2401","product","type-product","status-publish","has-post-thumbnail","hentry","product_cat-livres","product_tag-activite-physique","product_tag-adolescent","product_tag-autisme","product_tag-difference","product_tag-empathie","product_tag-enfant","product_tag-inclusion","product_tag-motricite","product_tag-sport"],"jetpack_sharing_enabled":true,"jetpack_likes_enabled":true,"_links":{"self":[{"href":"https:\/\/www.parthages.be\/eboutique\/wp-json\/wp\/v2\/product\/2401","targetHints":{"allow":["GET"]}}],"collection":[{"href":"https:\/\/www.parthages.be\/eboutique\/wp-json\/wp\/v2\/product"}],"about":[{"href":"https:\/\/www.parthages.be\/eboutique\/wp-json\/wp\/v2\/types\/product"}],"replies":[{"embeddable":true,"href":"https:\/\/www.parthages.be\/eboutique\/wp-json\/wp\/v2\/comments?post=2401"}],"wp:featuredmedia":[{"embeddable":true,"href":"https:\/\/www.parthages.be\/eboutique\/wp-json\/wp\/v2\/media\/2455"}],"wp:attachment":[{"href":"https:\/\/www.parthages.be\/eboutique\/wp-json\/wp\/v2\/media?parent=2401"}],"curies":[{"name":"wp","href":"https:\/\/api.w.org\/{rel}","templated":true}]}}