{"id":2403,"date":"2022-03-01T13:32:19","date_gmt":"2022-03-01T12:32:19","guid":{"rendered":"https:\/\/www.parthages.be\/eboutique\/?post_type=product&#038;p=2403"},"modified":"2022-04-15T08:36:40","modified_gmt":"2022-04-15T06:36:40","slug":"je-deviens-lectrice-je-deviens-lecteur","status":"publish","type":"product","link":"https:\/\/www.parthages.be\/eboutique\/produit\/je-deviens-lectrice-je-deviens-lecteur\/","title":{"rendered":"Je deviens lectrice. Je deviens lecteur"},"content":{"rendered":"<p>Objectifs de ce cahier d&rsquo;exercices de l&rsquo;enfant : \u2022 conduire l&rsquo;enfant \u00e0 une parfaite ma\u00eetrise du code; \u2022 conduire l&rsquo;enfant \u00e0 l&rsquo;autre versus de la lecture qu&rsquo;est l&rsquo;\u00e9criture; \u2022 d\u00e9velopper le vocabulaire et l&rsquo;expression \u00e0 partir des mots nouveaux lus par l&rsquo;enfant et r\u00e9utilis\u00e9s oralement pour la construction de phrases; \u2022 pr\u00e9senter l&rsquo;ensemble du programme de grammaire du CP \u00e0 travers les textes et mots propos\u00e9s; \u2022 donner \u00e0 l&rsquo;enfant le plaisir de lire. (Pr\u00e9sentation de l\u2019\u00e9diteur)<\/p>\n<p>Nicaise F.<\/p>\n<p>Chronique sociale<\/p>\n<p>2021-127p.-9.90\u20ac<\/p>\n<p>238gr<\/p>\n<p>ISBN\u00a0: 978-2-36717-757-1<\/p>\n<p>Cote doc\u00a0: 10-10-NIC-L\/2<\/p>\n<span class=\"et_bloom_bottom_trigger\"><\/span>","protected":false},"excerpt":{"rendered":"<p>Cahier d&rsquo;exercices de l&rsquo;enfant<\/p>\n","protected":false},"featured_media":2404,"comment_status":"closed","ping_status":"closed","template":"","meta":{"_et_pb_use_builder":"","_et_pb_old_content":"","_et_gb_content_width":"","spay_email":""},"class_list":["post-2403","product","type-product","status-publish","has-post-thumbnail","hentry","product_cat-livres","product_tag-apprentissage-scolaire","product_tag-difficulte-dapprentissage","product_tag-enfant","product_tag-lecture","product_tag-outil-pedagogique"],"jetpack_sharing_enabled":true,"jetpack_likes_enabled":true,"_links":{"self":[{"href":"https:\/\/www.parthages.be\/eboutique\/wp-json\/wp\/v2\/product\/2403","targetHints":{"allow":["GET"]}}],"collection":[{"href":"https:\/\/www.parthages.be\/eboutique\/wp-json\/wp\/v2\/product"}],"about":[{"href":"https:\/\/www.parthages.be\/eboutique\/wp-json\/wp\/v2\/types\/product"}],"replies":[{"embeddable":true,"href":"https:\/\/www.parthages.be\/eboutique\/wp-json\/wp\/v2\/comments?post=2403"}],"wp:featuredmedia":[{"embeddable":true,"href":"https:\/\/www.parthages.be\/eboutique\/wp-json\/wp\/v2\/media\/2404"}],"wp:attachment":[{"href":"https:\/\/www.parthages.be\/eboutique\/wp-json\/wp\/v2\/media?parent=2403"}],"curies":[{"name":"wp","href":"https:\/\/api.w.org\/{rel}","templated":true}]}}