{"id":2405,"date":"2022-03-01T13:33:13","date_gmt":"2022-03-01T12:33:13","guid":{"rendered":"https:\/\/www.parthages.be\/eboutique\/?post_type=product&#038;p=2405"},"modified":"2022-04-15T08:36:32","modified_gmt":"2022-04-15T06:36:32","slug":"le-tdah-au-feminin-celebrez-vos-forces-et-depassez-vos-limites","status":"publish","type":"product","link":"https:\/\/www.parthages.be\/eboutique\/produit\/le-tdah-au-feminin-celebrez-vos-forces-et-depassez-vos-limites\/","title":{"rendered":"Le TDAH au f\u00e9minin. C\u00e9l\u00e9brez vos forces et d\u00e9passez vos limites"},"content":{"rendered":"<p>Vous sentez-vous diff\u00e9rente en tant que femme vivant avec un trouble du d\u00e9ficit de l\u2019attention avec ou sans hyperactivit\u00e9 (TDAH) ?<\/p>\n<p>Vous a-t-on d\u00e9j\u00e0 conseill\u00e9 de mieux g\u00e9rer vos \u00e9motions ou de changer vos mani\u00e8res d\u2019\u00eatre et de penser pour r\u00e9ussir dans la vie ou \u00eatre accept\u00e9e ?<\/p>\n<p>Le TDAH est une diff\u00e9rence, pas un d\u00e9faut ! Il y a des avantages \u00e0 composer avec lui. Prenez conscience de votre potentiel et go\u00fbtez une existence heureuse et authentique.<\/p>\n<p>Chez bien des femmes, le TDAH est g\u00e9n\u00e9ralement diagnostiqu\u00e9 \u00e0 l\u2019\u00e2ge adulte. M\u00eame encore, les pr\u00e9jug\u00e9s contre ce trouble qu\u2019on associe aux enfants turbulents le rendent bien souvent ind\u00e9tectable. Pour pallier un manque flagrant de ressources, ce livre propose des outils pratiques pour :<\/p>\n<ul>\n<li>augmenter votre concentration ;<\/li>\n<li>communiquer avec confiance ;<\/li>\n<li>d\u00e9velopper votre estime personnelle ;<\/li>\n<li>exploiter votre plein potentiel.<\/li>\n<\/ul>\n<p>(Pr\u00e9sentation de l\u2019\u00e9diteur)<\/p>\n<p>Solden S.- Frank M.<\/p>\n<p>Editions de Mortagne<\/p>\n<p>2021-254p.-20\u20ac<\/p>\n<p>350gr<\/p>\n<p>ISBN\u00a0: 978-289792-157-6<\/p>\n<p>Cote doc\u00a0: 2-30-SOL-T<\/p>\n<span class=\"et_bloom_bottom_trigger\"><\/span>","protected":false},"excerpt":{"rendered":"<p>Vous sentez-vous diff\u00e9rente en tant que femme vivant avec un trouble du d\u00e9ficit de l\u2019attention avec ou sans hyperactivit\u00e9 (TDAH) ?<\/p>\n","protected":false},"featured_media":2442,"comment_status":"closed","ping_status":"closed","template":"","meta":{"_et_pb_use_builder":"","_et_pb_old_content":"","_et_gb_content_width":"","spay_email":""},"class_list":["post-2405","product","type-product","status-publish","has-post-thumbnail","hentry","product_cat-livres","product_tag-confiance-en-soi","product_tag-developpement-de-la-personnalite","product_tag-estime-de-soi","product_tag-femme","product_tag-outil","product_tag-reflexion","product_tag-trouble-de-lattention"],"jetpack_sharing_enabled":true,"jetpack_likes_enabled":true,"_links":{"self":[{"href":"https:\/\/www.parthages.be\/eboutique\/wp-json\/wp\/v2\/product\/2405","targetHints":{"allow":["GET"]}}],"collection":[{"href":"https:\/\/www.parthages.be\/eboutique\/wp-json\/wp\/v2\/product"}],"about":[{"href":"https:\/\/www.parthages.be\/eboutique\/wp-json\/wp\/v2\/types\/product"}],"replies":[{"embeddable":true,"href":"https:\/\/www.parthages.be\/eboutique\/wp-json\/wp\/v2\/comments?post=2405"}],"wp:featuredmedia":[{"embeddable":true,"href":"https:\/\/www.parthages.be\/eboutique\/wp-json\/wp\/v2\/media\/2442"}],"wp:attachment":[{"href":"https:\/\/www.parthages.be\/eboutique\/wp-json\/wp\/v2\/media?parent=2405"}],"curies":[{"name":"wp","href":"https:\/\/api.w.org\/{rel}","templated":true}]}}