{"id":2410,"date":"2022-03-01T13:47:26","date_gmt":"2022-03-01T12:47:26","guid":{"rendered":"https:\/\/www.parthages.be\/eboutique\/?post_type=product&#038;p=2410"},"modified":"2022-03-01T13:47:27","modified_gmt":"2022-03-01T12:47:27","slug":"un-autre-regard-la-readaptation-des-deficients-visuels","status":"publish","type":"product","link":"https:\/\/www.parthages.be\/eboutique\/produit\/un-autre-regard-la-readaptation-des-deficients-visuels\/","title":{"rendered":"Un autre regard: la r\u00e9adaptation des d\u00e9ficients visuels"},"content":{"rendered":"<p>\u00ab\u00a0Un autre regard\u00a0\u00bb est le fruit d&rsquo;une exp\u00e9rience personnelle de non voyant et d&rsquo;enseignant en kin\u00e9sith\u00e9rapie, de th\u00e9rapeute et de chercheur, de formateur et de conseiller technique. Cet outil de formation et d&rsquo;information permet de trouver des r\u00e9ponses constructives dans la r\u00e9adaptation du d\u00e9ficient visuel. Ce livre propose des orientations et des r\u00e9ponses concr\u00e8tes selon deux voies:<\/p>\n<p>&#8211; une aide pratique au quotidien : se rep\u00e9rer dans l&rsquo;environnement, s&rsquo;activer dans les activit\u00e9s diverses, m\u00e9nag\u00e8res, sportives ou professionnelles&#8230;.<\/p>\n<p>&#8211;\u00a0 des conseils concrets: choix d&rsquo;un sport, notions d&rsquo;esth\u00e9tique, pr\u00e9-requis \u00e0 la communication et \u00e0 l&rsquo;int\u00e9gration<\/p>\n<p>La d\u00e9mystification, la formation et l&rsquo;information, les efforts d\u00e9ploy\u00e9s sans rel\u00e2che pour d\u00e9dramatiser et offrir de la connaissance sont les lumi\u00e8res \u00e0 placer sur le chemin de la r\u00e9adaptation du d\u00e9ficient visuel et de chaque citoyen concern\u00e9 pour mieux voir l&rsquo;essentiel. (Pr\u00e9sentation de l\u2019\u00e9diteur)<\/p>\n<p>RAYNARD F.<\/p>\n<p>Solal \u00e9diteur<\/p>\n<p>2002-237p.<\/p>\n<p>ISBN\u00a0: 2-914513-41-0<\/p>\n<p>Cote doc: 3-20-RAY-U<\/p>\n<p><strong><em>Uniquement \u00e0 la location<\/em><\/strong><\/p>\n<span class=\"et_bloom_bottom_trigger\"><\/span>","protected":false},"excerpt":{"rendered":"<p>Un autre regard\u00a0\u00bb est le fruit d&rsquo;une exp\u00e9rience personnelle de non voyant et d&rsquo;enseignant en kin\u00e9sith\u00e9rapie, de th\u00e9rapeute et de chercheur, de formateur et de conseiller technique. Cet outil de formation et d&rsquo;information permet de trouver des r\u00e9ponses constructives dans la r\u00e9adaptation du d\u00e9ficient visuel.<\/p>\n","protected":false},"featured_media":2411,"comment_status":"closed","ping_status":"closed","template":"","meta":{"_et_pb_use_builder":"","_et_pb_old_content":"","_et_gb_content_width":"","spay_email":""},"class_list":["post-2410","product","type-product","status-publish","has-post-thumbnail","hentry","product_cat-livres","product_tag-adulte","product_tag-cecite","product_tag-communication","product_tag-deficience-visuelle","product_tag-deuil","product_tag-education","product_tag-historique","product_tag-integration","product_tag-maladie-congenitale","product_tag-readaptation","product_tag-vie-quotidienne"],"jetpack_sharing_enabled":true,"jetpack_likes_enabled":true,"_links":{"self":[{"href":"https:\/\/www.parthages.be\/eboutique\/wp-json\/wp\/v2\/product\/2410","targetHints":{"allow":["GET"]}}],"collection":[{"href":"https:\/\/www.parthages.be\/eboutique\/wp-json\/wp\/v2\/product"}],"about":[{"href":"https:\/\/www.parthages.be\/eboutique\/wp-json\/wp\/v2\/types\/product"}],"replies":[{"embeddable":true,"href":"https:\/\/www.parthages.be\/eboutique\/wp-json\/wp\/v2\/comments?post=2410"}],"wp:featuredmedia":[{"embeddable":true,"href":"https:\/\/www.parthages.be\/eboutique\/wp-json\/wp\/v2\/media\/2411"}],"wp:attachment":[{"href":"https:\/\/www.parthages.be\/eboutique\/wp-json\/wp\/v2\/media?parent=2410"}],"curies":[{"name":"wp","href":"https:\/\/api.w.org\/{rel}","templated":true}]}}