{"id":2414,"date":"2022-03-01T13:51:51","date_gmt":"2022-03-01T12:51:51","guid":{"rendered":"https:\/\/www.parthages.be\/eboutique\/?post_type=product&#038;p=2414"},"modified":"2022-03-01T13:51:52","modified_gmt":"2022-03-01T12:51:52","slug":"expression-corporelle-musique-et-psychotherapie","status":"publish","type":"product","link":"https:\/\/www.parthages.be\/eboutique\/produit\/expression-corporelle-musique-et-psychotherapie\/","title":{"rendered":"Expression corporelle musique et psychoth\u00e9rapie"},"content":{"rendered":"<p>L&rsquo;expression corporelle et gestuelle est au quotidien un langage auquel chacun devrait pr\u00eater attention, d&rsquo;une signification parfois plus authentique que celle du langage verbal.<\/p>\n<p>\u00c0 la fois p\u00e9dagogiques et th\u00e9rapeutiques, les objectifs sont ici :<\/p>\n<ul>\n<li>d&rsquo;approfondir l&rsquo;\u00e9tude de la personnalit\u00e9 \u00e0 l&rsquo;aide d&rsquo;une \u00e9valuation m\u00e9thodique des possibilit\u00e9s psychomotrices et de la cr\u00e9ativit\u00e9 gestuelle sous induction musicale.<\/li>\n<li>d&rsquo;attirer l&rsquo;attention sur l&rsquo;int\u00e9r\u00eat que pr\u00e9sente l&rsquo;examen des patients sous l&rsquo;angle de leur expression corporelle et gestuelle, observations cliniques \u00e0 l&rsquo;appui.<\/li>\n<li>de d\u00e9finir le domaine, les bases th\u00e9oriques, les limites et les perspectives de la r\u00e9\u00e9ducation psychomotrice.<\/li>\n<\/ul>\n<p>Une technique personnelle est propos\u00e9e, visant \u00e0 la red\u00e9couverte et \u00e0 la restauration de l&rsquo;expressivit\u00e9 gestuelle, avec le support de la musique.<\/p>\n<p>La premi\u00e8re partie traite des origines, des bases, des indications et de la m\u00e9thodologie de l&rsquo;expression corporelle et gestuelle.<\/p>\n<p>La deuxi\u00e8me partie, de pratique p\u00e9dagogique et clinique, am\u00e8ne \u00e0 une r\u00e9flexion sur la place de ces modalit\u00e9s expressives parmi les psychoth\u00e9rapies et sur leur r\u00f4le dans l&rsquo;adaptation de l&rsquo;homme \u00e0 son milieu. (Pr\u00e9sentation de l\u2019\u00e9diteur)<\/p>\n<p>VERDEAU-PAILLES DR.J.- KIEFFER M.<\/p>\n<p>Editions Fuzeau<\/p>\n<p>2006-372p.<\/p>\n<p>ISBN\u00a0: 2-84-169-156-X<\/p>\n<p>Cote doc: 3-10-VER-E<\/p>\n<p><strong><em>Uniquement \u00e0 la location<\/em><\/strong><\/p>\n<span class=\"et_bloom_bottom_trigger\"><\/span>","protected":false},"excerpt":{"rendered":"<p>L&rsquo;expression corporelle et gestuelle est au quotidien un langage auquel chacun devrait pr\u00eater attention, d&rsquo;une signification parfois plus authentique que celle du langage verbal.<\/p>\n","protected":false},"featured_media":2415,"comment_status":"closed","ping_status":"closed","template":"","meta":{"_et_pb_use_builder":"","_et_pb_old_content":"","_et_gb_content_width":"","spay_email":""},"class_list":["post-2414","product","type-product","status-publish","has-post-thumbnail","hentry","product_cat-livres","product_tag-communication","product_tag-expression-corporelle","product_tag-expression-gestuelle","product_tag-langage-non-verbal","product_tag-musicotherapie","product_tag-psychomotricite","product_tag-psychotherapie","product_tag-sport","product_tag-therapie-par-la-danse"],"jetpack_sharing_enabled":true,"jetpack_likes_enabled":true,"_links":{"self":[{"href":"https:\/\/www.parthages.be\/eboutique\/wp-json\/wp\/v2\/product\/2414","targetHints":{"allow":["GET"]}}],"collection":[{"href":"https:\/\/www.parthages.be\/eboutique\/wp-json\/wp\/v2\/product"}],"about":[{"href":"https:\/\/www.parthages.be\/eboutique\/wp-json\/wp\/v2\/types\/product"}],"replies":[{"embeddable":true,"href":"https:\/\/www.parthages.be\/eboutique\/wp-json\/wp\/v2\/comments?post=2414"}],"wp:featuredmedia":[{"embeddable":true,"href":"https:\/\/www.parthages.be\/eboutique\/wp-json\/wp\/v2\/media\/2415"}],"wp:attachment":[{"href":"https:\/\/www.parthages.be\/eboutique\/wp-json\/wp\/v2\/media?parent=2414"}],"curies":[{"name":"wp","href":"https:\/\/api.w.org\/{rel}","templated":true}]}}