{"id":2416,"date":"2022-03-01T13:53:09","date_gmt":"2022-03-01T12:53:09","guid":{"rendered":"https:\/\/www.parthages.be\/eboutique\/?post_type=product&#038;p=2416"},"modified":"2022-03-01T13:53:10","modified_gmt":"2022-03-01T12:53:10","slug":"petit-traite-de-naturopathie-a-lusage-des-malades-qui-veulent-retrouver-la-sante-et-des-biens-portants-qui-veulent-le-rester","status":"publish","type":"product","link":"https:\/\/www.parthages.be\/eboutique\/produit\/petit-traite-de-naturopathie-a-lusage-des-malades-qui-veulent-retrouver-la-sante-et-des-biens-portants-qui-veulent-le-rester\/","title":{"rendered":"Petit Trait\u00e9 de Naturopathie \u00e0 l&rsquo;usage des malades qui veulent retrouver la sant\u00e9 et des biens portants qui veulent le rester"},"content":{"rendered":"<p>\u00a0\u00bb Il est rare qu&rsquo;une personne atteinte dans sa sant\u00e9 se demande : pour quelle raison suis-je malade ? Que se passe-t-il r\u00e9ellement dans mon corps ? Au contraire, toute son attention (&#8230;) est concentr\u00e9e sur les sympt\u00f4mes (&#8230;) de sa maladie. D&rsquo;ailleurs, tous les moyens mis en \u0153uvre visent en priorit\u00e9 \u00e0 faire dispara\u00eetre ces sympt\u00f4mes le plus vite possible \u00ab\u00a0, dit Christopher Vasey. Plut\u00f4t que chercher \u00e0 en \u00e9liminer les signes seulement, comme le fait la m\u00e9decine allopathique, la naturopathie propose une autre approche de la maladie qui vise \u00e0 en comprendre et \u00e0 en \u00e9viter les causes. Or, pour le naturopathe, la cause majeure des maladies rel\u00e8ve de l&rsquo;encrassement, des surcharges ou des carences de notre terrain, \u00e0 savoir \u00a0\u00bb l&rsquo;ensemble des liquides organiques dans lesquels baignent les cellules, le sang, la lymphe, etc. \u00a0\u00bb Voici un message plein d&rsquo;espoir : gr\u00e2ce aux principes naturopathiques, chacun peut agir sur son terrain, donc sur sa sant\u00e9 et ses maladies, en entreprenant une d\u00e9marche pour le r\u00e9\u00e9quilibrer ! Conseils pr\u00e9cieux, lexique des concepts naturopathiques usuels et bibliographie font de ce livre le compagnon quotidien de toute personne respectueuse de sa sant\u00e9 et de son corps ! (Pr\u00e9sentation de l\u2019\u00e9diteur)<\/p>\n<p>VASEY C.<\/p>\n<p>Editions Jouvence<\/p>\n<p>2006-158p.<\/p>\n<p>ISBN: 2-88353-555-8<\/p>\n<p>Cote doc: 3-10-VAS-P<\/p>\n<p><strong><em>Uniquement \u00e0 la location<\/em><\/strong><\/p>\n<span class=\"et_bloom_bottom_trigger\"><\/span>","protected":false},"excerpt":{"rendered":"<p>Il est rare qu&rsquo;une personne atteinte dans sa sant\u00e9 se demande : pour quelle raison suis-je malade ? Que se passe-t-il r\u00e9ellement dans mon corps ? Au contraire, toute son attention (&#8230;) est concentr\u00e9e sur les sympt\u00f4mes (&#8230;) de sa maladie.<\/p>\n","protected":false},"featured_media":2417,"comment_status":"closed","ping_status":"closed","template":"","meta":{"_et_pb_use_builder":"","_et_pb_old_content":"","_et_gb_content_width":"","spay_email":""},"class_list":["post-2416","product","type-product","status-publish","has-post-thumbnail","hentry","product_cat-livres","product_tag-bien-etre","product_tag-maladie","product_tag-sante-physique","product_tag-soins"],"jetpack_sharing_enabled":true,"jetpack_likes_enabled":true,"_links":{"self":[{"href":"https:\/\/www.parthages.be\/eboutique\/wp-json\/wp\/v2\/product\/2416","targetHints":{"allow":["GET"]}}],"collection":[{"href":"https:\/\/www.parthages.be\/eboutique\/wp-json\/wp\/v2\/product"}],"about":[{"href":"https:\/\/www.parthages.be\/eboutique\/wp-json\/wp\/v2\/types\/product"}],"replies":[{"embeddable":true,"href":"https:\/\/www.parthages.be\/eboutique\/wp-json\/wp\/v2\/comments?post=2416"}],"wp:featuredmedia":[{"embeddable":true,"href":"https:\/\/www.parthages.be\/eboutique\/wp-json\/wp\/v2\/media\/2417"}],"wp:attachment":[{"href":"https:\/\/www.parthages.be\/eboutique\/wp-json\/wp\/v2\/media?parent=2416"}],"curies":[{"name":"wp","href":"https:\/\/api.w.org\/{rel}","templated":true}]}}