{"id":2418,"date":"2022-03-01T13:54:42","date_gmt":"2022-03-01T12:54:42","guid":{"rendered":"https:\/\/www.parthages.be\/eboutique\/?post_type=product&#038;p=2418"},"modified":"2022-03-01T13:54:43","modified_gmt":"2022-03-01T12:54:43","slug":"la-psychotherapie-du-lien-couple-famille-institution-intervention-systemique-et-therapie-familiale","status":"publish","type":"product","link":"https:\/\/www.parthages.be\/eboutique\/produit\/la-psychotherapie-du-lien-couple-famille-institution-intervention-systemique-et-therapie-familiale\/","title":{"rendered":"La psychoth\u00e9rapie du lien couple: famille, institution, intervention syst\u00e9mique et th\u00e9rapie familiale"},"content":{"rendered":"<p>Des histoires qu&rsquo;enfant on entend raconter aux histoires que racontent les grands-parents, en passant par les histoires que chacun se raconte ou dont se nourrissent le roman, le cin\u00e9ma, les actualit\u00e9s et les feuilletons, la vie est tiss\u00e9e d&rsquo;histoires. Tout comme cet ouvrage. Qu&rsquo;il s&rsquo;agisse de celles des professionnels ou de celles qu&rsquo;ils relatent, ce sont des histoires graves. Elles sont ici transcrites dans un souci d&rsquo;analyse et de formation, leur charge \u00e9motionnelle ayant \u00e9t\u00e9 m\u00e9tabolis\u00e9e pour autoriser une prise de distance formative et ne pas court-circuiter le jugement. Le lecteur est mis dans la position du stagiaire en formation qui est amen\u00e9 \u00e0 se situer par rapport \u00e0 elles. (Pr\u00e9sentation de l\u2019\u00e9diteur)<\/p>\n<p>TRAPPENIERS E.- BOYER A.<\/p>\n<p>Editions Er\u00e8s<\/p>\n<p>2005-348p.<\/p>\n<p>ISBN\u00a0: 2-7492-0501-8<\/p>\n<p>Cote doc\u00a0: 3-10-TRA-P<\/p>\n<p><strong><em>Uniquement \u00e0 la location<\/em><\/strong><\/p>\n<span class=\"et_bloom_bottom_trigger\"><\/span>","protected":false},"excerpt":{"rendered":"<p>Des histoires qu&rsquo;enfant on entend raconter aux histoires que racontent les grands-parents, en passant par les histoires que chacun se raconte ou dont se nourrissent le roman, le cin\u00e9ma, les actualit\u00e9s et les feuilletons, la vie est tiss\u00e9e d&rsquo;histoires.<\/p>\n","protected":false},"featured_media":2419,"comment_status":"closed","ping_status":"closed","template":"","meta":{"_et_pb_use_builder":"","_et_pb_old_content":"","_et_gb_content_width":"","spay_email":""},"class_list":["post-2418","product","type-product","status-publish","has-post-thumbnail","hentry","product_cat-livres","product_tag-approche-systemique","product_tag-formation","product_tag-institution","product_tag-interaction","product_tag-relation-familiale"],"jetpack_sharing_enabled":true,"jetpack_likes_enabled":true,"_links":{"self":[{"href":"https:\/\/www.parthages.be\/eboutique\/wp-json\/wp\/v2\/product\/2418","targetHints":{"allow":["GET"]}}],"collection":[{"href":"https:\/\/www.parthages.be\/eboutique\/wp-json\/wp\/v2\/product"}],"about":[{"href":"https:\/\/www.parthages.be\/eboutique\/wp-json\/wp\/v2\/types\/product"}],"replies":[{"embeddable":true,"href":"https:\/\/www.parthages.be\/eboutique\/wp-json\/wp\/v2\/comments?post=2418"}],"wp:featuredmedia":[{"embeddable":true,"href":"https:\/\/www.parthages.be\/eboutique\/wp-json\/wp\/v2\/media\/2419"}],"wp:attachment":[{"href":"https:\/\/www.parthages.be\/eboutique\/wp-json\/wp\/v2\/media?parent=2418"}],"curies":[{"name":"wp","href":"https:\/\/api.w.org\/{rel}","templated":true}]}}