{"id":2423,"date":"2022-03-01T14:00:54","date_gmt":"2022-03-01T13:00:54","guid":{"rendered":"https:\/\/www.parthages.be\/eboutique\/?post_type=product&#038;p=2423"},"modified":"2022-03-01T14:00:55","modified_gmt":"2022-03-01T13:00:55","slug":"pep-3-profil-psycho-educatif","status":"publish","type":"product","link":"https:\/\/www.parthages.be\/eboutique\/produit\/pep-3-profil-psycho-educatif\/","title":{"rendered":"PEP-3  profil psycho-educatif"},"content":{"rendered":"<p>Le PEP-3 est la 3e version d&rsquo;un outil d&rsquo;\u00e9valuation pour enfants pr\u00e9sentant des troubles du d\u00e9veloppement et, en particulier, les enfants ayant de l&rsquo;autisme. Il est particuli\u00e8rement appropri\u00e9 pour les enfants de 2 \u00e0 7 ans 1\/2.<\/p>\n<p>Ce programme permet l&rsquo;\u00e9laboration de profils autour de domaines d\u00e9veloppementaux (cognition verbale\/pr\u00e9verbale, langage expressif, langage r\u00e9ceptif, motricit\u00e9 fine, motricit\u00e9 globale, imitation visuo-motrice) compl\u00e9t\u00e9s par les aspects plus souvent \u00e9voqu\u00e9s dans le cadre des comportements inadapt\u00e9s : expression affective, r\u00e9ciprocit\u00e9 sociale, comportements moteurs et comportements verbaux caract\u00e9ristiques.<\/p>\n<p>Cet ouvrage, comme ces pr\u00e9d\u00e9cesseurs, est ax\u00e9 sur la pratique et constitue un mat\u00e9riel de premier plan pour les cliniciens concern\u00e9s \u00e0 la fois par l&rsquo;\u00e9valuation mais aussi et surtout, pour les professionnels pour lesquels l&rsquo;\u00e9valuation est orient\u00e9e vers l&rsquo;intervention (psychologues, p\u00e9dopsychiatres sp\u00e9cialistes de l&rsquo;autisme, orthophonistes, personnel \u00e9ducatif). (Pr\u00e9sentation de l\u2019\u00e9diteur)<\/p>\n<p>&nbsp;<\/p>\n<p>SCHOPLER E.- LANSING M.- REICHLER R. J.- MARCUS L.M.<\/p>\n<p>De Boeck<\/p>\n<p>2010-261p.<\/p>\n<p>ISBN\u00a0: 978-2-80416-286-3<\/p>\n<p>Cote doc\u00a0: 3-10-SCH-P<\/p>\n<p><strong><em>Uniquement \u00e0 la location<\/em><\/strong><\/p>\n<span class=\"et_bloom_bottom_trigger\"><\/span>","protected":false},"excerpt":{"rendered":"<p>Le PEP-3 est la 3e version d&rsquo;un outil d&rsquo;\u00e9valuation pour enfants pr\u00e9sentant des troubles du d\u00e9veloppement et, en particulier, les enfants ayant de l&rsquo;autisme. Il est particuli\u00e8rement appropri\u00e9 pour les enfants de 2 \u00e0 7 ans 1\/2.<\/p>\n","protected":false},"featured_media":2424,"comment_status":"closed","ping_status":"closed","template":"","meta":{"_et_pb_use_builder":"","_et_pb_old_content":"","_et_gb_content_width":"","spay_email":""},"class_list":["post-2423","product","type-product","status-publish","has-post-thumbnail","hentry","product_cat-livres","product_tag-autisme","product_tag-enfant","product_tag-methode-teacch","product_tag-outil-devaluation","product_tag-test","product_tag-trouble-du-developpement"],"jetpack_sharing_enabled":true,"jetpack_likes_enabled":true,"_links":{"self":[{"href":"https:\/\/www.parthages.be\/eboutique\/wp-json\/wp\/v2\/product\/2423","targetHints":{"allow":["GET"]}}],"collection":[{"href":"https:\/\/www.parthages.be\/eboutique\/wp-json\/wp\/v2\/product"}],"about":[{"href":"https:\/\/www.parthages.be\/eboutique\/wp-json\/wp\/v2\/types\/product"}],"replies":[{"embeddable":true,"href":"https:\/\/www.parthages.be\/eboutique\/wp-json\/wp\/v2\/comments?post=2423"}],"wp:featuredmedia":[{"embeddable":true,"href":"https:\/\/www.parthages.be\/eboutique\/wp-json\/wp\/v2\/media\/2424"}],"wp:attachment":[{"href":"https:\/\/www.parthages.be\/eboutique\/wp-json\/wp\/v2\/media?parent=2423"}],"curies":[{"name":"wp","href":"https:\/\/api.w.org\/{rel}","templated":true}]}}