{"id":2426,"date":"2022-03-01T14:08:25","date_gmt":"2022-03-01T13:08:25","guid":{"rendered":"https:\/\/www.parthages.be\/eboutique\/?post_type=product&#038;p=2426"},"modified":"2022-03-01T14:08:26","modified_gmt":"2022-03-01T13:08:26","slug":"rendre-graces-exprimer-sa-gratitude-au-fil-des-jours","status":"publish","type":"product","link":"https:\/\/www.parthages.be\/eboutique\/produit\/rendre-graces-exprimer-sa-gratitude-au-fil-des-jours\/","title":{"rendered":"Rendre gr\u00e2ces : exprimer sa gratitude au fil des jours"},"content":{"rendered":"<p>Rendre gr\u00e2ces : exprimer sa gratitude au fil des jours. La vie dans sa diversit\u00e9, son \u00e9clat, multiple, \u00e9nigmatique, fulgurante, laborieuse parfois; la vie heureuse, spontan\u00e9e, souriante, \u00e9tonnante, consciente et instinctive; la vie myst\u00e9rieuse, source infinie de nos questions, de nos espoirs et de nos doutes aussi; la vie, quoi ! Cette vie est un pr\u00e9sent, un don \u00e0 nul autre pareil. Ce don-l\u00e0, il nous faut l&rsquo;honorer, lui rendre gr\u00e2ces, remercier le myst\u00e8re, le secret de son surgissement ; don gratuit, inou\u00ef, toujours d\u00e9j\u00e0 recommenc\u00e9, \u00e0 tout instant renouvel\u00e9, r\u00e9g\u00e9n\u00e9r\u00e9 et merveilleux&#8230; Ce livre nous invite, gracieusement, \u00e0 nous \u00e9tonner de notre quotidien pour y d\u00e9celer le miracle de l&rsquo;instant, la profondeur l\u00e9g\u00e8re du temps, et go\u00fbter \u00e0 la joie d&rsquo;un \u00a0\u00bb Merci \u00a0\u00bb \u00e9nonc\u00e9, partag\u00e9, lib\u00e9r\u00e9 et reconnaissant<\/p>\n<p>Cet ouvrage est un hymne \u00e0 la vie. Merveilleusement illustr\u00e9 des clich\u00e9s de Pierre Poletti cet ouvrage vous invite \u00e0 d\u00e9couvrir comment les humains de diff\u00e9rentes cultures et religions arrivent \u00e0 exprimer leur gratitude et \u00e0 reconna\u00eetre les bienfaits\u00a0 que la vie quotidienne tout simplement peut apporter. Il\u00a0 nous convie \u00e0 trouver la paix int\u00e9rieure, \u00e0 exprimer en toute s\u00e9r\u00e9nit\u00e9 une gratitude infinie \u00e0 tous ceux qui nous entourent, \u00e0 la nature aussi, \u00e0 la Vie tout simplement ! Chaque citation est un pur bonheur \u00e0 lire et \u00e0 m\u00e9diter (Pr\u00e9sentation de l\u2019\u00e9diteur)<\/p>\n<p>POLETTI R. &#8211; DOBBS B.<\/p>\n<p>2010-159p.<\/p>\n<p>Cote doc: 3-10-POL-R<\/p>\n<p><strong><em>Uniquement \u00e0 la location<\/em><\/strong><\/p>\n<span class=\"et_bloom_bottom_trigger\"><\/span>","protected":false},"excerpt":{"rendered":"<p>Rendre gr\u00e2ces : exprimer sa gratitude au fil des jours. La vie dans sa diversit\u00e9, son \u00e9clat, multiple, \u00e9nigmatique, fulgurante, laborieuse parfois; la vie heureuse, spontan\u00e9e, souriante, \u00e9tonnante, consciente et instinctive; la vie myst\u00e9rieuse, source infinie de nos questions, de nos espoirs et de nos doutes aussi; la vie, quoi !<\/p>\n","protected":false},"featured_media":2427,"comment_status":"closed","ping_status":"closed","template":"","meta":{"_et_pb_use_builder":"","_et_pb_old_content":"","_et_gb_content_width":"","spay_email":""},"class_list":["post-2426","product","type-product","status-publish","has-post-thumbnail","hentry","product_cat-livres","product_tag-bien-etre","product_tag-culture","product_tag-paix","product_tag-religion","product_tag-vie-quotidienne"],"jetpack_sharing_enabled":true,"jetpack_likes_enabled":true,"_links":{"self":[{"href":"https:\/\/www.parthages.be\/eboutique\/wp-json\/wp\/v2\/product\/2426","targetHints":{"allow":["GET"]}}],"collection":[{"href":"https:\/\/www.parthages.be\/eboutique\/wp-json\/wp\/v2\/product"}],"about":[{"href":"https:\/\/www.parthages.be\/eboutique\/wp-json\/wp\/v2\/types\/product"}],"replies":[{"embeddable":true,"href":"https:\/\/www.parthages.be\/eboutique\/wp-json\/wp\/v2\/comments?post=2426"}],"wp:featuredmedia":[{"embeddable":true,"href":"https:\/\/www.parthages.be\/eboutique\/wp-json\/wp\/v2\/media\/2427"}],"wp:attachment":[{"href":"https:\/\/www.parthages.be\/eboutique\/wp-json\/wp\/v2\/media?parent=2426"}],"curies":[{"name":"wp","href":"https:\/\/api.w.org\/{rel}","templated":true}]}}