{"id":2428,"date":"2022-03-01T14:09:57","date_gmt":"2022-03-01T13:09:57","guid":{"rendered":"https:\/\/www.parthages.be\/eboutique\/?post_type=product&#038;p=2428"},"modified":"2022-03-01T14:09:58","modified_gmt":"2022-03-01T13:09:58","slug":"handicap-mental-et-technique-du-psychodrame","status":"publish","type":"product","link":"https:\/\/www.parthages.be\/eboutique\/produit\/handicap-mental-et-technique-du-psychodrame\/","title":{"rendered":"Handicap mental et technique du psychodrame"},"content":{"rendered":"<p>Bilan d&rsquo;une vingtaine d&rsquo;ann\u00e9es de pratique psychodramatique ce livre interroge la notion de handicap et remet en question la d\u00e9bilit\u00e9. En s\u00e9ance, c&rsquo;est-\u00e0-dire sur une autre sc\u00e8ne que celle de la vie quotidienne, \u00e0 notre grand \u00e9tonnement, ces personnes ne paraissent plus \u00ab\u00a0d\u00e9biles\u00a0\u00bb! L&rsquo;auteur nous fait d\u00e9couvrir une d\u00e9marche psychoth\u00e9rapeutique dont l&rsquo;exp\u00e9rience nous offre un regard diff\u00e9rent et nous r\u00e9v\u00e8le une \u00ab\u00a0terra incognita\u00a0\u00bb. La relation \u00e0\u00a0<em>l&rsquo;autre<\/em>, v\u00e9cu comme \u00e9trange voire \u00e9tranger, est repens\u00e9e. (Pr\u00e9sentation de l\u2019\u00e9diteur)<\/p>\n<p>MICHELET J.<\/p>\n<p>Editions L&rsquo;Harmattan<\/p>\n<p>2008-152p.-16\u20ac<\/p>\n<p>211gr<\/p>\n<p>ISBN: 978-296-05107-2<\/p>\n<p>Cote doc: 3-10-MIC-H<\/p>\n<span class=\"et_bloom_bottom_trigger\"><\/span>","protected":false},"excerpt":{"rendered":"<p>Bilan d&rsquo;une vingtaine d&rsquo;ann\u00e9es de pratique psychodramatique ce livre interroge la notion de handicap et remet en question la d\u00e9bilit\u00e9.<\/p>\n","protected":false},"featured_media":2429,"comment_status":"closed","ping_status":"closed","template":"","meta":{"_et_pb_use_builder":"","_et_pb_old_content":"","_et_gb_content_width":"","spay_email":""},"class_list":["post-2428","product","type-product","status-publish","has-post-thumbnail","hentry","product_cat-livres","product_tag-accompagnement","product_tag-deficience-intellectuelle","product_tag-expression-corporelle","product_tag-langage-verbal","product_tag-methode","product_tag-participation","product_tag-personne-handicapee","product_tag-psychodrame","product_tag-psychotherapie"],"jetpack_sharing_enabled":true,"jetpack_likes_enabled":true,"_links":{"self":[{"href":"https:\/\/www.parthages.be\/eboutique\/wp-json\/wp\/v2\/product\/2428","targetHints":{"allow":["GET"]}}],"collection":[{"href":"https:\/\/www.parthages.be\/eboutique\/wp-json\/wp\/v2\/product"}],"about":[{"href":"https:\/\/www.parthages.be\/eboutique\/wp-json\/wp\/v2\/types\/product"}],"replies":[{"embeddable":true,"href":"https:\/\/www.parthages.be\/eboutique\/wp-json\/wp\/v2\/comments?post=2428"}],"wp:featuredmedia":[{"embeddable":true,"href":"https:\/\/www.parthages.be\/eboutique\/wp-json\/wp\/v2\/media\/2429"}],"wp:attachment":[{"href":"https:\/\/www.parthages.be\/eboutique\/wp-json\/wp\/v2\/media?parent=2428"}],"curies":[{"name":"wp","href":"https:\/\/api.w.org\/{rel}","templated":true}]}}