{"id":2430,"date":"2022-03-01T14:14:01","date_gmt":"2022-03-01T13:14:01","guid":{"rendered":"https:\/\/www.parthages.be\/eboutique\/?post_type=product&#038;p=2430"},"modified":"2022-03-01T14:14:01","modified_gmt":"2022-03-01T13:14:01","slug":"les-7-etapes-du-lacher-prise","status":"publish","type":"product","link":"https:\/\/www.parthages.be\/eboutique\/produit\/les-7-etapes-du-lacher-prise\/","title":{"rendered":"Les 7 \u00e9tapes du l\u00e2cher-prise"},"content":{"rendered":"<p>L\u00e2cher-prise : un mot qu&rsquo;on entend tr\u00e8s souvent ces temps-ci ; un mot passe-partout qui semble avoir l&rsquo;effet magique de transformer l&rsquo;impuissance en ouverture sur tous les possibles ; un mot abstrait qu&rsquo;on prononce comme une promesse de lib\u00e9ration et de soulagement de tous les maux. N\u00e9anmoins, dans la r\u00e9alit\u00e9 concr\u00e8te, nous ne l\u00e2chons pas prise aussi facilement que nous le voudrions. L&rsquo;acc\u00e8s \u00e0 ce moyen de lib\u00e9ration est plus une question d&rsquo;ouverture au changement et de consentement \u00e0 percer les myst\u00e8res du monde int\u00e9rieur qu&rsquo;une question de magie ou de volont\u00e9. II ne suffit pas de vouloir l\u00e2cher prise pour que tout se mette en place et que nos souffrances soient imm\u00e9diatement soulag\u00e9es. En r\u00e9alit\u00e9, le l\u00e2cher-prise s&rsquo;inscrit dans un processus qui comprend plusieurs \u00e9tapes toutes aussi importantes les unes que les autres. Dans ce guide pratique, ces \u00e9tapes sont pr\u00e9sent\u00e9es de fa\u00e7on \u00e0 ce que vous puissiez les appliquer directement et sans effort \u00e0 une situation difficile que vous vivez en ce moment. Au fur et \u00e0 mesure de votre lecture, vous serez guid\u00e9 vers l&rsquo;int\u00e9rieur de vous-m\u00eame par des moyens simples et accessibles qui vous donneront le pouvoir de r\u00e9soudre vos probl\u00e8mes et de trouver la paix. (Pr\u00e9sentation de l\u2019\u00e9diteur)<\/p>\n<p>PORTELANCE C.<\/p>\n<p>Editions Jouvence<\/p>\n<p>2009-127p.<\/p>\n<p>ISBN\u00a0: 978-2-88353-763-7<\/p>\n<p>Cote doc\u00a0: 3-10-POR-S<\/p>\n<p><strong><em>Uniquement \u00e0 la location<\/em><\/strong><\/p>\n<span class=\"et_bloom_bottom_trigger\"><\/span>","protected":false},"excerpt":{"rendered":"<p>L\u00e2cher-prise : un mot qu&rsquo;on entend tr\u00e8s souvent ces temps-ci ; un mot passe-partout qui semble avoir l&rsquo;effet magique de transformer l&rsquo;impuissance en ouverture sur tous les possibles ; un mot abstrait qu&rsquo;on prononce comme une promesse de lib\u00e9ration et de soulagement de tous les maux.<\/p>\n","protected":false},"featured_media":2431,"comment_status":"closed","ping_status":"closed","template":"","meta":{"_et_pb_use_builder":"","_et_pb_old_content":"","_et_gb_content_width":"","spay_email":""},"class_list":["post-2430","product","type-product","status-publish","has-post-thumbnail","hentry","product_cat-livres","product_tag-acceptation","product_tag-bien-etre","product_tag-difficulte","product_tag-epanouissement-personnel","product_tag-guerison","product_tag-prise-de-conscience","product_tag-souffrance-psychique"],"jetpack_sharing_enabled":true,"jetpack_likes_enabled":true,"_links":{"self":[{"href":"https:\/\/www.parthages.be\/eboutique\/wp-json\/wp\/v2\/product\/2430","targetHints":{"allow":["GET"]}}],"collection":[{"href":"https:\/\/www.parthages.be\/eboutique\/wp-json\/wp\/v2\/product"}],"about":[{"href":"https:\/\/www.parthages.be\/eboutique\/wp-json\/wp\/v2\/types\/product"}],"replies":[{"embeddable":true,"href":"https:\/\/www.parthages.be\/eboutique\/wp-json\/wp\/v2\/comments?post=2430"}],"wp:featuredmedia":[{"embeddable":true,"href":"https:\/\/www.parthages.be\/eboutique\/wp-json\/wp\/v2\/media\/2431"}],"wp:attachment":[{"href":"https:\/\/www.parthages.be\/eboutique\/wp-json\/wp\/v2\/media?parent=2430"}],"curies":[{"name":"wp","href":"https:\/\/api.w.org\/{rel}","templated":true}]}}