{"id":2435,"date":"2022-03-01T14:23:12","date_gmt":"2022-03-01T13:23:12","guid":{"rendered":"https:\/\/www.parthages.be\/eboutique\/?post_type=product&#038;p=2435"},"modified":"2022-03-01T14:23:13","modified_gmt":"2022-03-01T13:23:13","slug":"dans-le-dedale-des-therapies-familiales-un-manuel-systemique","status":"publish","type":"product","link":"https:\/\/www.parthages.be\/eboutique\/produit\/dans-le-dedale-des-therapies-familiales-un-manuel-systemique\/","title":{"rendered":"Dans le d\u00e9dale des th\u00e9rapies familiales: un manuel syst\u00e9mique"},"content":{"rendered":"<p>Face \u00e0 la complexit\u00e9 croissante du mouvement syst\u00e9mique et des th\u00e9rapies familiales, ce livre offre des rep\u00e8res th\u00e9oriques largement illustr\u00e9s par la pratique des auteurs. Con\u00e7u comme un manuel didactique, il permet de d\u00e9couvrir diff\u00e9rents mod\u00e8les de th\u00e9rapie familiale en mettant en \u00e9vidence leurs id\u00e9es ma\u00eetresses et leur application dans divers contextes.<\/p>\n<p>Ainsi sont explor\u00e9es les approches de Salvador Minuchin, de Jay Haley, de Mara Selvini-Palazzoli et de l\u2019\u00e9cole de Milan, de l\u2019\u00e9cole de Rome, de Murray Bowen, de Boszormenyi-Nagy, de Carl Whitaker, de Steve Shazer et des th\u00e9rapies br\u00e8ves, ainsi que les d\u00e9veloppements r\u00e9cents li\u00e9s au constructivisme et au constructionnisme social. Dans chaque cas, six rubriques sont d\u00e9velopp\u00e9es : les concepts-cl\u00e9s ; sur quoi porte l&rsquo;observation ? comment le probl\u00e8me est-il d\u00e9fini ? l&rsquo;objectif de l&rsquo;intervention ou de la th\u00e9rapie ; les outils utilis\u00e9s ; la position de l&rsquo;intervenant ou du th\u00e9rapeute. Des illustrations issues de diff\u00e9rents champs professionnels viennent \u00e9tayer le propos et montrent le cheminement de th\u00e9rapeutes engag\u00e9s aupr\u00e8s d\u2019usagers \u00e0 partir de fonctions et de mandats multiples. (Pr\u00e9sentation de l\u2019\u00e9diteur)<\/p>\n<p>MEYCKENS-FOUREZ M.- HENRIQUET M.C.<\/p>\n<p>Editions Er\u00e8s<\/p>\n<p>2005-220p.-26\u20ac<\/p>\n<p>320gr<\/p>\n<p>ISBN\u00a0: 2-7492-0392-9<\/p>\n<p>Cote doc\u00a0: 3-10-MEY-D<\/p>\n<span class=\"et_bloom_bottom_trigger\"><\/span>","protected":false},"excerpt":{"rendered":"<p>Face \u00e0 la complexit\u00e9 croissante du mouvement syst\u00e9mique et des th\u00e9rapies familiales, ce livre offre des rep\u00e8res th\u00e9oriques largement illustr\u00e9s par la pratique des auteurs.<\/p>\n","protected":false},"featured_media":2436,"comment_status":"closed","ping_status":"closed","template":"","meta":{"_et_pb_use_builder":"","_et_pb_old_content":"","_et_gb_content_width":"","spay_email":""},"class_list":["post-2435","product","type-product","status-publish","has-post-thumbnail","hentry","product_cat-livres","product_tag-approche-systemique","product_tag-communication","product_tag-formation","product_tag-intervention","product_tag-outil","product_tag-psychotherapie","product_tag-strategie","product_tag-temoignage","product_tag-therapie-familiale","product_tag-travailleur-social"],"jetpack_sharing_enabled":true,"jetpack_likes_enabled":true,"_links":{"self":[{"href":"https:\/\/www.parthages.be\/eboutique\/wp-json\/wp\/v2\/product\/2435","targetHints":{"allow":["GET"]}}],"collection":[{"href":"https:\/\/www.parthages.be\/eboutique\/wp-json\/wp\/v2\/product"}],"about":[{"href":"https:\/\/www.parthages.be\/eboutique\/wp-json\/wp\/v2\/types\/product"}],"replies":[{"embeddable":true,"href":"https:\/\/www.parthages.be\/eboutique\/wp-json\/wp\/v2\/comments?post=2435"}],"wp:featuredmedia":[{"embeddable":true,"href":"https:\/\/www.parthages.be\/eboutique\/wp-json\/wp\/v2\/media\/2436"}],"wp:attachment":[{"href":"https:\/\/www.parthages.be\/eboutique\/wp-json\/wp\/v2\/media?parent=2435"}],"curies":[{"name":"wp","href":"https:\/\/api.w.org\/{rel}","templated":true}]}}