{"id":244,"date":"2012-10-17T11:05:07","date_gmt":"2012-10-17T09:05:07","guid":{"rendered":"https:\/\/www.parthages.be\/wordpress\/produit\/la-personne-ayant-une-deficience-intellectuelle\/"},"modified":"2022-04-15T09:21:45","modified_gmt":"2022-04-15T07:21:45","slug":"la-personne-ayant-une-deficience-intellectuelle","status":"publish","type":"product","link":"https:\/\/www.parthages.be\/eboutique\/produit\/la-personne-ayant-une-deficience-intellectuelle\/","title":{"rendered":"La personne ayant une d\u00e9ficience intellectuelle"},"content":{"rendered":"<p>Cet ouvrage remplace le manuel La d\u00e9ficience intellectuelle qui a connu un certain retentissement dans le milieu de l&rsquo;\u00e9ducation et aupr\u00e8s des parents. L&rsquo;auteur, Jean-Charles Juhel, a renouvel\u00e9 son approche afin d&rsquo;aider tous les intervenants qui ont la responsabilit\u00e9 d&rsquo;accompagner les personnes ayant une d\u00e9ficience intellectuelle, dans leur milieu familial, scolaire et social.<\/p>\n<p>L&rsquo;ouvrage aborde encore les diverses facettes de la d\u00e9ficience intellectuelle :<\/p>\n<ul>\n<li>un bref historique de la prise en charge de la personne ayant une d\u00e9ficience intellectuelle<\/li>\n<li>l&rsquo;essentiel des connaissances actuelles sur les causes de la d\u00e9ficience intellectuelle ;<\/li>\n<li>le diagnostic, sa raison d&rsquo;\u00eatre et ses limites ;<\/li>\n<li>les aspects particuliers du d\u00e9veloppement de la personne trisomique sur les plans physique et cognitif ;<\/li>\n<li>les apprentissages cognitifs de l&rsquo;enfant ayant une d\u00e9ficience intellectuelle ;<\/li>\n<li>l&rsquo;affectivit\u00e9 chez la personne ayant une d\u00e9ficience intellectuelle ;<\/li>\n<li>des moyens, des strat\u00e9gies et des approches pour aider l&rsquo;intervenant.<\/li>\n<\/ul>\n<p>En plus, l&rsquo;auteur a explor\u00e9 de nouvelles r\u00e9alit\u00e9s, notamment la question \u00e9thique li\u00e9e au d\u00e9pistage pr\u00e9natal de la trisomie 21, l&rsquo;intervention aupr\u00e8s des enfants ayant des d\u00e9ficiences multiples, sans oublier l&rsquo;accompagnement de la personne \u00e2g\u00e9e ayant une d\u00e9ficience intellectuelle. (Pr\u00e9sentation de l\u2019\u00e9diteur)<\/p>\n<p>JUHEL J.<\/p>\n<p>Presses de l&rsquo;universit\u00e9 de Laval, Chronique sociale<\/p>\n<p>2012-450 p.<\/p>\n<p>800gr<\/p>\n<p>ISBN\u00a0: 978-2-85008-920-6<\/p>\n<p>Cote doc\u00a0: 2-40-JUH-P<\/p>\n<span class=\"et_bloom_bottom_trigger\"><\/span>","protected":false},"excerpt":{"rendered":"<p>Cet ouvrage remplace le manuel La d\u00e9ficience intellectuelle qui a connu un certain retentissement dans le milieu de l&rsquo;\u00e9ducation et aupr\u00e8s des parents.<\/p>\n","protected":false},"featured_media":243,"comment_status":"open","ping_status":"closed","template":"","meta":{"_et_pb_use_builder":"","_et_pb_old_content":"","_et_gb_content_width":"","spay_email":""},"class_list":["post-244","product","type-product","status-publish","has-post-thumbnail","hentry","product_cat-livres","product_tag-accompagnement","product_tag-affectivite","product_tag-approche-cognitive","product_tag-cause","product_tag-deficience-intellectuelle","product_tag-developpement-cognitif","product_tag-developpement-physique","product_tag-diagnostic","product_tag-etablissement-pour-personnes-han","product_tag-personne-handicapee","product_tag-prise-en-charge","product_tag-trisomie-21"],"jetpack_sharing_enabled":true,"jetpack_likes_enabled":true,"_links":{"self":[{"href":"https:\/\/www.parthages.be\/eboutique\/wp-json\/wp\/v2\/product\/244","targetHints":{"allow":["GET"]}}],"collection":[{"href":"https:\/\/www.parthages.be\/eboutique\/wp-json\/wp\/v2\/product"}],"about":[{"href":"https:\/\/www.parthages.be\/eboutique\/wp-json\/wp\/v2\/types\/product"}],"replies":[{"embeddable":true,"href":"https:\/\/www.parthages.be\/eboutique\/wp-json\/wp\/v2\/comments?post=244"}],"wp:featuredmedia":[{"embeddable":true,"href":"https:\/\/www.parthages.be\/eboutique\/wp-json\/wp\/v2\/media\/243"}],"wp:attachment":[{"href":"https:\/\/www.parthages.be\/eboutique\/wp-json\/wp\/v2\/media?parent=244"}],"curies":[{"name":"wp","href":"https:\/\/api.w.org\/{rel}","templated":true}]}}