{"id":2471,"date":"2022-03-18T18:29:45","date_gmt":"2022-03-18T17:29:45","guid":{"rendered":"https:\/\/www.parthages.be\/eboutique\/?post_type=product&#038;p=2471"},"modified":"2022-03-18T18:29:45","modified_gmt":"2022-03-18T17:29:45","slug":"levaluation-en-art-therapie","status":"publish","type":"product","link":"https:\/\/www.parthages.be\/eboutique\/produit\/levaluation-en-art-therapie\/","title":{"rendered":"L&rsquo;\u00e9valuation en art-th\u00e9rapie"},"content":{"rendered":"<p><strong>Pratiques internationales <\/strong><\/p>\n<p>Les interactions entre activit\u00e9 artistique et th\u00e9rapie sont av\u00e9r\u00e9es depuis l&rsquo;Antiquit\u00e9. En ce d\u00e9but de XXIe si\u00e8cle, l&rsquo;art-th\u00e9rapie, association de l&rsquo;art et de la m\u00e9decine, tend \u00e0 s&rsquo;affirmer comme une discipline \u00e0 part enti\u00e8re. Elle s&rsquo;adresse aux personnes qui souffrent de troubles de l&rsquo;expression, de la communication, de la relation ou ayant des retards dans les acquisitions et le d\u00e9veloppement de leur personnalit\u00e9. L&rsquo;indication en art-th\u00e9rapie est propos\u00e9e par l&rsquo;\u00e9quipe m\u00e9dicale et param\u00e9dicale d&rsquo;un commun accord avec les patients sensibles aux arts. En juin 2006, l&rsquo;\u00c9cole d&rsquo;art-th\u00e9rapie de Tours &#8211; Afratapem -, pionni\u00e8re europ\u00e9enne dans la recherche et l&rsquo;enseignement en art-th\u00e9rapie, c\u00e9l\u00e9brait ses trente ann\u00e9es d&rsquo;existence. Cet ouvrage rassemble les th\u00e8mes abord\u00e9s lors de ce congr\u00e8s anniversaire en \u00e9voquant les aspects th\u00e9oriques et pratiques ainsi que les perspectives d&rsquo;avenir de l&rsquo;art-th\u00e9rapie. L&rsquo;accent est mis sur la n\u00e9cessit\u00e9 et l&rsquo;importance de l&rsquo;\u00e9valuation en art-th\u00e9rapie afin d&rsquo;asseoir la discipline comme profession \u00e0 part enti\u00e8re et d&rsquo;offrir aux arts-th\u00e9rapeutes, en formation et en exercice, toutes les cl\u00e9s de la bonne pratique de leur &lsquo; art &lsquo;. Devant une assistance repr\u00e9sentant seize nationalit\u00e9s, des arts-th\u00e9rapeutes venus de France, de Belgique, du Portugal ou encore du Br\u00e9sil ou du B\u00e9nin exposent, confrontent leurs exp\u00e9riences et offrent au lecteur un vaste panorama de la pratique et des perspectives en art-th\u00e9rapie.(Pr\u00e9sentation de l\u2019\u00e9diteur)<\/p>\n<p>FORESTIER R.<\/p>\n<p>Elsevier Masson<\/p>\n<p>2007- 200p.-43\u20ac<\/p>\n<p>335gr<\/p>\n<p>ISBN: 978-2-84299-831-8<\/p>\n<p>Cote doc: 3-10-FOR-E<\/p>\n<span class=\"et_bloom_bottom_trigger\"><\/span>","protected":false},"excerpt":{"rendered":"<p>Les interactions entre activit\u00e9 artistique et th\u00e9rapie sont av\u00e9r\u00e9es depuis l&rsquo;Antiquit\u00e9. En ce d\u00e9but de XXIe si\u00e8cle, l&rsquo;art-th\u00e9rapie, association de l&rsquo;art et de la m\u00e9decine, tend \u00e0 s&rsquo;affirmer comme une discipline \u00e0 part enti\u00e8re.<\/p>\n","protected":false},"featured_media":2472,"comment_status":"closed","ping_status":"closed","template":"","meta":{"_et_pb_use_builder":"","_et_pb_old_content":"","_et_gb_content_width":"","spay_email":""},"class_list":["post-2471","product","type-product","status-publish","has-post-thumbnail","hentry","product_cat-livres","product_tag-art","product_tag-deficience-intellectuelle","product_tag-evaluation","product_tag-france","product_tag-handicap","product_tag-maladie","product_tag-outil-pedagogique","product_tag-retard-mental","product_tag-sensibilisation","product_tag-therapeutique","product_tag-trouble-du-comportement","product_tag-trouble-du-langage"],"jetpack_sharing_enabled":true,"jetpack_likes_enabled":true,"_links":{"self":[{"href":"https:\/\/www.parthages.be\/eboutique\/wp-json\/wp\/v2\/product\/2471","targetHints":{"allow":["GET"]}}],"collection":[{"href":"https:\/\/www.parthages.be\/eboutique\/wp-json\/wp\/v2\/product"}],"about":[{"href":"https:\/\/www.parthages.be\/eboutique\/wp-json\/wp\/v2\/types\/product"}],"replies":[{"embeddable":true,"href":"https:\/\/www.parthages.be\/eboutique\/wp-json\/wp\/v2\/comments?post=2471"}],"wp:featuredmedia":[{"embeddable":true,"href":"https:\/\/www.parthages.be\/eboutique\/wp-json\/wp\/v2\/media\/2472"}],"wp:attachment":[{"href":"https:\/\/www.parthages.be\/eboutique\/wp-json\/wp\/v2\/media?parent=2471"}],"curies":[{"name":"wp","href":"https:\/\/api.w.org\/{rel}","templated":true}]}}