{"id":2473,"date":"2022-03-25T10:53:59","date_gmt":"2022-03-25T09:53:59","guid":{"rendered":"https:\/\/www.parthages.be\/eboutique\/?post_type=product&#038;p=2473"},"modified":"2022-03-25T10:54:00","modified_gmt":"2022-03-25T09:54:00","slug":"le-jeu-vous-va-si-bien","status":"publish","type":"product","link":"https:\/\/www.parthages.be\/eboutique\/produit\/le-jeu-vous-va-si-bien\/","title":{"rendered":"Le jeu vous va si bien"},"content":{"rendered":"<p>A travers le jeu, l&rsquo;adulte s&rsquo;autorise \u00e0 donner droit de s\u00e9jour \u00e0 la part d&rsquo;enfance qu&rsquo;il a, heureusement, conserv\u00e9e au fond de lui et qui contribue fortement \u00e0 le rendre humain. Gr\u00e2ce au jeu, il continue \u00e0 grandir, \u00e0 \u00e9largir le domaine du possible, \u00e0 affirmer ses go\u00fbts, ses plaisirs, \u00e0 apprivoiser le temps libre, \u00e0 communiquer avec d&rsquo;autres, \u00e0 transmettre des valeurs, \u00e0 accepter de perdre, mais aussi se sentir capable de gagner, \u00e0 offrir, \u00e0 cr\u00e9er, \u00e0 afficher ses \u00e9motions, \u00e0 coop\u00e9rer&#8230; ! \u00a0\u00bb Jean Epstein. Ce livre est un plaidoyer pour le jeu, acte convivial et source de plaisir, voie royale de d\u00e9couverte de soi et des autres, chemin de rencontres, balade dans les diff\u00e9rentes cultures du monde. Hors des sentiers battus, Pascal Deru explore les meilleurs jeux contemporains et jeux coop\u00e9ratifs, nous invite \u00e0 en d\u00e9couvrir de nouveaux et nous donne des id\u00e9es pour savoir lesquels nous conviennent le mieux. Avec un style tr\u00e8s fin, il nous d\u00e9voile les plaisirs du jeu, comme si l&rsquo;on ouvrait des bo\u00eetes de jeux l&rsquo;une apr\u00e8s l&rsquo;autre. (Pr\u00e9sentation de l\u2019\u00e9diteur)<\/p>\n<p>DERU P.<\/p>\n<p>le Souffle d&rsquo;Or<\/p>\n<p>2006-299p.<\/p>\n<p>ISBN\u00a0: 978-2-10-051701-5<\/p>\n<p>Cote doc: 3-10-DER-J<\/p>\n<p><strong><em>Uniquement \u00e0 la location<\/em><\/strong><\/p>\n<span class=\"et_bloom_bottom_trigger\"><\/span>","protected":false},"excerpt":{"rendered":"<p>A travers le jeu, l&rsquo;adulte s&rsquo;autorise \u00e0 donner droit de s\u00e9jour \u00e0 la part d&rsquo;enfance qu&rsquo;il a, heureusement, conserv\u00e9e au fond de lui et qui contribue fortement \u00e0 le rendre humain.<\/p>\n","protected":false},"featured_media":2474,"comment_status":"closed","ping_status":"closed","template":"","meta":{"_et_pb_use_builder":"","_et_pb_old_content":"","_et_gb_content_width":"","spay_email":""},"class_list":["post-2473","product","type-product","status-publish","has-post-thumbnail","hentry","product_cat-livres","product_tag-adulte","product_tag-bien-etre","product_tag-communication","product_tag-enfant","product_tag-jeu","product_tag-outil-pedagogique","product_tag-therapeutique"],"jetpack_sharing_enabled":true,"jetpack_likes_enabled":true,"_links":{"self":[{"href":"https:\/\/www.parthages.be\/eboutique\/wp-json\/wp\/v2\/product\/2473","targetHints":{"allow":["GET"]}}],"collection":[{"href":"https:\/\/www.parthages.be\/eboutique\/wp-json\/wp\/v2\/product"}],"about":[{"href":"https:\/\/www.parthages.be\/eboutique\/wp-json\/wp\/v2\/types\/product"}],"replies":[{"embeddable":true,"href":"https:\/\/www.parthages.be\/eboutique\/wp-json\/wp\/v2\/comments?post=2473"}],"wp:featuredmedia":[{"embeddable":true,"href":"https:\/\/www.parthages.be\/eboutique\/wp-json\/wp\/v2\/media\/2474"}],"wp:attachment":[{"href":"https:\/\/www.parthages.be\/eboutique\/wp-json\/wp\/v2\/media?parent=2473"}],"curies":[{"name":"wp","href":"https:\/\/api.w.org\/{rel}","templated":true}]}}