{"id":2475,"date":"2022-03-25T10:55:40","date_gmt":"2022-03-25T09:55:40","guid":{"rendered":"https:\/\/www.parthages.be\/eboutique\/?post_type=product&#038;p=2475"},"modified":"2022-03-25T10:55:41","modified_gmt":"2022-03-25T09:55:41","slug":"le-packing-avec-les-enfants-autistes-et-psychotiques","status":"publish","type":"product","link":"https:\/\/www.parthages.be\/eboutique\/produit\/le-packing-avec-les-enfants-autistes-et-psychotiques\/","title":{"rendered":"Le packing avec les enfants autistes et psychotiques"},"content":{"rendered":"<p>Les enfants autistes et psychotiques, vous savez d\u00e9j\u00e0 sans doute de quoi il retourne ! Mais le packing, qu&rsquo;est-ce que cela peut bien \u00eatre ? Enracin\u00e9e dans les diff\u00e9rentes cultures du maternage et de l&rsquo;hydroth\u00e9rapie \u00e0 travers le monde, cette technique de soins a \u00e9t\u00e9 r\u00e9cemment revisit\u00e9e par des psychanalystes pour devenir une technique au service de la psychoth\u00e9rapie des sujets autistes ou psychotiques. Il s&rsquo;agit d&rsquo;envelopper le corps d\u00e9nud\u00e9 du patient dans des linges tremp\u00e9s dans l&rsquo;eau froide et d&rsquo;\u00eatre l\u00e0 avec lui au cours du r\u00e9chauffement, attentif \u00e0 ce que cette situation particuli\u00e8re va lui permettre d&rsquo;\u00e9voquer, de revivre. Ce qui est particulier \u00e0 cette technique par rapport \u00e0 d&rsquo;autres indications th\u00e9rapeutiques, c&rsquo;est la mise en jeu de la probl\u00e9matique du corps, de son image, de sa symbolisation. Mais comme toute technique de soin, le packing ne peut pas \u00eatre isol\u00e9 et avoir une valeur en soi. Il s&rsquo;agit de penser l&rsquo;institution singuli\u00e8re du soin dans lequel le packing peut \u00eatre utilis\u00e9. Une longue \u00e9laboration th\u00e9orique et collective au sein de l&rsquo;\u00e9quipe soignante est n\u00e9cessaire \u00e0 la mise en place des conditions minimales pour commencer et assumer un packing. Des histoires d&rsquo;enfants permettront au lecteur d&rsquo;articuler les concepts th\u00e9oriques propos\u00e9s dans cet ouvrage avec leur propre exp\u00e9rience de traitement de l&rsquo;autisme et de la psychose. (Pr\u00e9sentation de l\u2019\u00e9diteur)<\/p>\n<p>DELION P.<\/p>\n<p>Editions Er\u00e8s<\/p>\n<p>2003-130p.<\/p>\n<p>ISBN: 2-7492-0233-7<\/p>\n<p>Cote doc: 3-10-DEL-P<\/p>\n<p><strong><em>Uniquement \u00e0 la location<\/em><\/strong><\/p>\n<span class=\"et_bloom_bottom_trigger\"><\/span>","protected":false},"excerpt":{"rendered":"<p>Les enfants autistes et psychotiques, vous savez d\u00e9j\u00e0 sans doute de quoi il retourne !<\/p>\n","protected":false},"featured_media":2476,"comment_status":"closed","ping_status":"closed","template":"","meta":{"_et_pb_use_builder":"","_et_pb_old_content":"","_et_gb_content_width":"","spay_email":""},"class_list":["post-2475","product","type-product","status-publish","has-post-thumbnail","hentry","product_cat-livres","product_tag-accompagnement","product_tag-aide-psychologique","product_tag-autisme","product_tag-corps","product_tag-enfant","product_tag-france","product_tag-personne-handicapee","product_tag-psychanalyse","product_tag-psychose","product_tag-soins"],"jetpack_sharing_enabled":true,"jetpack_likes_enabled":true,"_links":{"self":[{"href":"https:\/\/www.parthages.be\/eboutique\/wp-json\/wp\/v2\/product\/2475","targetHints":{"allow":["GET"]}}],"collection":[{"href":"https:\/\/www.parthages.be\/eboutique\/wp-json\/wp\/v2\/product"}],"about":[{"href":"https:\/\/www.parthages.be\/eboutique\/wp-json\/wp\/v2\/types\/product"}],"replies":[{"embeddable":true,"href":"https:\/\/www.parthages.be\/eboutique\/wp-json\/wp\/v2\/comments?post=2475"}],"wp:featuredmedia":[{"embeddable":true,"href":"https:\/\/www.parthages.be\/eboutique\/wp-json\/wp\/v2\/media\/2476"}],"wp:attachment":[{"href":"https:\/\/www.parthages.be\/eboutique\/wp-json\/wp\/v2\/media?parent=2475"}],"curies":[{"name":"wp","href":"https:\/\/api.w.org\/{rel}","templated":true}]}}