{"id":2484,"date":"2022-04-05T14:26:25","date_gmt":"2022-04-05T12:26:25","guid":{"rendered":"https:\/\/www.parthages.be\/eboutique\/?post_type=product&#038;p=2484"},"modified":"2022-04-05T14:26:26","modified_gmt":"2022-04-05T12:26:26","slug":"lenfant-et-la-mediation-animale-une-nouvelle-approche-par-la-zootherapie","status":"publish","type":"product","link":"https:\/\/www.parthages.be\/eboutique\/produit\/lenfant-et-la-mediation-animale-une-nouvelle-approche-par-la-zootherapie\/","title":{"rendered":"L&rsquo;enfant et la m\u00e9diation animale : une nouvelle approche par la zooth\u00e9rapie"},"content":{"rendered":"<p>La zooth\u00e9rapie est utilis\u00e9e comme auxiliaire aux th\u00e9rapies conventionnelles. C&rsquo;est une technique d&rsquo;intervention faisant appel \u00e0 l&rsquo;animal, lui faisant jouer un r\u00f4le de trait d&rsquo;union entre l&rsquo;intervenant (le zooth\u00e9rapeute) et l&rsquo;individu auquel doit s&rsquo;appliquer cette th\u00e9rapie. Soutenue par la r\u00e9flexion de m\u00e9decins sur les effets m\u00e9dico-psychologiques de l&rsquo;animal de compagnie, elle intervient en appoint des th\u00e9rapies conventionnelles pour accompagner et dynamiser les personnes fragilis\u00e9es par le handicap ou la d\u00e9pendance. Le contact animal r\u00e9ussit et produit des effets, l\u00e0 o\u00f9 la relation humaine semble d\u00e9finitivement bloqu\u00e9e. Les animaux impliqu\u00e9s dans cette th\u00e9rapie doivent \u00eatre s\u00e9lectionn\u00e9s dans des normes d&rsquo;\u00e9ducation et de comportement et doivent \u00eatre suivis attentivement sur le plan sanitaire. Cet ouvrage est consacr\u00e9 \u00e0 l&rsquo;utilisation de la zooth\u00e9rapie dans la prise en charge de l&rsquo;autisme, de l&rsquo;hyperactivit\u00e9 et de la trisomie chez l&rsquo;enfant.( Pr\u00e9sentation de l\u2019\u00e9diteur)<\/p>\n<p>BEIGER F.<\/p>\n<p>Dunod<\/p>\n<p>2008-200p.-19.90\u20ac<\/p>\n<p>410gr<\/p>\n<p>ISBN\u00a0: 978-2-10-051536-3<\/p>\n<p>Cote doc\u00a0: 3-10-BEI-E<\/p>\n<span class=\"et_bloom_bottom_trigger\"><\/span>","protected":false},"excerpt":{"rendered":"<p>La zooth\u00e9rapie est utilis\u00e9e comme auxiliaire aux th\u00e9rapies conventionnelles. C&rsquo;est une technique d&rsquo;intervention faisant appel \u00e0 l&rsquo;animal, lui faisant jouer un r\u00f4le de trait d&rsquo;union entre l&rsquo;intervenant (le zooth\u00e9rapeute) et l&rsquo;individu auquel doit s&rsquo;appliquer cette th\u00e9rapie.<\/p>\n","protected":false},"featured_media":2485,"comment_status":"closed","ping_status":"closed","template":"","meta":{"_et_pb_use_builder":"","_et_pb_old_content":"","_et_gb_content_width":"","spay_email":""},"class_list":["post-2484","product","type-product","status-publish","has-post-thumbnail","hentry","product_cat-livres","product_tag-adulte","product_tag-animal","product_tag-education","product_tag-enfant-handicape","product_tag-estime-de-soi","product_tag-intervenant","product_tag-langage-non-verbal","product_tag-mediateur","product_tag-relation-affective","product_tag-relation-homme-animal","product_tag-zootherapie"],"jetpack_sharing_enabled":true,"jetpack_likes_enabled":true,"_links":{"self":[{"href":"https:\/\/www.parthages.be\/eboutique\/wp-json\/wp\/v2\/product\/2484","targetHints":{"allow":["GET"]}}],"collection":[{"href":"https:\/\/www.parthages.be\/eboutique\/wp-json\/wp\/v2\/product"}],"about":[{"href":"https:\/\/www.parthages.be\/eboutique\/wp-json\/wp\/v2\/types\/product"}],"replies":[{"embeddable":true,"href":"https:\/\/www.parthages.be\/eboutique\/wp-json\/wp\/v2\/comments?post=2484"}],"wp:featuredmedia":[{"embeddable":true,"href":"https:\/\/www.parthages.be\/eboutique\/wp-json\/wp\/v2\/media\/2485"}],"wp:attachment":[{"href":"https:\/\/www.parthages.be\/eboutique\/wp-json\/wp\/v2\/media?parent=2484"}],"curies":[{"name":"wp","href":"https:\/\/api.w.org\/{rel}","templated":true}]}}