{"id":2486,"date":"2022-04-05T14:29:41","date_gmt":"2022-04-05T12:29:41","guid":{"rendered":"https:\/\/www.parthages.be\/eboutique\/?post_type=product&#038;p=2486"},"modified":"2022-04-05T14:29:41","modified_gmt":"2022-04-05T12:29:41","slug":"animaux-au-secours-du-handicap","status":"publish","type":"product","link":"https:\/\/www.parthages.be\/eboutique\/produit\/animaux-au-secours-du-handicap\/","title":{"rendered":"Animaux au secours du handicap"},"content":{"rendered":"<p>L&rsquo;animal au secours de l&rsquo;homme handicap\u00e9, malade, etc. ou la th\u00e9rapie facilit\u00e9e par l&rsquo;animal (chien assistant, \u00e9couteur, guide ou sauveteur, singe, cheval, animaux domestiques..) tel est le th\u00e8me commun aux divers travaux de recherches m\u00e9dicales, v\u00e9t\u00e9rinaires, pharmaceutiques et scientifiques r\u00e9unis, analys\u00e9s et comment\u00e9s par l&rsquo;auteur \u00e0 l&rsquo;intention des personnes en difficult\u00e9, des professionnels des secteurs social et m\u00e9dico-social, des amoureux des animaux et des humains.(Pr\u00e9sentation de l\u2019\u00e9diteur)<\/p>\n<p>BELIN B.<\/p>\n<p>Editions L&rsquo;Harmattan<\/p>\n<p>2000-248p.-23\u20ac<\/p>\n<p>351gr<\/p>\n<p>ISBN: 2-7384-8886-2<\/p>\n<p>Cote doc: 3-10-BEL-A<\/p>\n<span class=\"et_bloom_bottom_trigger\"><\/span>","protected":false},"excerpt":{"rendered":"<p>L&rsquo;animal au secours de l&rsquo;homme handicap\u00e9, malade, etc. ou la th\u00e9rapie facilit\u00e9e par l&rsquo;animal (chien assistant, \u00e9couteur, guide ou sauveteur, singe, cheval, animaux domestiques..)<\/p>\n","protected":false},"featured_media":2487,"comment_status":"closed","ping_status":"closed","template":"","meta":{"_et_pb_use_builder":"","_et_pb_old_content":"","_et_gb_content_width":"","spay_email":""},"class_list":["post-2486","product","type-product","status-publish","has-post-thumbnail","hentry","product_cat-livres","product_tag-animal","product_tag-chien-guide","product_tag-deficience-sensorielle","product_tag-enfant","product_tag-handicap","product_tag-hippotherapie","product_tag-personne-handicapee","product_tag-relation-homme-animal","product_tag-role-social","product_tag-zootherapie"],"jetpack_sharing_enabled":true,"jetpack_likes_enabled":true,"_links":{"self":[{"href":"https:\/\/www.parthages.be\/eboutique\/wp-json\/wp\/v2\/product\/2486","targetHints":{"allow":["GET"]}}],"collection":[{"href":"https:\/\/www.parthages.be\/eboutique\/wp-json\/wp\/v2\/product"}],"about":[{"href":"https:\/\/www.parthages.be\/eboutique\/wp-json\/wp\/v2\/types\/product"}],"replies":[{"embeddable":true,"href":"https:\/\/www.parthages.be\/eboutique\/wp-json\/wp\/v2\/comments?post=2486"}],"wp:featuredmedia":[{"embeddable":true,"href":"https:\/\/www.parthages.be\/eboutique\/wp-json\/wp\/v2\/media\/2487"}],"wp:attachment":[{"href":"https:\/\/www.parthages.be\/eboutique\/wp-json\/wp\/v2\/media?parent=2486"}],"curies":[{"name":"wp","href":"https:\/\/api.w.org\/{rel}","templated":true}]}}