{"id":2493,"date":"2022-04-05T14:39:03","date_gmt":"2022-04-05T12:39:03","guid":{"rendered":"https:\/\/www.parthages.be\/eboutique\/?post_type=product&#038;p=2493"},"modified":"2022-04-05T14:39:04","modified_gmt":"2022-04-05T12:39:04","slug":"deficits-visuels-depistage-et-prise-en-charge-chez-le-jeune-enfant","status":"publish","type":"product","link":"https:\/\/www.parthages.be\/eboutique\/produit\/deficits-visuels-depistage-et-prise-en-charge-chez-le-jeune-enfant\/","title":{"rendered":"D\u00e9ficits visuels : d\u00e9pistage et prise en charge chez le jeune enfant"},"content":{"rendered":"<p>Avec plus d\u2019un enfant de 5ans sur dix concern\u00e9 en France, les d\u00e9ficits visuels constituent une pathologie courante de la p\u00e9riode infantojuv\u00e9nile. En l\u2019absence de prise en charge, ces troubles peuvent \u00eatre\u00a0 largement pr\u00e9judiciables au d\u00e9veloppement psychologique, cognitif, moteur social de l\u2019enfant. Pourtant, ils sont accessibles \u00e0 un d\u00e9pistage et la plupart d\u2019entre eux \u00e0 un traitement. (Pr\u00e9sentation de l\u2019\u00e9diteur)<\/p>\n<p>Expertise collective<\/p>\n<p>Inserm<\/p>\n<p>2002- 398p.<\/p>\n<p>ISBN\u00a0: 2-85598-805-5<\/p>\n<p>Cote doc\u00a0: 3-20-GRA-R<\/p>\n<p><strong><em>Uniquement \u00e0 la location<\/em><\/strong><\/p>\n<span class=\"et_bloom_bottom_trigger\"><\/span>","protected":false},"excerpt":{"rendered":"<p>Avec plus d\u2019un enfant de 5ans sur dix concern\u00e9 en France, les d\u00e9ficits visuels constituent une pathologie courante de la p\u00e9riode infantojuv\u00e9nile.<\/p>\n","protected":false},"featured_media":2494,"comment_status":"closed","ping_status":"closed","template":"","meta":{"_et_pb_use_builder":"","_et_pb_old_content":"","_et_gb_content_width":"","spay_email":""},"class_list":["post-2493","product","type-product","status-publish","has-post-thumbnail","hentry","product_cat-livres","product_tag-deficience-visuelle","product_tag-depistage","product_tag-diagnostic","product_tag-enfant","product_tag-france","product_tag-nourrisson","product_tag-personne-handicapee","product_tag-prevention","product_tag-prise-en-charge"],"jetpack_sharing_enabled":true,"jetpack_likes_enabled":true,"_links":{"self":[{"href":"https:\/\/www.parthages.be\/eboutique\/wp-json\/wp\/v2\/product\/2493","targetHints":{"allow":["GET"]}}],"collection":[{"href":"https:\/\/www.parthages.be\/eboutique\/wp-json\/wp\/v2\/product"}],"about":[{"href":"https:\/\/www.parthages.be\/eboutique\/wp-json\/wp\/v2\/types\/product"}],"replies":[{"embeddable":true,"href":"https:\/\/www.parthages.be\/eboutique\/wp-json\/wp\/v2\/comments?post=2493"}],"wp:featuredmedia":[{"embeddable":true,"href":"https:\/\/www.parthages.be\/eboutique\/wp-json\/wp\/v2\/media\/2494"}],"wp:attachment":[{"href":"https:\/\/www.parthages.be\/eboutique\/wp-json\/wp\/v2\/media?parent=2493"}],"curies":[{"name":"wp","href":"https:\/\/api.w.org\/{rel}","templated":true}]}}