{"id":2497,"date":"2022-04-05T14:43:39","date_gmt":"2022-04-05T12:43:39","guid":{"rendered":"https:\/\/www.parthages.be\/eboutique\/?post_type=product&#038;p=2497"},"modified":"2022-04-05T14:43:39","modified_gmt":"2022-04-05T12:43:39","slug":"aupres-de-la-personne-handicapee-une-ethique-de-la-liberte-partagee","status":"publish","type":"product","link":"https:\/\/www.parthages.be\/eboutique\/produit\/aupres-de-la-personne-handicapee-une-ethique-de-la-liberte-partagee\/","title":{"rendered":"Aupr\u00e8s de la personne handicap\u00e9e : une \u00e9thique de la libert\u00e9 partag\u00e9e"},"content":{"rendered":"<p>Elisabeth Zucman ne s&rsquo;est pas engag\u00e9e en m\u00e9decine sans avoir conscience du caract\u00e8re tr\u00e8s exceptionnel de ce \u00e0 quoi elle s&rsquo;exposait. C&rsquo;est aux limites, aux marginalit\u00e9s de l&rsquo;activit\u00e9 m\u00e9dicale qu&rsquo;elle a consacr\u00e9 son \u0153uvre professionnelle, d\u00e9veloppant une approche in\u00e9dite de la personne affect\u00e9e de d\u00e9ficiences \u00e0 la fois mentales et physiques. Ces polyhandicap\u00e9s, ainsi qu&rsquo;elle les a d\u00e9sign\u00e9s, auxquels la science m\u00e9dicale et la soci\u00e9t\u00e9 ne reconnaissaient pas m\u00eame l&rsquo;existence. Plus handicap\u00e9s que d&rsquo;autres et donc moins humains pour certains, ces parias de la soci\u00e9t\u00e9 l&rsquo;\u00e9taient aussi de la m\u00e9decine, de notre hospitalit\u00e9. Elisabeth Zucman a conquis les nouveaux espaces d&rsquo;une fraternit\u00e9 humaine vou\u00e9e aux plus faibles d&rsquo;entre nous. Au-del\u00e0 des convictions et des r\u00e9solutions, Elisabeth Zucman est une b\u00e2tisseuse. Elle multipliera les initiatives, inventant, cr\u00e9ant les plus efficaces r\u00e9seaux, concevant des dispositifs et des structures adapt\u00e9s en y associant les professionnels les plus cr\u00e9atifs et les familles. On le constate, les \u00e9volutions sont r\u00e9elles et la position, la place des personnes polyhandicap\u00e9es parmi nous est mieux reconnue et d\u00e9fendue. Cet acquis tient pour beaucoup \u00e0 la r\u00e9solution de quelques pionniers. Des personnes rares, comme Elisabeth Zucman. Ce livre nous permet \u00e0 la fois de pr\u00e9server la m\u00e9moire de ce que furent leurs engagements et de trouver l&rsquo;inspiration et la conviction pour les combats encore \u00e0 mener. (Pr\u00e9sentation de l\u2019\u00e9diteur)<\/p>\n<p>ZUCMAN E.-HIRSCH E.<\/p>\n<p>Vuibert<\/p>\n<p>2007-223p.<\/p>\n<p>ISBN: 978-2-7117-7245-2<\/p>\n<p>Cote doc: 2-60-ZUC-A<\/p>\n<p><strong><em>Uniquement \u00e0 la location<\/em><\/strong><\/p>\n<span class=\"et_bloom_bottom_trigger\"><\/span>","protected":false},"excerpt":{"rendered":"<p>Elisabeth Zucman ne s&rsquo;est pas engag\u00e9e en m\u00e9decine sans avoir conscience du caract\u00e8re tr\u00e8s exceptionnel de ce \u00e0 quoi elle s&rsquo;exposait.<\/p>\n","protected":false},"featured_media":2498,"comment_status":"closed","ping_status":"closed","template":"","meta":{"_et_pb_use_builder":"","_et_pb_old_content":"","_et_gb_content_width":"","spay_email":""},"class_list":["post-2497","product","type-product","status-publish","has-post-thumbnail","hentry","product_cat-livres","product_tag-droit","product_tag-ethique","product_tag-famille","product_tag-france","product_tag-histoire","product_tag-polyhandicap","product_tag-reconnaissance-sociale","product_tag-soins","product_tag-traitement"],"jetpack_sharing_enabled":true,"jetpack_likes_enabled":true,"_links":{"self":[{"href":"https:\/\/www.parthages.be\/eboutique\/wp-json\/wp\/v2\/product\/2497","targetHints":{"allow":["GET"]}}],"collection":[{"href":"https:\/\/www.parthages.be\/eboutique\/wp-json\/wp\/v2\/product"}],"about":[{"href":"https:\/\/www.parthages.be\/eboutique\/wp-json\/wp\/v2\/types\/product"}],"replies":[{"embeddable":true,"href":"https:\/\/www.parthages.be\/eboutique\/wp-json\/wp\/v2\/comments?post=2497"}],"wp:featuredmedia":[{"embeddable":true,"href":"https:\/\/www.parthages.be\/eboutique\/wp-json\/wp\/v2\/media\/2498"}],"wp:attachment":[{"href":"https:\/\/www.parthages.be\/eboutique\/wp-json\/wp\/v2\/media?parent=2497"}],"curies":[{"name":"wp","href":"https:\/\/api.w.org\/{rel}","templated":true}]}}