{"id":2508,"date":"2022-04-05T14:53:51","date_gmt":"2022-04-05T12:53:51","guid":{"rendered":"https:\/\/www.parthages.be\/eboutique\/?post_type=product&#038;p=2508"},"modified":"2022-04-05T14:53:52","modified_gmt":"2022-04-05T12:53:52","slug":"viens-la-mort-on-va-danser","status":"publish","type":"product","link":"https:\/\/www.parthages.be\/eboutique\/produit\/viens-la-mort-on-va-danser\/","title":{"rendered":"Viens la mort on va danser"},"content":{"rendered":"<p>Avril 1972 : un accident fait basculer dans le vide l&rsquo;existence de P. SEGAL. Il a 24 ans. Priv\u00e9 de l&rsquo;usage de ses jambes, il devient l&rsquo;homme qui marchait dans sa t\u00eate, ce qui ne l&#8217;emp\u00eache pas de parcourir le monde dans son fauteuil roulant, \u00e0 la d\u00e9couverte des autres et de lui-m\u00eame. Au-del\u00e0 de la mort avec laquelle il a tellement jou\u00e9 et qu&rsquo;il ne cesse d&rsquo;interroger, au-del\u00e0 d&rsquo;une gu\u00e9rison dont d\u00e9sormais, il n&rsquo;aurait que faire, est-ce la vie qui l&rsquo;a enfin saisi et qui l&#8217;emporte ? (Pr\u00e9sentation de l\u2019\u00e9diteur)<\/p>\n<p>SEGAL P.<\/p>\n<p>Flammarion<\/p>\n<p>1979-233 p.<\/p>\n<p>ISBN : 2-08-064176-X<\/p>\n<p>Cote doc\u00a0: 2-50-SEG-V<\/p>\n<p><strong><em>Uniquement \u00e0 la location<\/em><\/strong><\/p>\n<span class=\"et_bloom_bottom_trigger\"><\/span>","protected":false},"excerpt":{"rendered":"<p>Avril 1972 : un accident fait basculer dans le vide l&rsquo;existence de P. SEGAL.<\/p>\n","protected":false},"featured_media":2509,"comment_status":"closed","ping_status":"closed","template":"","meta":{"_et_pb_use_builder":"","_et_pb_old_content":"","_et_gb_content_width":"","spay_email":""},"class_list":["post-2508","product","type-product","status-publish","has-post-thumbnail","hentry","product_cat-livres","product_tag-deficience-physique","product_tag-handicap","product_tag-paralysie","product_tag-paraplegie","product_tag-psychologie","product_tag-temoignage","product_tag-vie-quotidienne","product_tag-voyage"],"jetpack_sharing_enabled":true,"jetpack_likes_enabled":true,"_links":{"self":[{"href":"https:\/\/www.parthages.be\/eboutique\/wp-json\/wp\/v2\/product\/2508","targetHints":{"allow":["GET"]}}],"collection":[{"href":"https:\/\/www.parthages.be\/eboutique\/wp-json\/wp\/v2\/product"}],"about":[{"href":"https:\/\/www.parthages.be\/eboutique\/wp-json\/wp\/v2\/types\/product"}],"replies":[{"embeddable":true,"href":"https:\/\/www.parthages.be\/eboutique\/wp-json\/wp\/v2\/comments?post=2508"}],"wp:featuredmedia":[{"embeddable":true,"href":"https:\/\/www.parthages.be\/eboutique\/wp-json\/wp\/v2\/media\/2509"}],"wp:attachment":[{"href":"https:\/\/www.parthages.be\/eboutique\/wp-json\/wp\/v2\/media?parent=2508"}],"curies":[{"name":"wp","href":"https:\/\/api.w.org\/{rel}","templated":true}]}}