{"id":2510,"date":"2022-04-05T14:54:33","date_gmt":"2022-04-05T12:54:33","guid":{"rendered":"https:\/\/www.parthages.be\/eboutique\/?post_type=product&#038;p=2510"},"modified":"2022-04-05T14:54:34","modified_gmt":"2022-04-05T12:54:34","slug":"lhomme-qui-marchait-dans-sa-tete","status":"publish","type":"product","link":"https:\/\/www.parthages.be\/eboutique\/produit\/lhomme-qui-marchait-dans-sa-tete\/","title":{"rendered":"L&rsquo;homme qui marchait dans sa t\u00eate"},"content":{"rendered":"<p>Vingt-quatre ans, un m\u00e8tre quatre-vingt-sept, un physique d&rsquo;athl\u00e8te&#8230; Le 6 avril 1972, le destin de Patrick Segal bascule : \u00e0 cause d&rsquo;une balle de revolver dans la colonne vert\u00e9brale, il est condamn\u00e9 \u00e0 vivre \u00e0 mi-hauteur, sur un fauteuil roulant. Un an plus tard, jour pour jour, il s&#8217;embarque pour la Chine. Paradoxalement, alors qu&rsquo;il est prisonnier de ses roues, il ne sera plus jamais immobile et d\u00e9cide de partir faire le tour du monde. Un vibrant t\u00e9moignage d&rsquo;espoir, mais aussi un formidable r\u00e9cit de voyage, insolite et color\u00e9. (Pr\u00e9sentation de l\u2019\u00e9diteur)<\/p>\n<p>SEGAL P.<\/p>\n<p>Flammarion<\/p>\n<p>1977-258 p.<\/p>\n<p>ISBN: 2-08-060938-6<\/p>\n<p>Cote doc: 2-50-SEG-H<\/p>\n<p><strong><em>Uniquement \u00e0 la location<\/em><\/strong><\/p>\n<span class=\"et_bloom_bottom_trigger\"><\/span>","protected":false},"excerpt":{"rendered":"<p>Vingt-quatre ans, un m\u00e8tre quatre-vingt-sept, un physique d&rsquo;athl\u00e8te&#8230;<\/p>\n","protected":false},"featured_media":2511,"comment_status":"closed","ping_status":"closed","template":"","meta":{"_et_pb_use_builder":"","_et_pb_old_content":"","_et_gb_content_width":"","spay_email":""},"class_list":["post-2510","product","type-product","status-publish","has-post-thumbnail","hentry","product_cat-livres","product_tag-chine","product_tag-deficience-physique","product_tag-monde","product_tag-paralysie","product_tag-paraplegie","product_tag-personne-handicapee","product_tag-psychologie","product_tag-temoignage","product_tag-vie-quotidienne","product_tag-voyage"],"jetpack_sharing_enabled":true,"jetpack_likes_enabled":true,"_links":{"self":[{"href":"https:\/\/www.parthages.be\/eboutique\/wp-json\/wp\/v2\/product\/2510","targetHints":{"allow":["GET"]}}],"collection":[{"href":"https:\/\/www.parthages.be\/eboutique\/wp-json\/wp\/v2\/product"}],"about":[{"href":"https:\/\/www.parthages.be\/eboutique\/wp-json\/wp\/v2\/types\/product"}],"replies":[{"embeddable":true,"href":"https:\/\/www.parthages.be\/eboutique\/wp-json\/wp\/v2\/comments?post=2510"}],"wp:featuredmedia":[{"embeddable":true,"href":"https:\/\/www.parthages.be\/eboutique\/wp-json\/wp\/v2\/media\/2511"}],"wp:attachment":[{"href":"https:\/\/www.parthages.be\/eboutique\/wp-json\/wp\/v2\/media?parent=2510"}],"curies":[{"name":"wp","href":"https:\/\/api.w.org\/{rel}","templated":true}]}}