{"id":2513,"date":"2022-04-15T08:33:02","date_gmt":"2022-04-15T06:33:02","guid":{"rendered":"https:\/\/www.parthages.be\/eboutique\/?post_type=product&#038;p=2513"},"modified":"2022-05-16T19:23:39","modified_gmt":"2022-05-16T17:23:39","slug":"la-traille","status":"publish","type":"product","link":"https:\/\/www.parthages.be\/eboutique\/produit\/la-traille\/","title":{"rendered":"La traille"},"content":{"rendered":"<p>Entour\u00e9e d&rsquo;un p\u00e8re fort occup\u00e9 et d&rsquo;une m\u00e8re inqui\u00e8te, B\u00e9n\u00e9dicte, qui ne peut ni parler ni marcher, r\u00eave dans son ciel d&rsquo;\u00e9toiles. Un matin, elle voit dans le parc, couch\u00e9 sur un banc, Titus. Il a touch\u00e9 le fond et noie dans la bi\u00e8re la mort de sa m\u00e8re, le ch\u00f4mage, sa vie de paum\u00e9&#8230; La petite fille au regard p\u00e9tillant parviendra-t-elle \u00e0 apprivoiser ce vieux professeur ? Et sera-t-elle suffisamment forte pour l&rsquo;aider ? Car deux brutes pr\u00eates \u00e0 tout sont \u00e0 la poursuite de Titus&#8230; La Traille c&rsquo;est une maison ouverte \u00e0 tous ceux qui, pour briser la cage de leur solitude, doivent apprendre \u00e0 s&rsquo;assumer, aller au bout de leurs possibilit\u00e9s&#8230; (Pr\u00e9sentation de l\u2019\u00e9diteur)<\/p>\n<p>&nbsp;<\/p>\n<p>BASTIA F.<\/p>\n<p>Duculot Travelling<\/p>\n<p>1981-189p<\/p>\n<p>ISBN\u00a0: 2-8011-0378-0<\/p>\n<p>Cote doc\u00a0: 11-BAS-T<\/p>\n<p><strong><em>Uniquement \u00e0 la location<\/em><\/strong><\/p>\n<span class=\"et_bloom_bottom_trigger\"><\/span>","protected":false},"excerpt":{"rendered":"<p>Entour\u00e9e d&rsquo;un p\u00e8re fort occup\u00e9 et d&rsquo;une m\u00e8re inqui\u00e8te, B\u00e9n\u00e9dicte, qui ne peut ni parler ni marcher, r\u00eave dans son ciel d&rsquo;\u00e9toiles.<\/p>\n","protected":false},"featured_media":2515,"comment_status":"closed","ping_status":"closed","template":"","meta":{"_et_pb_use_builder":"","_et_pb_old_content":"","_et_gb_content_width":"","spay_email":""},"class_list":["post-2513","product","type-product","status-publish","has-post-thumbnail","hentry","product_cat-livres","product_cat-livres-jeunesse","product_tag-accueil","product_tag-amitie","product_tag-belgique","product_tag-emigration","product_tag-exclusion","product_tag-handicap","product_tag-hebergement","product_tag-litterature","product_tag-marginalite","product_tag-personne-handicapee","product_tag-relation","product_tag-solidarite"],"jetpack_sharing_enabled":true,"jetpack_likes_enabled":true,"_links":{"self":[{"href":"https:\/\/www.parthages.be\/eboutique\/wp-json\/wp\/v2\/product\/2513","targetHints":{"allow":["GET"]}}],"collection":[{"href":"https:\/\/www.parthages.be\/eboutique\/wp-json\/wp\/v2\/product"}],"about":[{"href":"https:\/\/www.parthages.be\/eboutique\/wp-json\/wp\/v2\/types\/product"}],"replies":[{"embeddable":true,"href":"https:\/\/www.parthages.be\/eboutique\/wp-json\/wp\/v2\/comments?post=2513"}],"wp:featuredmedia":[{"embeddable":true,"href":"https:\/\/www.parthages.be\/eboutique\/wp-json\/wp\/v2\/media\/2515"}],"wp:attachment":[{"href":"https:\/\/www.parthages.be\/eboutique\/wp-json\/wp\/v2\/media?parent=2513"}],"curies":[{"name":"wp","href":"https:\/\/api.w.org\/{rel}","templated":true}]}}